{"id":3641,"date":"2024-08-08T10:00:00","date_gmt":"2024-08-08T10:00:00","guid":{"rendered":"https:\/\/rcsyd.se\/rikshoft\/?page_id=3641"},"modified":"2025-10-28T15:42:54","modified_gmt":"2025-10-28T15:42:54","slug":"ovriga-publikationer","status":"publish","type":"page","link":"https:\/\/rcsyd.se\/rikshoft\/publikationer\/ovriga-publikationer","title":{"rendered":"\u00d6vriga publikationer"},"content":{"rendered":"<h1>\u00d6vriga publikationer<\/h1>\n<h2>Rapporter<\/h2>\n<p>Riksh\u00f6ft bidrar regelbundet till olika rapporter.<br \/>\n<a href=\"https:\/\/rcsyd.se\/rikshoft\/wp-content\/uploads\/sites\/24\/2025\/10\/Rapporter-kopplade-till-Rikshoft.pdf\" target=\"_blank\" rel=\"noopener\">Klicka h\u00e4r f\u00f6r att komma till en lista \u00f6ver rapporter<\/a> (PDF-format, 91 kB).<\/p>\n<h2>Avhandlingar<\/h2>\n<p>Ta en n\u00e4rmare titt och djupdyk i information kring olika aspekter av h\u00f6ftfrakturer.<br \/>\n<a href=\"https:\/\/rcsyd.se\/rikshoft\/wp-content\/uploads\/sites\/24\/2025\/10\/Avhandlingar-kopplade-till-Rikshoft.pdf\" target=\"_blank\" rel=\"noopener\">Klicka h\u00e4r f\u00f6r att komma till en lista \u00f6ver avhandlingar<\/a> (PDF-format, 85 kB).<\/p>\n<h2>Bokkapitel<\/h2>\n<p>Riksh\u00f6ft samverkar internationellt och regelbundet till olika bokkapitel.<br \/>\n<a href=\"https:\/\/rcsyd.se\/rikshoft\/wp-content\/uploads\/sites\/24\/2025\/10\/Bokkapitel-kopplade-till-Rikshoft.pdf\" target=\"_blank\" rel=\"noopener\">Klicka h\u00e4r f\u00f6r att komma till en lista \u00f6ver bokkapitel<\/a> (PDF-format, 12 kB).<\/p>\n<h2>Studentarbeten<\/h2>\n<p>Riksh\u00f6ft samverkar med universitet i Sverige och bjuder in studenter att genomf\u00f6ra projekt med data.<br \/>\n<a href=\"https:\/\/rcsyd.se\/rikshoft\/wp-content\/uploads\/sites\/24\/2025\/10\/Studentarbeten-kopplade-till-Rikshoft.pdf\" target=\"_blank\" rel=\"noopener\">Klicka h\u00e4r f\u00f6r att komma till en lista \u00f6ver studentarbeten<\/a> (PDF-format, 58 kB).<\/p>\n","protected":false},"excerpt":{"rendered":"<p>\u00d6vriga publikationer Rapporter Riksh\u00f6ft bidrar regelbundet till olika rapporter. Klicka h\u00e4r f\u00f6r att komma till en lista \u00f6ver rapporter (PDF-format, 91 kB). Avhandlingar Ta en n\u00e4rmare titt och djupdyk i information kring olika aspekter av h\u00f6ftfrakturer. Klicka h\u00e4r f\u00f6r att komma till en lista \u00f6ver avhandlingar (PDF-format, 85 kB). Bokkapitel Riksh\u00f6ft samverkar internationellt och regelbundet&#8230; <a class=\"read-more\" href=\"https:\/\/rcsyd.se\/rikshoft\/publikationer\/ovriga-publikationer\">L\u00e4s mer<\/a><\/p>\n","protected":false},"author":3,"featured_media":0,"parent":3635,"menu_order":0,"comment_status":"closed","ping_status":"closed","template":"","meta":{"_acf_changed":false,"footnotes":""},"acf":[],"_links":{"self":[{"href":"https:\/\/rcsyd.se\/rikshoft\/wp-json\/wp\/v2\/pages\/3641"}],"collection":[{"href":"https:\/\/rcsyd.se\/rikshoft\/wp-json\/wp\/v2\/pages"}],"about":[{"href":"https:\/\/rcsyd.se\/rikshoft\/wp-json\/wp\/v2\/types\/page"}],"author":[{"embeddable":true,"href":"https:\/\/rcsyd.se\/rikshoft\/wp-json\/wp\/v2\/users\/3"}],"replies":[{"embeddable":true,"href":"https:\/\/rcsyd.se\/rikshoft\/wp-json\/wp\/v2\/comments?post=3641"}],"version-history":[{"count":4,"href":"https:\/\/rcsyd.se\/rikshoft\/wp-json\/wp\/v2\/pages\/3641\/revisions"}],"predecessor-version":[{"id":3978,"href":"https:\/\/rcsyd.se\/rikshoft\/wp-json\/wp\/v2\/pages\/3641\/revisions\/3978"}],"up":[{"embeddable":true,"href":"https:\/\/rcsyd.se\/rikshoft\/wp-json\/wp\/v2\/pages\/3635"}],"wp:attachment":[{"href":"https:\/\/rcsyd.se\/rikshoft\/wp-json\/wp\/v2\/media?parent=3641"}],"curies":[{"name":"wp","href":"https:\/\/api.w.org\/{rel}","templated":true}]}}