{"id":3635,"date":"2024-08-08T10:43:13","date_gmt":"2024-08-08T10:43:13","guid":{"rendered":"https:\/\/rcsyd.se\/rikshoft\/?page_id=3635"},"modified":"2025-10-23T13:12:27","modified_gmt":"2025-10-23T13:12:27","slug":"publikationer","status":"publish","type":"page","link":"https:\/\/rcsyd.se\/rikshoft\/publikationer","title":{"rendered":"Publikationer"},"content":{"rendered":"<h1>Publikationer<\/h1>\n<p>Via menyn till v\u00e4nster kan du hitta olika typer av publikationer som Riksh\u00f6ft (<span class=\"name\">Nationellt kvalitetsregister f\u00f6r h\u00f6ftfraktur<\/span>) f\u00f6rfattat eller deltagit i.<\/p>\n","protected":false},"excerpt":{"rendered":"<p>Publikationer Via menyn till v\u00e4nster kan du hitta olika typer av publikationer som Riksh\u00f6ft (Nationellt kvalitetsregister f\u00f6r h\u00f6ftfraktur) f\u00f6rfattat eller deltagit i.<\/p>\n","protected":false},"author":3,"featured_media":0,"parent":0,"menu_order":0,"comment_status":"closed","ping_status":"closed","template":"","meta":{"_acf_changed":false,"footnotes":""},"acf":[],"_links":{"self":[{"href":"https:\/\/rcsyd.se\/rikshoft\/wp-json\/wp\/v2\/pages\/3635"}],"collection":[{"href":"https:\/\/rcsyd.se\/rikshoft\/wp-json\/wp\/v2\/pages"}],"about":[{"href":"https:\/\/rcsyd.se\/rikshoft\/wp-json\/wp\/v2\/types\/page"}],"author":[{"embeddable":true,"href":"https:\/\/rcsyd.se\/rikshoft\/wp-json\/wp\/v2\/users\/3"}],"replies":[{"embeddable":true,"href":"https:\/\/rcsyd.se\/rikshoft\/wp-json\/wp\/v2\/comments?post=3635"}],"version-history":[{"count":2,"href":"https:\/\/rcsyd.se\/rikshoft\/wp-json\/wp\/v2\/pages\/3635\/revisions"}],"predecessor-version":[{"id":3937,"href":"https:\/\/rcsyd.se\/rikshoft\/wp-json\/wp\/v2\/pages\/3635\/revisions\/3937"}],"wp:attachment":[{"href":"https:\/\/rcsyd.se\/rikshoft\/wp-json\/wp\/v2\/media?parent=3635"}],"curies":[{"name":"wp","href":"https:\/\/api.w.org\/{rel}","templated":true}]}}