{"id":2707,"date":"2024-08-13T08:31:25","date_gmt":"2024-08-13T08:31:25","guid":{"rendered":"https:\/\/rcsyd.se\/rikshoft\/?page_id=2707"},"modified":"2026-03-09T15:30:05","modified_gmt":"2026-03-09T15:30:05","slug":"bakgrund-och-syfte","status":"publish","type":"page","link":"https:\/\/rcsyd.se\/rikshoft\/om-rikshoft\/bakgrund-och-syfte","title":{"rendered":"Bakgrund och syfte"},"content":{"rendered":"<h1>Bakgrund och syfte<\/h1>\n<h2>Bakgrund<\/h2>\n<p>Riksh\u00f6ft (<span class=\"name\">Nationellt kvalitetsregister f\u00f6r h\u00f6ftfraktur<\/span>) grundades 1988 och \u00e4r d\u00e4rmed ett av de \u00e4ldsta svenska nationella kvalitetsregistren. Registret har i m\u00e5nga \u00e5r tillh\u00f6rt den h\u00f6gsta certifieringsniv\u00e5n f\u00f6r kvalitetsregister i Sverige. I Riksh\u00f6ft registreras data om patienten, behandlingen, funktionsutfallet och rehabiliteringsresultatet.<\/p>\n<h2>Syfte<\/h2>\n<p>Registreringen av h\u00f6ftfrakturpatienter syftar till att redovisa resultatm\u00e5tt f\u00f6r att j\u00e4mf\u00f6ra och skapa en j\u00e4mn och h\u00f6g v\u00e5rdkvalitet i landet. Riksh\u00f6fts-registreringen utg\u00f6r \u00e4ven bas f\u00f6r lokal verksamhetsutveckling vid olika sjukhus. Patienterna har en medel\u00e5lder strax \u00f6ver 80 \u00e5r och har ofta andra sjukdomar, vilket g\u00f6r att det s\u00e5v\u00e4l inom ortopedin som genom hela v\u00e5rdkedjan erfordras stora resurser f\u00f6r b\u00e5de sjukv\u00e5rd och kommunal omsorg.<\/p>\n<p>Riksh\u00f6ft str\u00e4var efter att f\u00f6lja utvecklingen av v\u00e5rden i Sverige f\u00f6r att g\u00f6ra j\u00e4mf\u00f6relser mellan olika regioner, utv\u00e4rdera behandlingsmetoder, vara ett st\u00f6d i att f\u00f6rb\u00e4ttra v\u00e5rdens inneh\u00e5ll och kvalitet och sprida kunskap.\u200b<\/p>\n<p>Riksh\u00f6ft beh\u00f6vs f\u00f6r att belysa situationen f\u00f6r en \u00e4ldre och sk\u00f6r patientgrupp och hj\u00e4lpa till att skapa en j\u00e4mn och h\u00f6g v\u00e5rdkvalitet i Sverige. Genom den \u00f6kande m\u00e4ngden \u00e4ldre i samh\u00e4llet \u00f6kar m\u00e4ngden h\u00f6ftfrakturpatienter, vilket g\u00f6r Riksh\u00f6fts uppdrag centralt i dagens v\u00e5rd. Det \u00e4r ett komplext v\u00e5rdfl\u00f6de och efterv\u00e5rd som beh\u00f6ver utv\u00e4rderas f\u00f6r h\u00f6ftfrakturpatienter. Ett n\u00e4ra samarbete mellan sjukhusv\u00e5rd, prim\u00e4rv\u00e5rd och kommunal omv\u00e5rdnad utg\u00f6r basen f\u00f6r snabbare hemskrivning av dessa h\u00f6ftfrakturpatienter, vilka traditionellt har haft l\u00e5nga v\u00e5rdkedjor med rehabilitering via institutionsv\u00e5rd och konvalescenthem. Riksh\u00f6fts-registreringen omfattar s\u00e5ledes en vanlig och kostsam sjukdomsgrupp med stor samh\u00e4lls- och v\u00e5rdekonomisk betydelse.<\/p>\n","protected":false},"excerpt":{"rendered":"<p>Bakgrund och syfte Bakgrund Riksh\u00f6ft (Nationellt kvalitetsregister f\u00f6r h\u00f6ftfraktur) grundades 1988 och \u00e4r d\u00e4rmed ett av de \u00e4ldsta svenska nationella kvalitetsregistren. Registret har i m\u00e5nga \u00e5r tillh\u00f6rt den h\u00f6gsta certifieringsniv\u00e5n f\u00f6r kvalitetsregister i Sverige. I Riksh\u00f6ft registreras data om patienten, behandlingen, funktionsutfallet och rehabiliteringsresultatet. Syfte Registreringen av h\u00f6ftfrakturpatienter syftar till att redovisa resultatm\u00e5tt f\u00f6r att&#8230; <a class=\"read-more\" href=\"https:\/\/rcsyd.se\/rikshoft\/om-rikshoft\/bakgrund-och-syfte\">L\u00e4s mer<\/a><\/p>\n","protected":false},"author":3,"featured_media":0,"parent":3654,"menu_order":0,"comment_status":"closed","ping_status":"closed","template":"","meta":{"_acf_changed":false,"footnotes":""},"acf":[],"_links":{"self":[{"href":"https:\/\/rcsyd.se\/rikshoft\/wp-json\/wp\/v2\/pages\/2707"}],"collection":[{"href":"https:\/\/rcsyd.se\/rikshoft\/wp-json\/wp\/v2\/pages"}],"about":[{"href":"https:\/\/rcsyd.se\/rikshoft\/wp-json\/wp\/v2\/types\/page"}],"author":[{"embeddable":true,"href":"https:\/\/rcsyd.se\/rikshoft\/wp-json\/wp\/v2\/users\/3"}],"replies":[{"embeddable":true,"href":"https:\/\/rcsyd.se\/rikshoft\/wp-json\/wp\/v2\/comments?post=2707"}],"version-history":[{"count":13,"href":"https:\/\/rcsyd.se\/rikshoft\/wp-json\/wp\/v2\/pages\/2707\/revisions"}],"predecessor-version":[{"id":3939,"href":"https:\/\/rcsyd.se\/rikshoft\/wp-json\/wp\/v2\/pages\/2707\/revisions\/3939"}],"up":[{"embeddable":true,"href":"https:\/\/rcsyd.se\/rikshoft\/wp-json\/wp\/v2\/pages\/3654"}],"wp:attachment":[{"href":"https:\/\/rcsyd.se\/rikshoft\/wp-json\/wp\/v2\/media?parent=2707"}],"curies":[{"name":"wp","href":"https:\/\/api.w.org\/{rel}","templated":true}]}}