{"id":777,"date":"2018-05-08T11:00:56","date_gmt":"2018-05-08T11:00:56","guid":{"rendered":"https:\/\/rcsyd.se\/pecare\/?page_id=777"},"modified":"2020-09-14T13:33:34","modified_gmt":"2020-09-14T13:33:34","slug":"framtida-projekt","status":"publish","type":"page","link":"https:\/\/rcsyd.se\/pecare\/resultat\/framtida-projekt","title":{"rendered":"Framtida projekt"},"content":{"rendered":"<h1>Framtida projekt<\/h1>\n<h2>Behandlingsresultat d\u00e5 \u00e4ven andra \u00f6gonmissbildningar finns<\/h2>\n<p>Vad blir synresultatet vid mikroftalmi (litet \u00f6ga), PFV (Persistent fetal vasculature\/kvarvarande strukturer fr\u00e5n fostertiden) med flera?<\/p>\n<h2>Efterstarr som operationskomplikation<\/h2>\n<p>Hur f\u00f6rhindrar vi uppkomsten och vad karakt\u00e4riserar de patienter som drabbas?<\/p>\n<h2>Ensidiga katarakter<\/h2>\n<p>Hur kan synresultatet f\u00f6rb\u00e4ttras och vad \u00e4r typiskt f\u00f6r de drabbade patienterna?<\/p>\n<h2>Glaukom som operationskomplikation<\/h2>\n<p>Vilka patienter drabbas och hur f\u00f6rhindras uppkomsten?<b>\u00a0<\/b><\/p>\n<h2>Hur anv\u00e4nds tiden mellan diagnos av \u00f6gonl\u00e4kare och operation?<\/h2>\n<p>F\u00f6rekommer oavsiktlig f\u00f6rdr\u00f6jning och nyttjas tiden p\u00e5 b\u00e4sta s\u00e4tt?<\/p>\n<h2><b><\/b>Intraokul\u00e4r lins respektive ingen lins (afaki)<\/h2>\n<p>Vilka patienter \u00e4r b\u00e4st hj\u00e4lpta av att man avst\u00e5r respektive ej avst\u00e5r fr\u00e5n att operera in en linsprotes och hur blir behandlingsutfallet?<\/p>\n<h2>Optimal tidpunkt f\u00f6r operation<\/h2>\n<p>Hur blir synresultatet f\u00f6r de som opererats i tid och vilka grupper ska man avst\u00e5 fr\u00e5n att operera?<\/p>\n<h2>Sent opererade katarakter<\/h2>\n<p>Hur g\u00e5r det f\u00f6r de patienter som inte kommit till operation i tillr\u00e4ckligt god tid och hur g\u00e5r det f\u00f6r de som b\u00f6r opereras sent?<\/p>\n<h2>Tillv\u00e4xt av \u00f6gongloben<\/h2>\n<p>Hur sker tillv\u00e4xten av ett opererat \u00f6ga och hur kan man anv\u00e4nda dessa uppgifter f\u00f6r att optimera linsstyrkeber\u00e4kning samt f\u00e5nga upp operationskomplikationer?<\/p>\n<h2>Uveit<\/h2>\n<p>Hur behandlar vi b\u00e4st barn som drabbats av inflammation i \u00f6gat och ocks\u00e5 beh\u00f6ver gr\u00e5 starr-operation?<\/p>\n","protected":false},"excerpt":{"rendered":"<p>Framtida projekt Behandlingsresultat d\u00e5 \u00e4ven andra \u00f6gonmissbildningar finns Vad blir synresultatet vid mikroftalmi (litet \u00f6ga), PFV (Persistent fetal vasculature\/kvarvarande strukturer fr\u00e5n fostertiden) med flera? Efterstarr som operationskomplikation Hur f\u00f6rhindrar vi uppkomsten och vad karakt\u00e4riserar de patienter som drabbas? Ensidiga katarakter Hur kan synresultatet f\u00f6rb\u00e4ttras och vad \u00e4r typiskt f\u00f6r de drabbade patienterna? Glaukom som operationskomplikation&#8230; <a class=\"read-more\" href=\"https:\/\/rcsyd.se\/pecare\/resultat\/framtida-projekt\">L\u00e4s mer<\/a><\/p>\n","protected":false},"author":3,"featured_media":0,"parent":552,"menu_order":0,"comment_status":"closed","ping_status":"closed","template":"","meta":{"_acf_changed":false,"footnotes":""},"acf":[],"_links":{"self":[{"href":"https:\/\/rcsyd.se\/pecare\/wp-json\/wp\/v2\/pages\/777"}],"collection":[{"href":"https:\/\/rcsyd.se\/pecare\/wp-json\/wp\/v2\/pages"}],"about":[{"href":"https:\/\/rcsyd.se\/pecare\/wp-json\/wp\/v2\/types\/page"}],"author":[{"embeddable":true,"href":"https:\/\/rcsyd.se\/pecare\/wp-json\/wp\/v2\/users\/3"}],"replies":[{"embeddable":true,"href":"https:\/\/rcsyd.se\/pecare\/wp-json\/wp\/v2\/comments?post=777"}],"version-history":[{"count":8,"href":"https:\/\/rcsyd.se\/pecare\/wp-json\/wp\/v2\/pages\/777\/revisions"}],"predecessor-version":[{"id":1450,"href":"https:\/\/rcsyd.se\/pecare\/wp-json\/wp\/v2\/pages\/777\/revisions\/1450"}],"up":[{"embeddable":true,"href":"https:\/\/rcsyd.se\/pecare\/wp-json\/wp\/v2\/pages\/552"}],"wp:attachment":[{"href":"https:\/\/rcsyd.se\/pecare\/wp-json\/wp\/v2\/media?parent=777"}],"curies":[{"name":"wp","href":"https:\/\/api.w.org\/{rel}","templated":true}]}}