{"id":775,"date":"2018-05-08T11:01:50","date_gmt":"2018-05-08T11:01:50","guid":{"rendered":"https:\/\/rcsyd.se\/pecare\/?page_id=775"},"modified":"2024-02-22T12:53:26","modified_gmt":"2024-02-22T12:53:26","slug":"pagaende-projekt","status":"publish","type":"page","link":"https:\/\/rcsyd.se\/pecare\/resultat\/pagaende-projekt","title":{"rendered":"P\u00e5g\u00e5ende projekt"},"content":{"rendered":"<h1>P\u00e5g\u00e5ende projekt<\/h1>\n<h2>Hittas barnkatarakterna tillr\u00e4ckligt tidigt?<\/h2>\n<p>I Sverige har vi unders\u00f6kt \u00f6gonen p\u00e5 alla nyf\u00f6dda p\u00e5 f\u00f6rlossningsavdelningen i n\u00e4stan 20 \u00e5rs tid. Det g\u00f6r vi f\u00f6r att hitta sjukdomar som beh\u00f6ver behandlas mycket tidigt som till exempel medf\u00f6dd gr\u00e5 starr (katarakt). Kunskapen om denna \u00f6gonunders\u00f6knings effektivitet \u00e4r dock begr\u00e4nsad. Med detta i \u00e5tanke har vi byggt registret p\u00e5 ett s\u00e4tt som g\u00f6r att vi kan besvara fr\u00e5gorna kring var, n\u00e4r och hur sjukdomen uppt\u00e4ckts. Dessa fr\u00e5gor arbetade vi med under 2011 och svaren publicerades i en artikel i L\u00e4kartidningen 2012 samt senare \u00e4ven i den vetenskapliga tidskriften Acta Paediatrica. Vad vi kom fram till var att \u00f6gonunders\u00f6kning av nyf\u00f6dda utf\u00f6rs i mycket stor utstr\u00e4ckning i Sverige (90 % av alla nyf\u00f6dda unders\u00f6ks) och att de allra flesta av de barn som b\u00f6r opereras tidigt uppt\u00e4cks p\u00e5 f\u00f6rlossningsavdelningen. Slutsatsen blev att det \u00e4r meningsfullt att forts\u00e4tta p\u00e5 inslagen bana och unders\u00f6ka \u00f6gonen p\u00e5 alla nyf\u00f6dda.<\/p>\n<p>Utbildning i \u00f6gonscreeningteknik beh\u00f6vs f\u00f6r l\u00e4kare p\u00e5 f\u00f6rlossningsavdelningen och barnav\u00e5rdscentralen. En undervisningsfilm om hur man utf\u00f6r unders\u00f6kningen har lagts ut p\u00e5 internet i samarbete med Link\u00f6pings Universitet. Detta gjordes i samband med publicering av artikeln\u00a0<em>\u00d6gonscreening p\u00e5 BB \u00e4r effektiv<\/em> (L\u00e4kartidningen 2012) som bygger p\u00e5 data fr\u00e5n delregistret PECARE (The Pediatric Cataract Register).<br \/>\n<a href=\"https:\/\/rcsyd.se\/pecare\/lankar\">Klicka h\u00e4r f\u00f6r att komma till filmen som finns i s\u00e5v\u00e4l svensk som engelsk version<\/a>.<\/p>\n<h2>F\u00f6rb\u00e4ttrad kommunikation med familjerna<\/h2>\n<p>F\u00f6r b\u00e4sta behandling kr\u00e4vs stor medverkan fr\u00e5n f\u00f6r\u00e4ldrarna som ger \u00f6gondroppar, lappbehandlar och hj\u00e4lper till med kontaktlinser och glas\u00f6gon f\u00f6r att synen ska utvecklas normalt. Ett projekt om hur vi f\u00f6rb\u00e4ttrar information till familjer med barnkatarakt har genomf\u00f6rts. Detta \u00e4r en enk\u00e4tunders\u00f6kning d\u00e4r ber\u00f6rda f\u00f6r\u00e4ldrar ur registret och \u00f6gonl\u00e4kare runt om i landet har svarat p\u00e5 fr\u00e5gor som handlar om hur familjerna f\u00e5tt information och hur de \u00f6nskat f\u00e5 respektive ge information. Det framkom tydligt att b\u00e5de familjer och l\u00e4kare ville att l\u00e4ttf\u00f6rst\u00e5elig information skulle finnas p\u00e5 internet f\u00f6r att kunna printa ut materialet och ocks\u00e5 ge i handen vid bes\u00f6k. Det visade sig ocks\u00e5 finnas ett s\u00e4rskilt stort behov av skriftlig information hos f\u00f6r\u00e4ldrar med barn som f\u00e5tt diagnosen f\u00f6re tre m\u00e5naders \u00e5lder.<\/p>\n<h2>ANDRA SAMEXISTERANDE SJUKDOMAR<\/h2>\n<p>Vissa barn har ut\u00f6ver katarakten \u00e4ven andra sjukdomar som kan sp\u00e5ras via gentest. Man kan screena alla barn som beh\u00f6ver opereras, men nyttan med denna screening beh\u00f6ver studeras.<\/p>\n","protected":false},"excerpt":{"rendered":"<p>P\u00e5g\u00e5ende projekt Hittas barnkatarakterna tillr\u00e4ckligt tidigt? I Sverige har vi unders\u00f6kt \u00f6gonen p\u00e5 alla nyf\u00f6dda p\u00e5 f\u00f6rlossningsavdelningen i n\u00e4stan 20 \u00e5rs tid. Det g\u00f6r vi f\u00f6r att hitta sjukdomar som beh\u00f6ver behandlas mycket tidigt som till exempel medf\u00f6dd gr\u00e5 starr (katarakt). Kunskapen om denna \u00f6gonunders\u00f6knings effektivitet \u00e4r dock begr\u00e4nsad. Med detta i \u00e5tanke har vi&#8230; <a class=\"read-more\" href=\"https:\/\/rcsyd.se\/pecare\/resultat\/pagaende-projekt\">L\u00e4s mer<\/a><\/p>\n","protected":false},"author":3,"featured_media":0,"parent":552,"menu_order":0,"comment_status":"closed","ping_status":"closed","template":"","meta":{"_acf_changed":false,"footnotes":""},"acf":[],"_links":{"self":[{"href":"https:\/\/rcsyd.se\/pecare\/wp-json\/wp\/v2\/pages\/775"}],"collection":[{"href":"https:\/\/rcsyd.se\/pecare\/wp-json\/wp\/v2\/pages"}],"about":[{"href":"https:\/\/rcsyd.se\/pecare\/wp-json\/wp\/v2\/types\/page"}],"author":[{"embeddable":true,"href":"https:\/\/rcsyd.se\/pecare\/wp-json\/wp\/v2\/users\/3"}],"replies":[{"embeddable":true,"href":"https:\/\/rcsyd.se\/pecare\/wp-json\/wp\/v2\/comments?post=775"}],"version-history":[{"count":14,"href":"https:\/\/rcsyd.se\/pecare\/wp-json\/wp\/v2\/pages\/775\/revisions"}],"predecessor-version":[{"id":1817,"href":"https:\/\/rcsyd.se\/pecare\/wp-json\/wp\/v2\/pages\/775\/revisions\/1817"}],"up":[{"embeddable":true,"href":"https:\/\/rcsyd.se\/pecare\/wp-json\/wp\/v2\/pages\/552"}],"wp:attachment":[{"href":"https:\/\/rcsyd.se\/pecare\/wp-json\/wp\/v2\/media?parent=775"}],"curies":[{"name":"wp","href":"https:\/\/api.w.org\/{rel}","templated":true}]}}