{"id":773,"date":"2018-05-08T11:02:52","date_gmt":"2018-05-08T11:02:52","guid":{"rendered":"https:\/\/rcsyd.se\/pecare\/?page_id=773"},"modified":"2022-12-01T19:42:47","modified_gmt":"2022-12-01T19:42:47","slug":"publikationer","status":"publish","type":"page","link":"https:\/\/rcsyd.se\/pecare\/resultat\/publikationer","title":{"rendered":"Publikationer"},"content":{"rendered":"<h1>Publikationer<\/h1>\n<p>Wackerberg D, Nystr\u00f6m A, Haargaard B, Rosensv\u00e4rd A, Tornqvist K, Borg L, Kugelberg M, Gyll\u00e9n J, Magnusson G.<br \/>\nAnalysis of age at detection and outcomes of dense unilateral congenital cataract surgery for children on the paediatric cataract register.<br \/>\nActa Paediatr 2022 Nov 11.<\/p>\n<p>Gyllen J, Haargaard B, Tornqvist K, Nystr\u00f6m A, Ud\u00e9n D, Magnusson G, Forsberg A.<br \/>\nPECARE: Parental Feedback to Improve Congenital Cataract Care in Sweden.<br \/>\nJ Pediatr Ophthalmol Strabismus 2022 Sep 14:1-7.<\/p>\n<p>Gyll\u00e9n J, Magnusson G, Forsberg A.<br \/>\nParents\u2019 reported experiences when having a child with cataract \u2013 important aspects of self-management obtained from the Pediatric Cataract Register (PECARE). Int J Environ Res Public Health. 2020 Aug 31;17(17):6329. doi: 10.3390\/ijerph17176329.<\/p>\n<p>Nystr\u00f6mA, Haargaard B, Rosensv\u00e4rd A, Tornqvist K , MagnussonG.<br \/>\nThe Swedish National Pediatric Cataract Register (PECARE): incidence and onset of postoperative glaucoma. Acta Ophthalmol. 2020 Nov;98(7):654-661.<br \/>\ndoi: 10.1111\/aos.14414. Epub 2020 Apr 9.<\/p>\n<p>Gyll\u00e8n J, Magnusson G, Forsberg A.<br \/>\nUncertainty and self-efficacy in parents of a child with congenital cataract \u2013 new implications for clinical practice. Nurs Open. 2019 Apr 2;6(3):799-807.<\/p>\n<p>Gyll\u00e9n J, Magnusson G, Forsberg A.<br \/>\nThe Core of Parents\u2019 Main Concerns When Having a Child With Cataract and Its Clinical Implications. J Pediatr Nurs. 2019 Jan-Feb;44:e45-e51.<\/p>\n<p>Magnusson G, Haargaard B, Basit S, Lundvall A, Nystr\u00f6m A, Rosensv\u00e4rd A, Tornqvist K.<br \/>\nThe Pediatric Cataract Register (PECARE): An overview of operated childhood cataract in Sweden and Denmark. Acta Ophthalmol 2018:96(1):51-55.<\/p>\n<p>Gyll\u00e8n J, Magnusson G, Forsberg A.<br \/>\nThe core of parent\u00b4s main concerns when having a child with cataract and its clinical implications. J Pediatr Nurs. Jan-Feb 2019;44:e45-e51. doi: 10.1016\/j.pedn.2018.10.017.<br \/>\nEpub 2018 Nov 8.<\/p>\n<p>Gyll\u00e9n J, Rosenberg A, Rydstr\u00f6m F, Nystr\u00f6m A, Forsberg A, Magnusson G.<br \/>\nImportant sources of information on self-management for families of children with pediatric cataracts. Journal of Ophthalmic Practice 2015 Vol 6(1): 182-188.<\/p>\n<p>Birgitte Haargaard, Alf Nystr\u00f6m, Annika Rosensv\u00e4rd, Kristina Tornqvist, Gunilla Magnusson:<br \/>\nThe Pediatric Cataract Register (PECARE): analysis of age at detection of congenital cataract.<br \/>\nActa Ophthalmol. 2015 Feb;93(1):24-6.<\/p>\n<p>Magnusson G. Eye screening in maternity wards. Evaluation demonstrates efficacy<br \/>\nof routine screening on newborns. Ophthalmology Times Europe Volume 9 Number 4, Date: May 2013.<\/p>\n<p>Magnusson G, Bizjajeva S, Haargaard B, Lundstr\u00f6m M, Nystr\u00f6m A, Tornqvist K.<br \/>\nCongenital cataract screening in maternity wards is effective: evaluation of the<br \/>\nPaediatric Cataract Register of Sweden. Acta Paediatr. 2013:102(3):263-7.<\/p>\n<p>Magnusson G, Bizjajeva S, Haargaard B, Lundstr\u00f6m M, Nystr\u00f6m A, Tornqvist K.<br \/>\n\u00d6gonscreening p\u00e5 BB \u00e4r effektiv. Dags f\u00f6r tydligare svenska riktlinjer visar<br \/>\nprospektiv registerstudie. L\u00e4kartidningen 2012;109:694-7.<\/p>\n<p>Ud\u00e9n D, Nystr\u00f6mA, Haargaard B , Rosensv\u00e4rd A , Tornqvist K, Magnusson G.<br \/>\nThe Swedish National Pediatric Cataract Register (PECARE): Visual outcome following surgery for dense unilateral cataract 2007-2014.<\/p>\n<p>Tornqvist K, Scurei C, Nystr\u00f6mA, Haargaard B , Rosensv\u00e4rd A , Magnusson G.<br \/>\nThe Swedish National Pediatric Cataract Register (PECARE): Visual axis opacification- incidence, onset and risk factors.<br \/>\nManus under f\u00e4rdigst\u00e4llande.<\/p>\n<p>Nystr\u00f6mA, Haargaard B, Rosensv\u00e4rd A, Tornqvist K , Magnusson G.<br \/>\nThe Swedish national paediatric cataract register (PECARE); Risk factors associated with post-operative glaucoma 2007-2020.<br \/>\nManus under f\u00e4rdigst\u00e4llande.<\/p>\n<p>Ud\u00e9n D, Nystr\u00f6mA, Haargaard B , Rosensv\u00e4rd A , Tornqvist K, Magnusson G.<br \/>\nThe Swedish National Pediatric Cataract Register (PECARE): Postoperative complications following surgery for dense unilateral cataract 2007-2014.<br \/>\nManus under f\u00e4rdigst\u00e4llande.<\/p>\n","protected":false},"excerpt":{"rendered":"<p>Publikationer Wackerberg D, Nystr\u00f6m A, Haargaard B, Rosensv\u00e4rd A, Tornqvist K, Borg L, Kugelberg M, Gyll\u00e9n J, Magnusson G. Analysis of age at detection and outcomes of dense unilateral congenital cataract surgery for children on the paediatric cataract register. Acta Paediatr 2022 Nov 11. Gyllen J, Haargaard B, Tornqvist K, Nystr\u00f6m A, Ud\u00e9n D, Magnusson&#8230; <a class=\"read-more\" href=\"https:\/\/rcsyd.se\/pecare\/resultat\/publikationer\">L\u00e4s mer<\/a><\/p>\n","protected":false},"author":3,"featured_media":0,"parent":552,"menu_order":0,"comment_status":"closed","ping_status":"closed","template":"","meta":{"_acf_changed":false,"footnotes":""},"acf":[],"_links":{"self":[{"href":"https:\/\/rcsyd.se\/pecare\/wp-json\/wp\/v2\/pages\/773"}],"collection":[{"href":"https:\/\/rcsyd.se\/pecare\/wp-json\/wp\/v2\/pages"}],"about":[{"href":"https:\/\/rcsyd.se\/pecare\/wp-json\/wp\/v2\/types\/page"}],"author":[{"embeddable":true,"href":"https:\/\/rcsyd.se\/pecare\/wp-json\/wp\/v2\/users\/3"}],"replies":[{"embeddable":true,"href":"https:\/\/rcsyd.se\/pecare\/wp-json\/wp\/v2\/comments?post=773"}],"version-history":[{"count":11,"href":"https:\/\/rcsyd.se\/pecare\/wp-json\/wp\/v2\/pages\/773\/revisions"}],"predecessor-version":[{"id":1644,"href":"https:\/\/rcsyd.se\/pecare\/wp-json\/wp\/v2\/pages\/773\/revisions\/1644"}],"up":[{"embeddable":true,"href":"https:\/\/rcsyd.se\/pecare\/wp-json\/wp\/v2\/pages\/552"}],"wp:attachment":[{"href":"https:\/\/rcsyd.se\/pecare\/wp-json\/wp\/v2\/media?parent=773"}],"curies":[{"name":"wp","href":"https:\/\/api.w.org\/{rel}","templated":true}]}}