{"id":766,"date":"2018-05-08T11:00:19","date_gmt":"2018-05-08T11:00:19","guid":{"rendered":"https:\/\/rcsyd.se\/pecare\/?page_id=766"},"modified":"2024-01-17T09:29:22","modified_gmt":"2024-01-17T09:29:22","slug":"anvandarmoten","status":"publish","type":"page","link":"https:\/\/rcsyd.se\/pecare\/vardpersonal\/anvandarmoten","title":{"rendered":"Anv\u00e4ndarm\u00f6ten"},"content":{"rendered":"<h2 class=\"entry-title\">1 000 BARN-JUBILEUM 2023<\/h2>\n<p><strong>Tid:<\/strong>\u00a07 december 2023 klockan 10.00\u201316.00.<\/p>\n<p><strong>Plats:<\/strong>\u00a0L\u00e4kares\u00e4llskapets hus, Klara \u00d6stra kyrkogata 10, Stockholm.<\/p>\n<p><strong>Program:<br \/>\n<\/strong><a href=\"https:\/\/rcsyd.se\/pecare\/wp-content\/uploads\/sites\/8\/2023\/05\/Program.pdf\" target=\"_blank\" rel=\"noopener\">Klicka h\u00e4r f\u00f6r att<\/a><a href=\"https:\/\/rcsyd.se\/pecare\/wp-content\/uploads\/sites\/8\/2023\/05\/Program.pdf\" target=\"_blank\" rel=\"noopener\">\u00a0ladd<\/a><a href=\"https:\/\/rcsyd.se\/pecare\/wp-content\/uploads\/sites\/8\/2023\/05\/Program.pdf\" target=\"_blank\" rel=\"noopener\">a<\/a><a href=\"https:\/\/rcsyd.se\/pecare\/wp-content\/uploads\/sites\/8\/2023\/05\/Program.pdf\" target=\"_blank\" rel=\"noopener\">\u00a0ned program<\/a><strong><br \/>\n<\/strong><\/p>\n<p>&nbsp;<\/p>\n<p>&nbsp;<\/p>\n","protected":false},"excerpt":{"rendered":"<p>1 000 BARN-JUBILEUM 2023 Tid:\u00a07 december 2023 klockan 10.00\u201316.00. Plats:\u00a0L\u00e4kares\u00e4llskapets hus, Klara \u00d6stra kyrkogata 10, Stockholm. Program: Klicka h\u00e4r f\u00f6r att\u00a0ladda\u00a0ned program &nbsp; &nbsp;<\/p>\n","protected":false},"author":3,"featured_media":0,"parent":550,"menu_order":0,"comment_status":"closed","ping_status":"closed","template":"","meta":{"_acf_changed":false,"footnotes":""},"acf":[],"_links":{"self":[{"href":"https:\/\/rcsyd.se\/pecare\/wp-json\/wp\/v2\/pages\/766"}],"collection":[{"href":"https:\/\/rcsyd.se\/pecare\/wp-json\/wp\/v2\/pages"}],"about":[{"href":"https:\/\/rcsyd.se\/pecare\/wp-json\/wp\/v2\/types\/page"}],"author":[{"embeddable":true,"href":"https:\/\/rcsyd.se\/pecare\/wp-json\/wp\/v2\/users\/3"}],"replies":[{"embeddable":true,"href":"https:\/\/rcsyd.se\/pecare\/wp-json\/wp\/v2\/comments?post=766"}],"version-history":[{"count":10,"href":"https:\/\/rcsyd.se\/pecare\/wp-json\/wp\/v2\/pages\/766\/revisions"}],"predecessor-version":[{"id":1775,"href":"https:\/\/rcsyd.se\/pecare\/wp-json\/wp\/v2\/pages\/766\/revisions\/1775"}],"up":[{"embeddable":true,"href":"https:\/\/rcsyd.se\/pecare\/wp-json\/wp\/v2\/pages\/550"}],"wp:attachment":[{"href":"https:\/\/rcsyd.se\/pecare\/wp-json\/wp\/v2\/media?parent=766"}],"curies":[{"name":"wp","href":"https:\/\/api.w.org\/{rel}","templated":true}]}}