{"id":761,"date":"2018-05-08T11:01:57","date_gmt":"2018-05-08T11:01:57","guid":{"rendered":"https:\/\/rcsyd.se\/pecare\/?page_id=761"},"modified":"2024-02-28T14:19:07","modified_gmt":"2024-02-28T14:19:07","slug":"formular-och-manualer","status":"publish","type":"page","link":"https:\/\/rcsyd.se\/pecare\/vardpersonal\/formular-och-manualer","title":{"rendered":"Formul\u00e4r och manualer"},"content":{"rendered":"<h1>Formul\u00e4r och manualer<\/h1>\n<p><a href=\"https:\/\/rcsyd.se\/pecare\/vardpersonal\/formular-och-manualer\/attachment\/manual-barnkataraktregistret-2024\" target=\"_blank\" rel=\"attachment noopener wp-att-1786\">Manual f\u00f6r registrering i delregistret PECARE (The Pediatric Cataract Register) (PDF-format, 2,1 MB)<\/a><\/p>\n<p><a href=\"https:\/\/rcsyd.se\/pecare\/vardpersonal\/formular-och-manualer\/attachment\/operationsformular-2024\" target=\"_blank\" rel=\"attachment noopener wp-att-1787\">Operationsformul\u00e4r (PDF-format, 191 kB)<\/a><\/p>\n<p><a href=\"https:\/\/rcsyd.se\/pecare\/wp-content\/uploads\/sites\/8\/2023\/10\/Uppfoljningsformular-2023.pdf\" target=\"_blank\" rel=\"noopener\">Uppf\u00f6ljningsformul\u00e4r (PDF-format, 239 kB)<\/a><\/p>\n","protected":false},"excerpt":{"rendered":"<p>Formul\u00e4r och manualer Manual f\u00f6r registrering i delregistret PECARE (The Pediatric Cataract Register) (PDF-format, 2,1 MB) Operationsformul\u00e4r (PDF-format, 191 kB) Uppf\u00f6ljningsformul\u00e4r (PDF-format, 239 kB)<\/p>\n","protected":false},"author":3,"featured_media":0,"parent":550,"menu_order":0,"comment_status":"closed","ping_status":"closed","template":"","meta":{"_acf_changed":false,"footnotes":""},"acf":[],"_links":{"self":[{"href":"https:\/\/rcsyd.se\/pecare\/wp-json\/wp\/v2\/pages\/761"}],"collection":[{"href":"https:\/\/rcsyd.se\/pecare\/wp-json\/wp\/v2\/pages"}],"about":[{"href":"https:\/\/rcsyd.se\/pecare\/wp-json\/wp\/v2\/types\/page"}],"author":[{"embeddable":true,"href":"https:\/\/rcsyd.se\/pecare\/wp-json\/wp\/v2\/users\/3"}],"replies":[{"embeddable":true,"href":"https:\/\/rcsyd.se\/pecare\/wp-json\/wp\/v2\/comments?post=761"}],"version-history":[{"count":28,"href":"https:\/\/rcsyd.se\/pecare\/wp-json\/wp\/v2\/pages\/761\/revisions"}],"predecessor-version":[{"id":1830,"href":"https:\/\/rcsyd.se\/pecare\/wp-json\/wp\/v2\/pages\/761\/revisions\/1830"}],"up":[{"embeddable":true,"href":"https:\/\/rcsyd.se\/pecare\/wp-json\/wp\/v2\/pages\/550"}],"wp:attachment":[{"href":"https:\/\/rcsyd.se\/pecare\/wp-json\/wp\/v2\/media?parent=761"}],"curies":[{"name":"wp","href":"https:\/\/api.w.org\/{rel}","templated":true}]}}