{"id":736,"date":"2018-05-03T09:01:44","date_gmt":"2018-05-03T09:01:44","guid":{"rendered":"https:\/\/rcsyd.se\/pecare\/?page_id=736"},"modified":"2025-02-27T10:09:54","modified_gmt":"2025-02-27T10:09:54","slug":"arbetsgrupp","status":"publish","type":"page","link":"https:\/\/rcsyd.se\/pecare\/om-delregistret-pecare\/arbetsgrupp","title":{"rendered":"Arbetsgrupp barnkatarakt"},"content":{"rendered":"<h1>Arbetsgrupp barnkatarakt<\/h1>\n<figure id=\"attachment_1782\" aria-describedby=\"caption-attachment-1782\" style=\"width: 606px\" class=\"wp-caption alignleft\"><a href=\"https:\/\/rcsyd.se\/pecare\/om-barnkataraktregistret-pecare\/styrgrupp\/attachment\/arbetsgrupp-pecare-3\"><img loading=\"lazy\" decoding=\"async\" class=\"wp-image-1782\" src=\"https:\/\/rcsyd.se\/pecare\/wp-content\/uploads\/sites\/8\/2024\/01\/Arbetsgrupp-PECARE-2.jpg\" alt=\"\" width=\"606\" height=\"808\" srcset=\"https:\/\/rcsyd.se\/pecare\/wp-content\/uploads\/sites\/8\/2024\/01\/Arbetsgrupp-PECARE-2.jpg 750w, https:\/\/rcsyd.se\/pecare\/wp-content\/uploads\/sites\/8\/2024\/01\/Arbetsgrupp-PECARE-2-225x300.jpg 225w\" sizes=\"(max-width: 606px) 100vw, 606px\" \/><\/a><figcaption id=\"caption-attachment-1782\" class=\"wp-caption-text\">Fr\u00e4mre raden fr\u00e5n v\u00e4nster: Ulrika Kjellstr\u00f6m, Jenny Gyll\u00e9n, Gunilla Magnusson, Birgitte Haargaard. Mellersta raden fr\u00e5n v\u00e4nster: Arzu Karatepe Hashas , Kristina Tornqvist. Bakre raden fr\u00e5n v\u00e4nster: Anna Linnarsson Wiklund, Andreas Lindstr\u00f6m (Registercentrum Syd), Alf Nystr\u00f6m, Eric Trocm\u00e9.<\/figcaption><\/figure>\n<h2>Ansvarig f\u00f6r arbetsgrupp barnkatarakt<\/h2>\n<p><strong>Gunilla Magnusson<br \/>\n<\/strong>Sahlgrenska Universitetssjukhuset, G\u00f6teborg<br \/>\n<a href=\"mailto:gunilla.magnusson@vgregion.se\">gunilla.magnusson@vgregion.se<\/a><\/p>\n<h2>Medlemmar i arbetsgrupp barnkatarakt<\/h2>\n<p><strong>Alf Nystr\u00f6m<br \/>\n<\/strong>Sahlgrenska Universitetssjukhuset, G\u00f6teborg<br \/>\n<a href=\"mailto:alf.nystrom@vgregion.se\">alf.nystrom@vgregion.se<\/a><\/p>\n<p><strong>Anna Linnarsson Wiklund<br \/>\n<\/strong>S:t Eriks \u00d6gonsjukhus, Stockholm<br \/>\n<a href=\"mailto:anna.linnarsson-wiklund@regionstockholm.se\">anna.linnarsson-wiklund@regionstockholm.se<\/a><\/p>\n<p><strong>Arzu Karatepe Hashas<br \/>\n<\/strong>Sahlgrenska Universitetssjukhuset, G\u00f6teborg<strong><br \/>\n<\/strong><a href=\"mailto:arzu.karatepe.hashas@vgregion.se\">arzu.karatepe.hashas@vgregion.se<\/a><strong><br \/>\n<\/strong><\/p>\n<p><strong>Eric Trocm\u00e9<br \/>\n<\/strong>S:t Eriks \u00d6gonsjukhus, Stockholm<strong><br \/>\n<\/strong><a href=\"mailto:eric.trocme@regionstockholm.se\">eric.trocme@regionstockholm.se<\/a><strong><br \/>\n<\/strong><\/p>\n<p><strong>Jenny Gyll\u00e9n<\/strong><br \/>\nSahlgrenska Universitetssjukhuset, G\u00f6teborg<br \/>\n<a href=\"https:\/\/rcsyd.se\/pecare\/jenny.gyllen@vgregion.se\">jenny.gyllen@vgregion.se<\/a><\/p>\n<p><strong>Kristina Tornqvist<br \/>\n<\/strong>Helsingborgs lasarett, Helsingborg<br \/>\n<a href=\"mailto:kristina.tornqvist@skane.se\">kristina.tornqvist@skane.se<\/a><\/p>\n<p><strong>Ulrika Kjellstr\u00f6m<br \/>\n<\/strong>Sk\u00e5nes Universitetssjukhus, Lund<br \/>\n<a href=\"mailto:ulrika.kjellstrom@skane.se\">ulrika.kjellstrom@skane.se<\/a><\/p>\n<p><strong>Birgitte Haargaard<br \/>\n<\/strong>Danmark (adjungerad)<\/p>\n<h3>Patientf\u00f6retr\u00e4dare<\/h3>\n<p><strong>Kim Scharafinski<\/strong><br \/>\n<a href=\"mailto:rcsyd@regionblekinge.se\">rcsyd@regionblekinge.se<\/a><\/p>\n","protected":false},"excerpt":{"rendered":"<p>Arbetsgrupp barnkatarakt Ansvarig f\u00f6r arbetsgrupp barnkatarakt Gunilla Magnusson Sahlgrenska Universitetssjukhuset, G\u00f6teborg gunilla.magnusson@vgregion.se Medlemmar i arbetsgrupp barnkatarakt Alf Nystr\u00f6m Sahlgrenska Universitetssjukhuset, G\u00f6teborg alf.nystrom@vgregion.se Anna Linnarsson Wiklund S:t Eriks \u00d6gonsjukhus, Stockholm anna.linnarsson-wiklund@regionstockholm.se Arzu Karatepe Hashas Sahlgrenska Universitetssjukhuset, G\u00f6teborg arzu.karatepe.hashas@vgregion.se Eric Trocm\u00e9 S:t Eriks \u00d6gonsjukhus, Stockholm eric.trocme@regionstockholm.se Jenny Gyll\u00e9n Sahlgrenska Universitetssjukhuset, G\u00f6teborg jenny.gyllen@vgregion.se Kristina Tornqvist Helsingborgs lasarett, Helsingborg&#8230; <a class=\"read-more\" href=\"https:\/\/rcsyd.se\/pecare\/om-delregistret-pecare\/arbetsgrupp\">L\u00e4s mer<\/a><\/p>\n","protected":false},"author":3,"featured_media":0,"parent":537,"menu_order":0,"comment_status":"closed","ping_status":"closed","template":"","meta":{"_acf_changed":false,"footnotes":""},"acf":[],"_links":{"self":[{"href":"https:\/\/rcsyd.se\/pecare\/wp-json\/wp\/v2\/pages\/736"}],"collection":[{"href":"https:\/\/rcsyd.se\/pecare\/wp-json\/wp\/v2\/pages"}],"about":[{"href":"https:\/\/rcsyd.se\/pecare\/wp-json\/wp\/v2\/types\/page"}],"author":[{"embeddable":true,"href":"https:\/\/rcsyd.se\/pecare\/wp-json\/wp\/v2\/users\/3"}],"replies":[{"embeddable":true,"href":"https:\/\/rcsyd.se\/pecare\/wp-json\/wp\/v2\/comments?post=736"}],"version-history":[{"count":30,"href":"https:\/\/rcsyd.se\/pecare\/wp-json\/wp\/v2\/pages\/736\/revisions"}],"predecessor-version":[{"id":1870,"href":"https:\/\/rcsyd.se\/pecare\/wp-json\/wp\/v2\/pages\/736\/revisions\/1870"}],"up":[{"embeddable":true,"href":"https:\/\/rcsyd.se\/pecare\/wp-json\/wp\/v2\/pages\/537"}],"wp:attachment":[{"href":"https:\/\/rcsyd.se\/pecare\/wp-json\/wp\/v2\/media?parent=736"}],"curies":[{"name":"wp","href":"https:\/\/api.w.org\/{rel}","templated":true}]}}