{"id":550,"date":"2015-09-07T11:55:22","date_gmt":"2015-09-07T11:55:22","guid":{"rendered":"https:\/\/rcsyd.se\/pecare\/?page_id=550"},"modified":"2022-11-25T15:03:19","modified_gmt":"2022-11-25T15:03:19","slug":"vardpersonal","status":"publish","type":"page","link":"https:\/\/rcsyd.se\/pecare\/vardpersonal","title":{"rendered":"V\u00e5rdpersonal"},"content":{"rendered":"<h1>V\u00e5rdpersonal<\/h1>\n<p>I menyn till v\u00e4nster finns informationssidor f\u00f6r dig som jobbar inom v\u00e5rden och \u00e4r registerengagerad.<\/p>\n<p>&nbsp;<\/p>\n","protected":false},"excerpt":{"rendered":"<p>V\u00e5rdpersonal I menyn till v\u00e4nster finns informationssidor f\u00f6r dig som jobbar inom v\u00e5rden och \u00e4r registerengagerad. &nbsp;<\/p>\n","protected":false},"author":3,"featured_media":0,"parent":0,"menu_order":0,"comment_status":"closed","ping_status":"closed","template":"","meta":{"_acf_changed":false,"footnotes":""},"acf":[],"_links":{"self":[{"href":"https:\/\/rcsyd.se\/pecare\/wp-json\/wp\/v2\/pages\/550"}],"collection":[{"href":"https:\/\/rcsyd.se\/pecare\/wp-json\/wp\/v2\/pages"}],"about":[{"href":"https:\/\/rcsyd.se\/pecare\/wp-json\/wp\/v2\/types\/page"}],"author":[{"embeddable":true,"href":"https:\/\/rcsyd.se\/pecare\/wp-json\/wp\/v2\/users\/3"}],"replies":[{"embeddable":true,"href":"https:\/\/rcsyd.se\/pecare\/wp-json\/wp\/v2\/comments?post=550"}],"version-history":[{"count":10,"href":"https:\/\/rcsyd.se\/pecare\/wp-json\/wp\/v2\/pages\/550\/revisions"}],"predecessor-version":[{"id":1630,"href":"https:\/\/rcsyd.se\/pecare\/wp-json\/wp\/v2\/pages\/550\/revisions\/1630"}],"wp:attachment":[{"href":"https:\/\/rcsyd.se\/pecare\/wp-json\/wp\/v2\/media?parent=550"}],"curies":[{"name":"wp","href":"https:\/\/api.w.org\/{rel}","templated":true}]}}