{"id":537,"date":"2015-09-07T11:46:19","date_gmt":"2015-09-07T11:46:19","guid":{"rendered":"https:\/\/rcsyd.se\/pecare\/?page_id=537"},"modified":"2026-04-15T12:30:01","modified_gmt":"2026-04-15T12:30:01","slug":"om-delregistret-pecare","status":"publish","type":"page","link":"https:\/\/rcsyd.se\/pecare\/om-delregistret-pecare","title":{"rendered":"Om delregistret PECARE"},"content":{"rendered":"<h1><strong>Om delregistret PECARE<\/strong><\/h1>\n<p>I Sverige finns ett kvalitetsregister f\u00f6r \u00f6gonsjukdomen katarakt (linsgrumling eller s\u00e5 kallad gr\u00e5 starr). Registret heter Nationella Kataraktregistret. Inom Nationella Kataraktregistret finns ett webbaserat delregister som fokuserar helt p\u00e5 katarakt hos barn i \u00e5ldersintervallet 0\u20138 \u00e5r. Delregistret heter PECARE (The Pediatric Cataract Register).<\/p>\n<p>Det f\u00f6ds cirka 40 barn varje \u00e5r i Sverige med katarakt. Katarakt hos barn har en annan typ av problematik \u00e4n den vuxna formen. Hos vuxna \u00e4r m\u00e5let att f\u00e5 tillbaka en tidigare synfunktion medan behandlingen hos barn har som m\u00e5l att barnet ska f\u00e5 en synfunktion \u00f6verhuvudtaget.<\/p>\n<h2>Behandling<\/h2>\n<p>F\u00f6r att kunna behandla barnkatarakt och utveckla synbanorna m\u00e5ste synen stimuleras tidigt. Behandlingen b\u00f6rjar med att en operation g\u00f6rs under de f\u00f6rsta levnadsm\u00e5naderna. I de allvarligaste fallen kan operation beh\u00f6vas f\u00f6re 6\u20138 veckors \u00e5lder. Obehandlad eller f\u00f6r sent uppt\u00e4ckt katarakt kan leda till blindhet. Det kr\u00e4vs allts\u00e5 att katarakten uppt\u00e4ckts redan p\u00e5 f\u00f6rlossningsavdelningen eller barnav\u00e5rdscentralen.<\/p>\n<p>Ju tidigare man opererar desto st\u00f6rre chans har allts\u00e5 barnet till en normal utveckling av synen. Men det \u00e4r inte helt riskfritt med att operera ett \u00f6ga s\u00e5 tidigt. Att operera ett \u00f6ga i s\u00e5 sp\u00e4d \u00e5lder \u00f6kar risken f\u00f6r operationskomplikationer. Med anledning av detta diskuteras st\u00e4ndigt den exakta tidpunkten f\u00f6r operation och vilken operationsmetod som \u00e4r den b\u00e4sta.<\/p>\n<p>Hittills har unik information om screeningstrategier f\u00f6r sp\u00e4dbarn erh\u00e5llits och v\u00e5r f\u00f6rhoppning \u00e4r att vi i framtiden ska kunna f\u00f6rb\u00e4ttra v\u00e5rden i samarbete med andra nationer, s\u00e5som redan p\u00e5b\u00f6rjats inom norden.<\/p>\n","protected":false},"excerpt":{"rendered":"<p>Om delregistret PECARE I Sverige finns ett kvalitetsregister f\u00f6r \u00f6gonsjukdomen katarakt (linsgrumling eller s\u00e5 kallad gr\u00e5 starr). Registret heter Nationella Kataraktregistret. Inom Nationella Kataraktregistret finns ett webbaserat delregister som fokuserar helt p\u00e5 katarakt hos barn i \u00e5ldersintervallet 0\u20138 \u00e5r. Delregistret heter PECARE (The Pediatric Cataract Register). Det f\u00f6ds cirka 40 barn varje \u00e5r i Sverige&#8230; <a class=\"read-more\" href=\"https:\/\/rcsyd.se\/pecare\/om-delregistret-pecare\">L\u00e4s mer<\/a><\/p>\n","protected":false},"author":3,"featured_media":0,"parent":0,"menu_order":0,"comment_status":"closed","ping_status":"closed","template":"","meta":{"_acf_changed":false,"footnotes":""},"acf":[],"_links":{"self":[{"href":"https:\/\/rcsyd.se\/pecare\/wp-json\/wp\/v2\/pages\/537"}],"collection":[{"href":"https:\/\/rcsyd.se\/pecare\/wp-json\/wp\/v2\/pages"}],"about":[{"href":"https:\/\/rcsyd.se\/pecare\/wp-json\/wp\/v2\/types\/page"}],"author":[{"embeddable":true,"href":"https:\/\/rcsyd.se\/pecare\/wp-json\/wp\/v2\/users\/3"}],"replies":[{"embeddable":true,"href":"https:\/\/rcsyd.se\/pecare\/wp-json\/wp\/v2\/comments?post=537"}],"version-history":[{"count":22,"href":"https:\/\/rcsyd.se\/pecare\/wp-json\/wp\/v2\/pages\/537\/revisions"}],"predecessor-version":[{"id":1732,"href":"https:\/\/rcsyd.se\/pecare\/wp-json\/wp\/v2\/pages\/537\/revisions\/1732"}],"wp:attachment":[{"href":"https:\/\/rcsyd.se\/pecare\/wp-json\/wp\/v2\/media?parent=537"}],"curies":[{"name":"wp","href":"https:\/\/api.w.org\/{rel}","templated":true}]}}