{"id":1740,"date":"2023-10-25T12:06:15","date_gmt":"2023-10-25T12:06:15","guid":{"rendered":"https:\/\/rcsyd.se\/pecare\/?page_id=1740"},"modified":"2025-03-25T14:12:18","modified_gmt":"2025-03-25T14:12:18","slug":"aktuell-statistik","status":"publish","type":"page","link":"https:\/\/rcsyd.se\/pecare\/aktuell-statistik","title":{"rendered":"Aktuell statistik"},"content":{"rendered":"<h1>Aktuell statistik<\/h1>\n<p>P\u00e5 denna sida presenteras statistik fr\u00e5n delregistret f\u00f6r barnkatarakt, PECARE (The Pediatric Cataract Register).<\/p>\n<p><script type=\"text\/javascript\" src=\"https:\/\/dataanalys.rcsyd.se\/frameworks\/jquery-1.5.1.min.js\"><\/script>\r\n<script>function loadChartHTML(target,link,w,h,params){$(\"#\"+target).load(link+\"?w=\"+w+\"&h=\"+h+params);}<\/script>\r\n<script type=\"text\/javascript\" src=\"https:\/\/dataanalys.rcsyd.se\/frameworks\/jquery.table2excel.min.js\"><\/script>\r\n<script type=\"text\/javascript\" src=\"https:\/\/dataanalys.rcsyd.se\/frameworks\/Chart.min.js?v=2117\"><\/script>\r\n<script type=\"text\/javascript\" src=\"https:\/\/dataanalys.rcsyd.se\/frameworks\/jspdf.min.js\"><\/script>\r\n<script type=\"text\/javascript\" src=\"https:\/\/dataanalys.rcsyd.se\/frameworks\/jquery.sparkline.min.js\"><\/script><\/p>\n<p><div id=\"ackumulerat\"><b>H\u00e4mtar data - <a href=\"https:\/\/dataanalys.rcsyd.se\/main\/analysis\/pecare\/apps\/ackumulerat\/?w=880&h=325&js=1\">Antal registrerade operationer per \u00e5r och ackumulerat<\/a><\/b><\/div>\r\n<script>$(document).ready(function(){loadChartHTML(\"ackumulerat\",\"https:\/\/dataanalys.rcsyd.se\/main\/analysis\/pecare\/apps\/ackumulerat\/\",800,300,\"\");});<\/script><\/p>\n<p><div id=\"agegroup\"><b>H\u00e4mtar data - <a href=\"https:\/\/dataanalys.rcsyd.se\/main\/analysis\/pecare\/apps\/agegroup\/?w=880&h=325&js=1\">Antal operationer per \u00e5ldersgrupp 2007-2022<\/a><\/b><\/div>\r\n<script>$(document).ready(function(){loadChartHTML(\"agegroup\",\"https:\/\/dataanalys.rcsyd.se\/main\/analysis\/pecare\/apps\/agegroup\/\",800,300,\"\");});<\/script><\/p>\n<p><div id=\"bymonth\"><b>H\u00e4mtar data - <a href=\"https:\/\/dataanalys.rcsyd.se\/main\/analysis\/pecare\/apps\/bymonth\/?w=880&h=325&js=1\">Antal utf\u00f6rda operationer per m\u00e5nad<\/a><\/b><\/div>\r\n<script>$(document).ready(function(){loadChartHTML(\"bymonth\",\"https:\/\/dataanalys.rcsyd.se\/main\/analysis\/pecare\/apps\/bymonth\/\",800,300,\"\");});<\/script><\/p>\n<p><div id=\"gender\"><b>H\u00e4mtar data - <a href=\"https:\/\/dataanalys.rcsyd.se\/main\/analysis\/pecare\/apps\/gender\/?w=880&h=325&js=1\">F\u00f6rdelning \u00f6ver k\u00f6n per \u00e5r<\/a><\/b><\/div>\r\n<script>$(document).ready(function(){loadChartHTML(\"gender\",\"https:\/\/dataanalys.rcsyd.se\/main\/analysis\/pecare\/apps\/gender\/\",800,300,\"\");});<\/script>\r\n<\/p>\n<p><div id=\"totpat\"><b>H\u00e4mtar data - <a href=\"https:\/\/dataanalys.rcsyd.se\/main\/analysis\/pecare\/apps\/totpat\/?w=880&h=325&js=1\">Totalt antal registrerade patienter i registret per klinik<\/a><\/b><\/div>\r\n<script>$(document).ready(function(){loadChartHTML(\"totpat\",\"https:\/\/dataanalys.rcsyd.se\/main\/analysis\/pecare\/apps\/totpat\/\",800,300,\"\");});<\/script>\r\n <\/p>\n<p><script type=\"text\/javascript\" src=\"https:\/\/rcsyd.se\/pecare\/wp-includes\/js\/jquery\/jquery.min.js?ver=3.7.1\"><\/script><\/p>\n<p>&nbsp;<\/p>\n<p>&nbsp;<\/p>\n","protected":false},"excerpt":{"rendered":"<p>Aktuell statistik P\u00e5 denna sida presenteras statistik fr\u00e5n delregistret f\u00f6r barnkatarakt, PECARE (The Pediatric Cataract Register). H\u00e4mtar data &#8211; Antal registrerade operationer per \u00e5r och ackumulerat H\u00e4mtar data &#8211; Antal operationer per \u00e5ldersgrupp 2007-2022 H\u00e4mtar data &#8211; Antal utf\u00f6rda operationer per m\u00e5nad H\u00e4mtar data &#8211; F\u00f6rdelning \u00f6ver k\u00f6n per \u00e5r H\u00e4mtar data &#8211; Totalt antal&#8230; <a class=\"read-more\" href=\"https:\/\/rcsyd.se\/pecare\/aktuell-statistik\">L\u00e4s mer<\/a><\/p>\n","protected":false},"author":3,"featured_media":0,"parent":0,"menu_order":0,"comment_status":"closed","ping_status":"closed","template":"","meta":{"_acf_changed":false,"footnotes":""},"acf":[],"_links":{"self":[{"href":"https:\/\/rcsyd.se\/pecare\/wp-json\/wp\/v2\/pages\/1740"}],"collection":[{"href":"https:\/\/rcsyd.se\/pecare\/wp-json\/wp\/v2\/pages"}],"about":[{"href":"https:\/\/rcsyd.se\/pecare\/wp-json\/wp\/v2\/types\/page"}],"author":[{"embeddable":true,"href":"https:\/\/rcsyd.se\/pecare\/wp-json\/wp\/v2\/users\/3"}],"replies":[{"embeddable":true,"href":"https:\/\/rcsyd.se\/pecare\/wp-json\/wp\/v2\/comments?post=1740"}],"version-history":[{"count":14,"href":"https:\/\/rcsyd.se\/pecare\/wp-json\/wp\/v2\/pages\/1740\/revisions"}],"predecessor-version":[{"id":1900,"href":"https:\/\/rcsyd.se\/pecare\/wp-json\/wp\/v2\/pages\/1740\/revisions\/1900"}],"wp:attachment":[{"href":"https:\/\/rcsyd.se\/pecare\/wp-json\/wp\/v2\/media?parent=1740"}],"curies":[{"name":"wp","href":"https:\/\/api.w.org\/{rel}","templated":true}]}}