{"id":1729,"date":"2023-06-14T11:54:50","date_gmt":"2023-06-14T11:54:50","guid":{"rendered":"https:\/\/rcsyd.se\/pecare\/?page_id=1729"},"modified":"2024-02-22T12:02:56","modified_gmt":"2024-02-22T12:02:56","slug":"bakgrund-och-syfte","status":"publish","type":"page","link":"https:\/\/rcsyd.se\/pecare\/om-delregistret-pecare\/bakgrund-och-syfte","title":{"rendered":"Bakgrund och syfte"},"content":{"rendered":"<h1>Bakgrund och syfte<\/h1>\n<p>Inom Nationella Kataraktregistret finns det webbaserade delregistret PECARE (The Pediatric Cataract Register) som fokuserar helt p\u00e5 barnkatarakt. Delregistret inkluderar barn i \u00e5ldersintervallet 0\u20138 \u00e5r. Det f\u00f6ds cirka 40 barn varje \u00e5r i Sverige med katarakt (linsgrumling eller s\u00e5 kallad gr\u00e5 starr). Delregistret \u00e4r nationellt helt\u00e4ckande med uppf\u00f6ljningsdata registrerade vid 1, 2, 5 och 10 \u00e5rs \u00e5lder.<\/p>\n<p>Syftet med PECARE \u00e4r att optimera screeningstrategier och bidra till effektivare behandling av barnkatarakt. M\u00e5let \u00e4r att utg\u00f6ra en nationell bas f\u00f6r kvalitetss\u00e4kring i Sverige och andra deltagande nationer samt att definiera och analysera ov\u00e4ntade behandlingsutfall.<\/p>\n<p>Hittills har unik information om screeningstrategier f\u00f6r sp\u00e4dbarn erh\u00e5llits och v\u00e5r f\u00f6rhoppning \u00e4r att vi i framtiden ska kunna f\u00f6rb\u00e4ttra v\u00e5rden i samarbete med andra nationer, s\u00e5som redan p\u00e5b\u00f6rjats inom norden.<\/p>\n","protected":false},"excerpt":{"rendered":"<p>Bakgrund och syfte Inom Nationella Kataraktregistret finns det webbaserade delregistret PECARE (The Pediatric Cataract Register) som fokuserar helt p\u00e5 barnkatarakt. Delregistret inkluderar barn i \u00e5ldersintervallet 0\u20138 \u00e5r. Det f\u00f6ds cirka 40 barn varje \u00e5r i Sverige med katarakt (linsgrumling eller s\u00e5 kallad gr\u00e5 starr). Delregistret \u00e4r nationellt helt\u00e4ckande med uppf\u00f6ljningsdata registrerade vid 1, 2, 5&#8230; <a class=\"read-more\" href=\"https:\/\/rcsyd.se\/pecare\/om-delregistret-pecare\/bakgrund-och-syfte\">L\u00e4s mer<\/a><\/p>\n","protected":false},"author":3,"featured_media":0,"parent":537,"menu_order":0,"comment_status":"closed","ping_status":"closed","template":"","meta":{"_acf_changed":false,"footnotes":""},"acf":[],"_links":{"self":[{"href":"https:\/\/rcsyd.se\/pecare\/wp-json\/wp\/v2\/pages\/1729"}],"collection":[{"href":"https:\/\/rcsyd.se\/pecare\/wp-json\/wp\/v2\/pages"}],"about":[{"href":"https:\/\/rcsyd.se\/pecare\/wp-json\/wp\/v2\/types\/page"}],"author":[{"embeddable":true,"href":"https:\/\/rcsyd.se\/pecare\/wp-json\/wp\/v2\/users\/3"}],"replies":[{"embeddable":true,"href":"https:\/\/rcsyd.se\/pecare\/wp-json\/wp\/v2\/comments?post=1729"}],"version-history":[{"count":4,"href":"https:\/\/rcsyd.se\/pecare\/wp-json\/wp\/v2\/pages\/1729\/revisions"}],"predecessor-version":[{"id":1806,"href":"https:\/\/rcsyd.se\/pecare\/wp-json\/wp\/v2\/pages\/1729\/revisions\/1806"}],"up":[{"embeddable":true,"href":"https:\/\/rcsyd.se\/pecare\/wp-json\/wp\/v2\/pages\/537"}],"wp:attachment":[{"href":"https:\/\/rcsyd.se\/pecare\/wp-json\/wp\/v2\/media?parent=1729"}],"curies":[{"name":"wp","href":"https:\/\/api.w.org\/{rel}","templated":true}]}}