{"id":1324,"date":"2019-01-24T15:15:48","date_gmt":"2019-01-24T15:15:48","guid":{"rendered":"https:\/\/rcsyd.se\/pecare\/?page_id=1324"},"modified":"2020-08-26T11:24:39","modified_gmt":"2020-08-26T11:24:39","slug":"malvas-berattelse","status":"publish","type":"page","link":"https:\/\/rcsyd.se\/pecare\/patientinformation\/information-och-stod-fran-patientforetradare\/malvas-berattelse","title":{"rendered":"Malvas ber\u00e4ttelse"},"content":{"rendered":"<h1>Malvas ber\u00e4ttelse<\/h1>\n<p>Att f\u00e5 veta att v\u00e5r lilla Malva hade katarakt n\u00e4r hon f\u00f6ddes i april 2016 kom inte som n\u00e5gon \u00f6verraskning eftersom det \u00e4r \u00e4rftligt. Malvas pappa och flera i hans familj \u00e4r ocks\u00e5 f\u00f6dda med denna synneds\u00e4ttning, n\u00e5got som g\u00e5tt i arv i generationer. Vi blev givetvis ledsna \u00f6ver att hon f\u00f6ddes med s\u00e4mre f\u00f6ruts\u00e4ttningar, men st\u00f6det fr\u00e5n \u00f6gonmottagning och synverksamhet i G\u00f6teborg har hj\u00e4lpt oss att gynna hennes synutveckling.<\/p>\n<p>Malva f\u00f6ddes med en helt grumlad lins, vilket g\u00f6r att \u00f6gat inte kan se. Vid den f\u00f6rsta unders\u00f6kningen lyste l\u00e4karen med en lampa mot hennes pupill f\u00f6r att s\u00f6ka efter en r\u00f6d reflex fr\u00e5n n\u00e4thinnan, men den reflexen var sv\u00e5r att f\u00e5 fram p\u00e5 Malva s\u00e5 hon fick en remiss direkt till \u00f6gonmottagningen. N\u00e4r Malva sedan opererades d\u00e5 hon var sju veckor gammal satte \u00f6gonl\u00e4karen \u00e4ven in en plastlins p\u00e5 den ursprungliga linsens plats. Detta gjorde man inte f\u00f6rr d\u00e5 Malvas pappa och hans syskon opererades. D\u00e5 opererade man \u00e4ven s\u00e5 tidigt som m\u00f6jligt, men nu avvaktar man lite f\u00f6r att minska risken f\u00f6r glaukom och efterstarr.<\/p>\n<p>F\u00f6rsta \u00f6gonkontakten med Malva fick vi n\u00e4r hon var fyra m\u00e5nader och det var ungef\u00e4r d\u00e5 hon b\u00f6rjade f\u00f6lja f\u00f6rem\u00e5l med blicken. Innan dess noterade hon bara saker som lyste eller blinkade. Malva har haft kontaktlinser sedan hon var tv\u00e5 m\u00e5nader gammal. N\u00e4r hon var liten lapptr\u00e4nade vi f\u00f6r att tr\u00e4na h\u00f6ger\u00f6gat, men idag, vid snart tre \u00e5rs \u00e5lder, har hon en mer j\u00e4mn syn s\u00e5 vi beh\u00f6ver inte g\u00f6ra det l\u00e4ngre. Idag ser hon ungef\u00e4r 50 % p\u00e5 n\u00e4ra h\u00e5ll och 25 % p\u00e5 l\u00e5ngt h\u00e5ll med sina kontaktlinser.<\/p>\n<p>Ut\u00f6ver \u00f6gonmottagningen d\u00e4r vi tr\u00e4ffar optiker och \u00f6gonl\u00e4kare s\u00e5 g\u00e5r vi \u00e4ven till Synverksamheten i G\u00f6teborg d\u00e4r vi tr\u00e4ffar en synpedagog och kurator. D\u00e4r har vi f\u00e5tt tips om metoder f\u00f6r att underl\u00e4tta f\u00f6r barn med synneds\u00e4ttning. Synpedagogen bes\u00f6ker \u00e4ven f\u00f6rskolan f\u00f6r att titta p\u00e5 milj\u00f6n och hur den kan anpassas efter Malvas behov.<\/p>\n<p>Med allt st\u00f6d vi har f\u00e5tt ser vi positivt p\u00e5 framtiden. Malva \u00e4r en mycket glad, nyfiken och kreativ tjej. Hon \u00e4lskar att utforska sin omgivning och tycker s\u00e4rskilt mycket om b\u00f6cker och pyssel som kr\u00e4ver mycket koncentration och finmotorik. Vi t\u00e4nker mycket p\u00e5 avst\u00e5nd, f\u00e4rger, kontraster och belysning i olika milj\u00f6er och vi hj\u00e4lper henne att unders\u00f6ka med hj\u00e4lp av flera sinnen. Alldeles nyligen fick Malva en lillebror och vi kunde faktiskt unders\u00f6ka hans \u00f6gon redan i fosterlivet genom ultraljud. Han f\u00f6ddes utan gr\u00e5 starr, vilket vi \u00e4r mycket glada \u00f6ver. Samtidigt har Malvas pappa vuxit upp i en familj d\u00e4r fyra av sju syskon har kongenital katarakt och en synneds\u00e4ttning beh\u00f6ver inte hindra en fr\u00e5n att f\u00f6lja sina \u00f6nskningar och dr\u00f6mmar i livet. Med uppmuntran, samarbete, engagemang och acceptans kommer man l\u00e5ngt.<\/p>\n<p>Karin \u00d6stergren, Malvas mamma, v\u00e5ren 2019<\/p>\n<figure id=\"attachment_1325\" aria-describedby=\"caption-attachment-1325\" style=\"width: 960px\" class=\"wp-caption alignleft\"><a href=\"https:\/\/rcsyd.se\/pecare\/wp-content\/uploads\/sites\/8\/2019\/02\/Malva-\u00d6stergren.jpg\"><img loading=\"lazy\" decoding=\"async\" class=\"size-full wp-image-1325\" src=\"https:\/\/rcsyd.se\/pecare\/wp-content\/uploads\/sites\/8\/2019\/02\/Malva-\u00d6stergren.jpg\" alt=\"Malva sitter p\u00e5 en bl\u00e5 matta och l\u00e4gger ett pussel. Pusslet hon l\u00e4gger f\u00f6rest\u00e4ller fyra symboler som ska passa in i fyra likadant utformade h\u00e5l. P\u00e5 sig har Malva gr\u00e5 tr\u00f6ja och rosa byxor.\" width=\"960\" height=\"640\" srcset=\"https:\/\/rcsyd.se\/pecare\/wp-content\/uploads\/sites\/8\/2019\/02\/Malva-\u00d6stergren.jpg 960w, https:\/\/rcsyd.se\/pecare\/wp-content\/uploads\/sites\/8\/2019\/02\/Malva-\u00d6stergren-300x200.jpg 300w, https:\/\/rcsyd.se\/pecare\/wp-content\/uploads\/sites\/8\/2019\/02\/Malva-\u00d6stergren-768x512.jpg 768w\" sizes=\"(max-width: 960px) 100vw, 960px\" \/><\/a><figcaption id=\"caption-attachment-1325\" class=\"wp-caption-text\">Malva \u00d6stergren bes\u00f6ker Synverksamheten i G\u00f6teborg. Pusslet hon l\u00e4gger f\u00f6rest\u00e4ller symboler som anv\u00e4nds f\u00f6r att m\u00e4ta synsk\u00e4rpan hos sm\u00e5 barn.<\/figcaption><\/figure>\n","protected":false},"excerpt":{"rendered":"<p>Malvas ber\u00e4ttelse Att f\u00e5 veta att v\u00e5r lilla Malva hade katarakt n\u00e4r hon f\u00f6ddes i april 2016 kom inte som n\u00e5gon \u00f6verraskning eftersom det \u00e4r \u00e4rftligt. Malvas pappa och flera i hans familj \u00e4r ocks\u00e5 f\u00f6dda med denna synneds\u00e4ttning, n\u00e5got som g\u00e5tt i arv i generationer. Vi blev givetvis ledsna \u00f6ver att hon f\u00f6ddes med&#8230; <a class=\"read-more\" href=\"https:\/\/rcsyd.se\/pecare\/patientinformation\/information-och-stod-fran-patientforetradare\/malvas-berattelse\">L\u00e4s mer<\/a><\/p>\n","protected":false},"author":3,"featured_media":0,"parent":1240,"menu_order":0,"comment_status":"closed","ping_status":"closed","template":"","meta":{"_acf_changed":false,"footnotes":""},"acf":[],"_links":{"self":[{"href":"https:\/\/rcsyd.se\/pecare\/wp-json\/wp\/v2\/pages\/1324"}],"collection":[{"href":"https:\/\/rcsyd.se\/pecare\/wp-json\/wp\/v2\/pages"}],"about":[{"href":"https:\/\/rcsyd.se\/pecare\/wp-json\/wp\/v2\/types\/page"}],"author":[{"embeddable":true,"href":"https:\/\/rcsyd.se\/pecare\/wp-json\/wp\/v2\/users\/3"}],"replies":[{"embeddable":true,"href":"https:\/\/rcsyd.se\/pecare\/wp-json\/wp\/v2\/comments?post=1324"}],"version-history":[{"count":6,"href":"https:\/\/rcsyd.se\/pecare\/wp-json\/wp\/v2\/pages\/1324\/revisions"}],"predecessor-version":[{"id":1329,"href":"https:\/\/rcsyd.se\/pecare\/wp-json\/wp\/v2\/pages\/1324\/revisions\/1329"}],"up":[{"embeddable":true,"href":"https:\/\/rcsyd.se\/pecare\/wp-json\/wp\/v2\/pages\/1240"}],"wp:attachment":[{"href":"https:\/\/rcsyd.se\/pecare\/wp-json\/wp\/v2\/media?parent=1324"}],"curies":[{"name":"wp","href":"https:\/\/api.w.org\/{rel}","templated":true}]}}