{"id":1283,"date":"2019-01-24T15:13:08","date_gmt":"2019-01-24T15:13:08","guid":{"rendered":"https:\/\/rcsyd.se\/pecare\/?page_id=1283"},"modified":"2020-08-26T12:58:38","modified_gmt":"2020-08-26T12:58:38","slug":"filmer","status":"publish","type":"page","link":"https:\/\/rcsyd.se\/pecare\/patientinformation\/information-och-stod-fran-patientforetradare\/filmer","title":{"rendered":"Filmer"},"content":{"rendered":"<h1>Filmer<\/h1>\n<p>P\u00e5 denna sida samlas l\u00e4nkar till filmer som visar hur livet kan se ut f\u00f6r barn med katarakt och barnens f\u00f6r\u00e4ldrar.<\/p>\n<h2>Familjen Scharafinski<\/h2>\n<p>Familjen Scharafinski har spelat in ett antal kortare videoklipp f\u00f6r att visa den resa de gjort med sonen Miles som f\u00f6ddes 2015. Klippen visar hur linsis\u00e4ttning och -uttagning skett fr\u00e5n det att Miles var bebis och fram\u00e5t. Klicka p\u00e5 l\u00e4nkarna nedan f\u00f6r att komma till videoklippen med Miles. Observera att samtliga klipp i dagsl\u00e4get saknar syntolkning.<\/p>\n<p><a href=\"https:\/\/youtu.be\/nLn-40bYEho\" target=\"_blank\" rel=\"noopener noreferrer\">Is\u00e4ttning av linser, 5 m\u00e5nader gammal<\/a><\/p>\n<p><a href=\"https:\/\/youtu.be\/s3k4374gdL4\" target=\"_blank\" rel=\"noopener noreferrer\">Uttagning av linser, 5 m\u00e5nader gammal<\/a><\/p>\n<p><a href=\"https:\/\/youtu.be\/M9aNlQRnra0\" target=\"_blank\" rel=\"noopener noreferrer\">Is\u00e4ttning av linser, 7,5 m\u00e5nader gammal<\/a><\/p>\n<p><a href=\"https:\/\/youtu.be\/w0bNuqi9Sn4\" target=\"_blank\" rel=\"noopener noreferrer\">Uttagning av linser, 7,5 m\u00e5nader gammal<\/a><\/p>\n<p><a href=\"https:\/\/youtu.be\/iKF0EXGnRd0\" target=\"_blank\" rel=\"noopener noreferrer\">Is\u00e4ttning av linser samt lapp f\u00f6r \u00f6gat, 11 m\u00e5nader gammal<\/a><\/p>\n<p><a href=\"https:\/\/youtu.be\/yCmzKmj7jFM\" target=\"_blank\" rel=\"noopener noreferrer\">Is\u00e4ttning av linser samt lapp f\u00f6r \u00f6gat, 16 m\u00e5nader gammal<\/a><\/p>\n<p><a href=\"https:\/\/www.youtube.com\/watch?v=bC8CAnLmDK8\" target=\"_blank\" rel=\"noopener noreferrer\">Is\u00e4ttning av linser, 2 \u00e5r gammal<\/a><\/p>\n<p><a href=\"https:\/\/www.youtube.com\/watch?v=lJFYinxGCYc\" target=\"_blank\" rel=\"noopener noreferrer\">Uttagning av linser, snart 4 \u00e5r gammal<\/a><\/p>\n","protected":false},"excerpt":{"rendered":"<p>Filmer P\u00e5 denna sida samlas l\u00e4nkar till filmer som visar hur livet kan se ut f\u00f6r barn med katarakt och barnens f\u00f6r\u00e4ldrar. Familjen Scharafinski Familjen Scharafinski har spelat in ett antal kortare videoklipp f\u00f6r att visa den resa de gjort med sonen Miles som f\u00f6ddes 2015. Klippen visar hur linsis\u00e4ttning och -uttagning skett fr\u00e5n det&#8230; <a class=\"read-more\" href=\"https:\/\/rcsyd.se\/pecare\/patientinformation\/information-och-stod-fran-patientforetradare\/filmer\">L\u00e4s mer<\/a><\/p>\n","protected":false},"author":3,"featured_media":0,"parent":1240,"menu_order":0,"comment_status":"closed","ping_status":"closed","template":"","meta":{"_acf_changed":false,"footnotes":""},"acf":[],"_links":{"self":[{"href":"https:\/\/rcsyd.se\/pecare\/wp-json\/wp\/v2\/pages\/1283"}],"collection":[{"href":"https:\/\/rcsyd.se\/pecare\/wp-json\/wp\/v2\/pages"}],"about":[{"href":"https:\/\/rcsyd.se\/pecare\/wp-json\/wp\/v2\/types\/page"}],"author":[{"embeddable":true,"href":"https:\/\/rcsyd.se\/pecare\/wp-json\/wp\/v2\/users\/3"}],"replies":[{"embeddable":true,"href":"https:\/\/rcsyd.se\/pecare\/wp-json\/wp\/v2\/comments?post=1283"}],"version-history":[{"count":11,"href":"https:\/\/rcsyd.se\/pecare\/wp-json\/wp\/v2\/pages\/1283\/revisions"}],"predecessor-version":[{"id":1410,"href":"https:\/\/rcsyd.se\/pecare\/wp-json\/wp\/v2\/pages\/1283\/revisions\/1410"}],"up":[{"embeddable":true,"href":"https:\/\/rcsyd.se\/pecare\/wp-json\/wp\/v2\/pages\/1240"}],"wp:attachment":[{"href":"https:\/\/rcsyd.se\/pecare\/wp-json\/wp\/v2\/media?parent=1283"}],"curies":[{"name":"wp","href":"https:\/\/api.w.org\/{rel}","templated":true}]}}