{"id":1257,"date":"2019-01-24T15:14:06","date_gmt":"2019-01-24T15:14:06","guid":{"rendered":"https:\/\/rcsyd.se\/pecare\/?page_id=1257"},"modified":"2020-08-26T12:32:57","modified_gmt":"2020-08-26T12:32:57","slug":"miles-berattelse","status":"publish","type":"page","link":"https:\/\/rcsyd.se\/pecare\/patientinformation\/information-och-stod-fran-patientforetradare\/miles-berattelse","title":{"rendered":"Miles ber\u00e4ttelse"},"content":{"rendered":"<h1>Miles ber\u00e4ttelse<\/h1>\n<p>Miles f\u00f6ddes i juli 2015. Dag tv\u00e5 p\u00e5 BB fick vi veta att han hade gr\u00e5 starr. Hans pappa \u00e4r b\u00e4rare av den genen, vilket vi visste, men vi visste inte att Miles skulle f\u00e5 en s\u00e5 aggressiv form. Han opererades vid \u00e5tta veckor och man fick inte in n\u00e5gon intraokul\u00e4r lins d\u00e5 hans \u00f6gon var f\u00f6r sm\u00e5. Efter detta fick han efterstarr tv\u00e5 g\u00e5nger och opererades vid tre m\u00e5nader och sex m\u00e5nader och man fick ocks\u00e5 borra ett h\u00e5l i varje iris f\u00f6r att leda v\u00e4tskan r\u00e4tt.<\/p>\n<p>Det var en kamp med linserna i b\u00f6rjan. Det var tufft b\u00e5de f\u00f6r Miles och oss. Det var sv\u00e5rt f\u00f6r relationen att inleda varje morgon med en jobbig kamp. F\u00f6rutom n\u00e5gra sm\u00e5 korta veckor av br\u00e5k efter det inledande kaoset har Miles dock varit otroligt foglig och accepterande kring linserna.<br \/>\nJag som mamma kan hantera det hela st\u00e5endes, liggande, sittandes \u2013 ja, jag skulle nog kunna f\u00e5 in en lins i \u00f6gat p\u00e5 en myra! Miles pappa kan ocks\u00e5 ta ut linserna, men d\u00e5 vi f\u00e5tt tunna linser \u00e4r det sv\u00e5rt f\u00f6r honom att s\u00e4tta i. F\u00f6rskolan kan ocks\u00e5 ta ut linserna och har dessutom glas\u00f6gon p\u00e5 plats som backup.<\/p>\n<figure id=\"attachment_1262\" aria-describedby=\"caption-attachment-1262\" style=\"width: 300px\" class=\"wp-caption alignleft\"><a href=\"https:\/\/rcsyd.se\/pecare\/wp-content\/uploads\/sites\/8\/2019\/01\/Miles-Scharafinski-2.jpg\"><img loading=\"lazy\" decoding=\"async\" class=\"wp-image-1262 size-medium\" src=\"https:\/\/rcsyd.se\/pecare\/wp-content\/uploads\/sites\/8\/2019\/01\/Miles-Scharafinski-2-300x300.jpg\" alt=\"N\u00e4rbild p\u00e5 Miles Scharafinski if\u00f6rd glas\u00f6gon och bl\u00e5 tr\u00f6ja. Miles ser fundersam ut.\" width=\"300\" height=\"300\" srcset=\"https:\/\/rcsyd.se\/pecare\/wp-content\/uploads\/sites\/8\/2019\/01\/Miles-Scharafinski-2-300x300.jpg 300w, https:\/\/rcsyd.se\/pecare\/wp-content\/uploads\/sites\/8\/2019\/01\/Miles-Scharafinski-2-150x150.jpg 150w, https:\/\/rcsyd.se\/pecare\/wp-content\/uploads\/sites\/8\/2019\/01\/Miles-Scharafinski-2-768x768.jpg 768w, https:\/\/rcsyd.se\/pecare\/wp-content\/uploads\/sites\/8\/2019\/01\/Miles-Scharafinski-2-1024x1024.jpg 1024w, https:\/\/rcsyd.se\/pecare\/wp-content\/uploads\/sites\/8\/2019\/01\/Miles-Scharafinski-2.jpg 1080w\" sizes=\"(max-width: 300px) 100vw, 300px\" \/><\/a><figcaption id=\"caption-attachment-1262\" class=\"wp-caption-text\">Miles Scharafinski<\/figcaption><\/figure>\n<p>Miles har glas\u00f6gon p\u00e5 +18 som han kan ha om han \u00e4r f\u00f6rkyld samt l\u00e4sglas\u00f6gon p\u00e5 +2,5 i kombination med linserna fr\u00e5n tre \u00e5rs \u00e5lder. Kontaktlinserna har funkat s\u00e5 otroligt bra och han har inte haft n\u00e5gra problem med tryck eller infektioner s\u00e5h\u00e4r l\u00e5ngt.<\/p>\n<p>Idag \u00e4r han en glad 3,5-\u00e5ring som l\u00e4ser, leker obehindrat och har en synutveckling \u00f6ver f\u00f6rv\u00e4ntan. Han \u00e4r tidig i alla utvecklingssteg, verbal kring \u00f6gonens status och kan f\u00f6rklara vad fr\u00f6knar eller vi beh\u00f6ver g\u00f6ra om n\u00e5got \u00e4r obekv\u00e4mt.<\/p>\n<p>Miles \u00e4r som sagt otroligt foglig i linshanteringen, vi har fr\u00e5n b\u00f6rjan best\u00e4mt att han aldrig ska ha n\u00e5got val och d\u00e4rf\u00f6r har han resignerat och accepterat det \u2013 \u00e4ven om det var oerh\u00f6rt p\u00e5frestande p\u00e5 oss alla inledningsvis och periodvis.<br \/>\nHan lapptr\u00e4nade under ett \u00e5r, men det svagare \u00f6gat h\u00e4mtade sig och vi var utan lapp i ett efterf\u00f6ljande \u00e5r. Nu har vi sedan sommaren 2018 lapptr\u00e4nat igen, tv\u00e5 timmar per dag.<br \/>\nVar 50:e dag f\u00e5r han v\u00e4lja en bel\u00f6ning, n\u00e5got som g\u00f6r det mycket l\u00e4ttare f\u00f6r honom och oss.<\/p>\n<p>Mitt b\u00e4sta tips \u00e4r de tv\u00e5 Facebookgrupperna <a href=\"https:\/\/www.facebook.com\/groups\/119006164779279\/\" target=\"_blank\" rel=\"noopener noreferrer\">Children with congenital cataracts<\/a> och <a href=\"https:\/\/www.facebook.com\/groups\/1705514926352575\/\" target=\"_blank\" rel=\"noopener noreferrer\">Barn med medf\u00f6dd gr\u00e5 starr<\/a>, d\u00e4r man man f\u00e5 tips, r\u00e5d och se videor p\u00e5 linshantering f\u00f6r inspiration. S\u00f6k ocks\u00e5 st\u00f6d hos andra som varit i samma situation och st\u00e4ll alla fr\u00e5gor ni har till b\u00e5de v\u00e5rd och andra instanser. Kolla vad ni kan f\u00e5 f\u00f6r st\u00f6d p\u00e5 f\u00f6rskolan i form av resursbelopp. Och h\u00e5ll ut. Det blir bra till slut, och \u00e4r det inte bra s\u00e5 \u00e4r det inte slut \u00e4n.<\/p>\n<p>Kim Scharafinski, Miles mamma, v\u00e5ren 2019<\/p>\n<h2>Kontakt<\/h2>\n<p>E-post: <a href=\"mailto:rcsyd@regionblekinge.se\">rcsyd@regionblekinge.se<\/a><\/p>\n<div id='gallery-1' class='gallery galleryid-1257 gallery-columns-2 gallery-size-large'><figure class='gallery-item'>\n\t\t\t<div class='gallery-icon landscape'>\n\t\t\t\t<a href='https:\/\/rcsyd.se\/pecare\/wp-content\/uploads\/sites\/8\/2019\/01\/Miles-Scharafinski-3.jpg'><img loading=\"lazy\" decoding=\"async\" width=\"640\" height=\"640\" src=\"https:\/\/rcsyd.se\/pecare\/wp-content\/uploads\/sites\/8\/2019\/01\/Miles-Scharafinski-3-1024x1024.jpg\" class=\"attachment-large size-large\" alt=\"Miles Scharafinski utomhus p\u00e5 grusplan. Miles ler och har ena armen utstr\u00e4ckt. P\u00e5 sig har han en vit keps, bl\u00e5b\u00e5gade glas\u00f6gon, svartvitm\u00f6nstrad tr\u00f6ja, brungulm\u00f6nstrade byxor och vita skor.\" srcset=\"https:\/\/rcsyd.se\/pecare\/wp-content\/uploads\/sites\/8\/2019\/01\/Miles-Scharafinski-3-1024x1024.jpg 1024w, https:\/\/rcsyd.se\/pecare\/wp-content\/uploads\/sites\/8\/2019\/01\/Miles-Scharafinski-3-150x150.jpg 150w, https:\/\/rcsyd.se\/pecare\/wp-content\/uploads\/sites\/8\/2019\/01\/Miles-Scharafinski-3-300x300.jpg 300w, https:\/\/rcsyd.se\/pecare\/wp-content\/uploads\/sites\/8\/2019\/01\/Miles-Scharafinski-3-768x768.jpg 768w, https:\/\/rcsyd.se\/pecare\/wp-content\/uploads\/sites\/8\/2019\/01\/Miles-Scharafinski-3.jpg 1080w\" sizes=\"(max-width: 640px) 100vw, 640px\" \/><\/a>\n\t\t\t<\/div><\/figure><figure class='gallery-item'>\n\t\t\t<div class='gallery-icon portrait'>\n\t\t\t\t<a href='https:\/\/rcsyd.se\/pecare\/wp-content\/uploads\/sites\/8\/2019\/01\/Miles-Scharafinski-1.jpg'><img loading=\"lazy\" decoding=\"async\" width=\"640\" height=\"800\" src=\"https:\/\/rcsyd.se\/pecare\/wp-content\/uploads\/sites\/8\/2019\/01\/Miles-Scharafinski-1-819x1024.jpg\" class=\"attachment-large size-large\" alt=\"Miles Scharafinski st\u00e5r utomhus i sandl\u00e5da. Miles har p\u00e5 sig orange m\u00f6ssa, bl\u00e5b\u00e5gade glas\u00f6gon, r\u00f6d overall och svarta skor.\" srcset=\"https:\/\/rcsyd.se\/pecare\/wp-content\/uploads\/sites\/8\/2019\/01\/Miles-Scharafinski-1-819x1024.jpg 819w, https:\/\/rcsyd.se\/pecare\/wp-content\/uploads\/sites\/8\/2019\/01\/Miles-Scharafinski-1-240x300.jpg 240w, https:\/\/rcsyd.se\/pecare\/wp-content\/uploads\/sites\/8\/2019\/01\/Miles-Scharafinski-1-768x960.jpg 768w, https:\/\/rcsyd.se\/pecare\/wp-content\/uploads\/sites\/8\/2019\/01\/Miles-Scharafinski-1.jpg 1080w\" sizes=\"(max-width: 640px) 100vw, 640px\" \/><\/a>\n\t\t\t<\/div><\/figure>\n\t\t<\/div>\n\n","protected":false},"excerpt":{"rendered":"<p>Miles ber\u00e4ttelse Miles f\u00f6ddes i juli 2015. Dag tv\u00e5 p\u00e5 BB fick vi veta att han hade gr\u00e5 starr. Hans pappa \u00e4r b\u00e4rare av den genen, vilket vi visste, men vi visste inte att Miles skulle f\u00e5 en s\u00e5 aggressiv form. Han opererades vid \u00e5tta veckor och man fick inte in n\u00e5gon intraokul\u00e4r lins d\u00e5&#8230; <a class=\"read-more\" href=\"https:\/\/rcsyd.se\/pecare\/patientinformation\/information-och-stod-fran-patientforetradare\/miles-berattelse\">L\u00e4s mer<\/a><\/p>\n","protected":false},"author":3,"featured_media":0,"parent":1240,"menu_order":0,"comment_status":"closed","ping_status":"closed","template":"","meta":{"_acf_changed":false,"footnotes":""},"acf":[],"_links":{"self":[{"href":"https:\/\/rcsyd.se\/pecare\/wp-json\/wp\/v2\/pages\/1257"}],"collection":[{"href":"https:\/\/rcsyd.se\/pecare\/wp-json\/wp\/v2\/pages"}],"about":[{"href":"https:\/\/rcsyd.se\/pecare\/wp-json\/wp\/v2\/types\/page"}],"author":[{"embeddable":true,"href":"https:\/\/rcsyd.se\/pecare\/wp-json\/wp\/v2\/users\/3"}],"replies":[{"embeddable":true,"href":"https:\/\/rcsyd.se\/pecare\/wp-json\/wp\/v2\/comments?post=1257"}],"version-history":[{"count":15,"href":"https:\/\/rcsyd.se\/pecare\/wp-json\/wp\/v2\/pages\/1257\/revisions"}],"predecessor-version":[{"id":1409,"href":"https:\/\/rcsyd.se\/pecare\/wp-json\/wp\/v2\/pages\/1257\/revisions\/1409"}],"up":[{"embeddable":true,"href":"https:\/\/rcsyd.se\/pecare\/wp-json\/wp\/v2\/pages\/1240"}],"wp:attachment":[{"href":"https:\/\/rcsyd.se\/pecare\/wp-json\/wp\/v2\/media?parent=1257"}],"curies":[{"name":"wp","href":"https:\/\/api.w.org\/{rel}","templated":true}]}}