{"id":1240,"date":"2019-01-24T14:56:06","date_gmt":"2019-01-24T14:56:06","guid":{"rendered":"https:\/\/rcsyd.se\/pecare\/?page_id=1240"},"modified":"2024-02-22T14:02:40","modified_gmt":"2024-02-22T14:02:40","slug":"information-och-stod-fran-patientforetradare","status":"publish","type":"page","link":"https:\/\/rcsyd.se\/pecare\/patientinformation\/information-och-stod-fran-patientforetradare","title":{"rendered":"Information och st\u00f6d fr\u00e5n patientf\u00f6retr\u00e4dare"},"content":{"rendered":"<h1>Information och st\u00f6d fr\u00e5n patientf\u00f6retr\u00e4dare<\/h1>\n<p>H\u00e4r samlar delregistret PECARE:s (The Pediatric Cataract Register) patientf\u00f6retr\u00e4dare Kim Scharafinski information, tips och st\u00f6d.<\/p>\n<p>Via menyn till v\u00e4nster kan du klicka dig vidare till bland annat patientber\u00e4ttelser och filmer.<\/p>\n<figure id=\"attachment_1241\" aria-describedby=\"caption-attachment-1241\" style=\"width: 255px\" class=\"wp-caption alignleft\"><a href=\"https:\/\/rcsyd.se\/pecare\/wp-content\/uploads\/sites\/8\/2019\/01\/Kim-Scharafinski.png\"><img loading=\"lazy\" decoding=\"async\" class=\"size-full wp-image-1241\" src=\"https:\/\/rcsyd.se\/pecare\/wp-content\/uploads\/sites\/8\/2019\/01\/Kim-Scharafinski.png\" alt=\"Kim Scharafinski framf\u00f6r tavla med blommotiv. Kim kan ses b\u00e4ra glas\u00f6gon och orange kavaj.\" width=\"255\" height=\"234\" \/><\/a><figcaption id=\"caption-attachment-1241\" class=\"wp-caption-text\">Kim Scharafinski<\/figcaption><\/figure>\n<p>&nbsp;<\/p>\n<p>&nbsp;<\/p>\n<p>&nbsp;<\/p>\n<p>&nbsp;<\/p>\n<p>&nbsp;<\/p>\n<p>&nbsp;<\/p>\n<p>&nbsp;<\/p>\n<h2>Kontakt<\/h2>\n<p>E-post: <a href=\"mailto:rcsyd@regionblekinge.se\">rcsyd@regionblekinge.se<\/a><\/p>\n","protected":false},"excerpt":{"rendered":"<p>Information och st\u00f6d fr\u00e5n patientf\u00f6retr\u00e4dare H\u00e4r samlar delregistret PECARE:s (The Pediatric Cataract Register) patientf\u00f6retr\u00e4dare Kim Scharafinski information, tips och st\u00f6d. Via menyn till v\u00e4nster kan du klicka dig vidare till bland annat patientber\u00e4ttelser och filmer. &nbsp; &nbsp; &nbsp; &nbsp; &nbsp; &nbsp; &nbsp; Kontakt E-post: rcsyd@regionblekinge.se<\/p>\n","protected":false},"author":3,"featured_media":0,"parent":548,"menu_order":0,"comment_status":"closed","ping_status":"closed","template":"","meta":{"_acf_changed":false,"footnotes":""},"acf":[],"_links":{"self":[{"href":"https:\/\/rcsyd.se\/pecare\/wp-json\/wp\/v2\/pages\/1240"}],"collection":[{"href":"https:\/\/rcsyd.se\/pecare\/wp-json\/wp\/v2\/pages"}],"about":[{"href":"https:\/\/rcsyd.se\/pecare\/wp-json\/wp\/v2\/types\/page"}],"author":[{"embeddable":true,"href":"https:\/\/rcsyd.se\/pecare\/wp-json\/wp\/v2\/users\/3"}],"replies":[{"embeddable":true,"href":"https:\/\/rcsyd.se\/pecare\/wp-json\/wp\/v2\/comments?post=1240"}],"version-history":[{"count":13,"href":"https:\/\/rcsyd.se\/pecare\/wp-json\/wp\/v2\/pages\/1240\/revisions"}],"predecessor-version":[{"id":1827,"href":"https:\/\/rcsyd.se\/pecare\/wp-json\/wp\/v2\/pages\/1240\/revisions\/1827"}],"up":[{"embeddable":true,"href":"https:\/\/rcsyd.se\/pecare\/wp-json\/wp\/v2\/pages\/548"}],"wp:attachment":[{"href":"https:\/\/rcsyd.se\/pecare\/wp-json\/wp\/v2\/media?parent=1240"}],"curies":[{"name":"wp","href":"https:\/\/api.w.org\/{rel}","templated":true}]}}