{"id":1092,"date":"2018-05-07T08:36:40","date_gmt":"2018-05-07T08:36:40","guid":{"rendered":"https:\/\/rcsyd.se\/pecare\/?page_id=1092"},"modified":"2020-09-07T15:27:48","modified_gmt":"2020-09-07T15:27:48","slug":"ordlista","status":"publish","type":"page","link":"https:\/\/rcsyd.se\/pecare\/patientinformation\/ordlista","title":{"rendered":"Ordlista"},"content":{"rendered":"<h1>Ordlista<\/h1>\n<h2>Ackommodation<\/h2>\n<p>Anpassning av linsens form och brytkraft f\u00f6r att uppn\u00e5 b\u00e4sta synsk\u00e4rpa p\u00e5 olika avst\u00e5nd. Detta kan endast ske med medf\u00f6dd \u00f6gonlins.<\/p>\n<h2>Afaki<\/h2>\n<p>Avsaknad av \u00f6gats naturliga lins.<\/p>\n<h2>Amblyopi<\/h2>\n<p>\u00c4ven kallat \u201dLazy eye\/det lata \u00f6gat\u201d. Detta \u00e4r en synneds\u00e4ttning orsakad av onormal synstimulering under den k\u00e4nsliga perioden (se f\u00f6rklaring nedan av vad den k\u00e4nsliga perioden inneb\u00e4r).<\/p>\n<h2>Anatomiska begrepp<\/h2>\n<ul>\n<li>Ciliarmuskel \u2013 den muskel som omformar linsen vid ackommodation<\/li>\n<li>Cornea \u2013 hornhinna<\/li>\n<li>Iris \u2013 regnb\u00e5gshinna<\/li>\n<li>Linskapsel \u2013 den hinna som sitter runt linsen<\/li>\n<li>Retina \u2013 n\u00e4thinna<\/li>\n<li>Synbark\/syncentrum \u2013 den del av hj\u00e4rnan som tar emot och behandlar synintryck. H\u00e4r beh\u00f6vs stimuli fr\u00e5n n\u00e4thinna och synnerven under den k\u00e4nsliga perioden f\u00f6r att kunna utvecklas.<\/li>\n<li>Synnerven (nervus opticus) \u2013 den nerv som leder synintrycken fr\u00e5n vartdera \u00f6gat via synbanorna fram till hj\u00e4rnans syncentrum<\/li>\n<\/ul>\n<h2>Autorefraktor<\/h2>\n<p>Apparat som m\u00e4ter \u00f6gats ljusbrytande f\u00f6rm\u00e5ga.<\/p>\n<h2>Bifokala glas\u00f6gon<\/h2>\n<p>Glas\u00f6gon som \u00e4r dubbelslipade med ett omr\u00e5de f\u00f6r n\u00e4rseende nedtill och ett omr\u00e5de f\u00f6r seende p\u00e5 avst\u00e5nd upptill.<\/p>\n<h2>Corneal\u00f6dem<\/h2>\n<p>\u00c5komma som inneb\u00e4r att hornhinnan blivit v\u00e4tskefylld och grumlig, till exempel vid inflammation eller f\u00f6r h\u00f6gt tryck i \u00f6gat.<\/p>\n<h2>Efterstarr<\/h2>\n<p>\u00c5komma som kan uppkomma efter en kataraktoperation och inneb\u00e4r nybildade grumlingar, vilka ibland m\u00e5ste behandlas.<\/p>\n<h2>Glaukom<\/h2>\n<p>\u00c4ven k\u00e4nt som gr\u00f6n starr, en sjukdom som ger skador p\u00e5 nervfiberlagret i n\u00e4thinnan, n\u00e5got som hos barn inneb\u00e4r f\u00f6r h\u00f6gt \u00f6gontryck. Detta kan f\u00f6rekomma som komplikation efter \u00f6gonoperation eller som medf\u00f6dd sjukdom.<\/p>\n<h2>Hyperopi<\/h2>\n<p>\u00d6versynthet, vilket f\u00f6r vuxna inneb\u00e4r att man beh\u00f6ver ackommodera (f\u00f6r\u00e4ndra brytkraften i \u00f6gats lins) f\u00f6r att se skarpt p\u00e5 b\u00e5de l\u00e5ngt och n\u00e4ra h\u00e5ll. N\u00e4r detta av \u00e5lderssk\u00e4l inte l\u00e4ngre g\u00e5r att utf\u00f6ra sj\u00e4lv beh\u00f6ver man glas\u00f6gon med plusglas f\u00f6r att se skarpt f\u00f6rst p\u00e5 n\u00e4ra och d\u00e4refter \u00e4ven l\u00e5ngt h\u00e5ll. Barn ser skarpt p\u00e5 b\u00e5de n\u00e4ra och l\u00e5ngt h\u00e5ll f\u00f6rutsatt att de inte har en h\u00f6g grad av hyperopi. Deras linser har st\u00f6rre f\u00f6rm\u00e5ga att ackommodera \u00e4n vuxnas. Dock kan synen bli suddig om linsen jobbar maximalt och inte orkar anstr\u00e4nga sig tillr\u00e4ckligt f\u00f6r att r\u00e4cka hela dagen.<\/p>\n<h2>Inflammation<\/h2>\n<p>Kroppens och immunf\u00f6rsvarets egen reaktion p\u00e5 till exempel en operation. Efter en kataraktoperation uppkommer normalt en inflammation i \u00f6gat, varf\u00f6r man behandlar med kortisondroppar.<\/p>\n<h2>Intraokul\u00e4r lins (IOL)<\/h2>\n<p>Konstgjord plastlins som opereras in i \u00f6gat efter det att den normala, grumlade linsen tagits bort. En f\u00f6ruts\u00e4ttning f\u00f6r anv\u00e4ndning av intraokul\u00e4r lins \u00e4r att man kunnat spara delar av linskapseln.<\/p>\n<h2>Katarakt<\/h2>\n<p>\u00c4ven k\u00e4nt som gr\u00e5 starr, en \u00e5komma som inneb\u00e4r grumling av linsen i \u00f6gat. Katarakt \u00e4r vanligt f\u00f6rekommande hos \u00e4ldre, men det finns \u00e4ven medf\u00f6dd s\u00e5 kallad kongenital katarakt.<\/p>\n<h2>Kongenital<\/h2>\n<p>Inneb\u00e4r att skadan \u00e4r medf\u00f6dd. Vanligast \u00e4r att skadan har uppst\u00e5tt under fostertiden.<\/p>\n<h2>K\u00e4nslig period<\/h2>\n<p>Den period, fr\u00e5n f\u00f6delse fram till 8\u201310 \u00e5rs \u00e5lder, d\u00e5 synbanan och hj\u00e4rnans syncentrum utvecklas till f\u00f6ljd av synintryck.<\/p>\n<h2>Minusglas<\/h2>\n<p>Konkava glas som minskar brytningen av ljuset och ger b\u00e4ttre synsk\u00e4rpa p\u00e5 l\u00e5ngt h\u00e5ll vid n\u00e4rsynthet.<\/p>\n<h2>Myopi<\/h2>\n<p>N\u00e4rsynthet, vilket inneb\u00e4r att man ser bra p\u00e5 n\u00e4ra h\u00e5ll, men beh\u00f6ver glas\u00f6gon med minusglas f\u00f6r att se p\u00e5 avst\u00e5nd.<\/p>\n<h2>Nystagmus<\/h2>\n<p>\u00d6gondarr, en ofrivillig spontanr\u00f6relse av \u00f6gonen d\u00e4r de sl\u00e5r fram och tillbaka.<\/p>\n<h2>Oftalmoskop<\/h2>\n<p>En sorts \u00f6gonlampa man anv\u00e4nder f\u00f6r att f\u00e5 fram en s\u00e5 kallad r\u00f6d reflex fr\u00e5n n\u00e4thinnan f\u00f6r \u00f6gonspegling av barn p\u00e5 f\u00f6rlossningsavdelningen och barnav\u00e5rdscentralen.<\/p>\n<h2>Plusglas<\/h2>\n<p>Konvexa glas som \u00f6kar brytningen av ljuset och ger bra syn p\u00e5 n\u00e4ra h\u00e5ll vid \u00f6versynthet.<\/p>\n<h2>Refraktion<\/h2>\n<p>\u00d6gats ljusbrytande f\u00f6rm\u00e5ga. Om refraktionen \u00e4r f\u00f6r stor eller f\u00f6r liten f\u00f6r \u00f6gats storlek korrigeras den med linser eller glas\u00f6gon s\u00e5 att en skarp bild kan falla p\u00e5 n\u00e4thinnan.<\/p>\n<h2>Screening<\/h2>\n<p>\u00d6vergripande kontroller i hela befolkningen f\u00f6r att hitta vissa behandlingsbara sjukdomar. Ett exempel p\u00e5 screening \u00e4r \u00f6gonunders\u00f6kning av nyf\u00f6dda barn f\u00f6r att hitta bland annat kongenital katarakt.<\/p>\n<h2>Skiaskopi<\/h2>\n<p>Unders\u00f6kning som ofta g\u00f6rs p\u00e5 sm\u00e5 barn f\u00f6r att m\u00e4ta \u00f6gats brytningsf\u00f6rm\u00e5ga. \u00d6gonl\u00e4karen h\u00e5ller glas med olika brytningsgrad mellan barnets \u00f6ga och en ljusk\u00e4lla f\u00f6r att se n\u00e4r ljuset bildar en skarp bild p\u00e5 n\u00e4thinnan.<\/p>\n<h2>Syncentralen<\/h2>\n<p>Den plats inom v\u00e5rden d\u00e4r det bedrivs rehabilitering f\u00f6r personer med best\u00e5ende synskada i alla \u00e5ldrar f\u00f6r att underl\u00e4tta deras vardagsliv. Efter remiss fr\u00e5n \u00f6gonl\u00e4kare kan syncentralen dela ut ekonomiskt st\u00f6d f\u00f6r behandling med glas\u00f6gon\/kontaktlinser till barn med kongenital katarakt.<\/p>\n<h2>T\u00e4t katarakt<\/h2>\n<p>T\u00e4t grumling av hela linsen p\u00e5 ett eller b\u00e5da \u00f6gonen. Inget eller mycket lite ljus sl\u00e4pps igenom till n\u00e4thinnan. Detta beh\u00f6ver opereras tidigt f\u00f6r att barnets synutveckling ska kunna \u00e4ga rum.<\/p>\n","protected":false},"excerpt":{"rendered":"<p>Ordlista Ackommodation Anpassning av linsens form och brytkraft f\u00f6r att uppn\u00e5 b\u00e4sta synsk\u00e4rpa p\u00e5 olika avst\u00e5nd. Detta kan endast ske med medf\u00f6dd \u00f6gonlins. Afaki Avsaknad av \u00f6gats naturliga lins. Amblyopi \u00c4ven kallat \u201dLazy eye\/det lata \u00f6gat\u201d. Detta \u00e4r en synneds\u00e4ttning orsakad av onormal synstimulering under den k\u00e4nsliga perioden (se f\u00f6rklaring nedan av vad den k\u00e4nsliga&#8230; <a class=\"read-more\" href=\"https:\/\/rcsyd.se\/pecare\/patientinformation\/ordlista\">L\u00e4s mer<\/a><\/p>\n","protected":false},"author":3,"featured_media":0,"parent":548,"menu_order":0,"comment_status":"closed","ping_status":"closed","template":"","meta":{"_acf_changed":false,"footnotes":""},"acf":[],"_links":{"self":[{"href":"https:\/\/rcsyd.se\/pecare\/wp-json\/wp\/v2\/pages\/1092"}],"collection":[{"href":"https:\/\/rcsyd.se\/pecare\/wp-json\/wp\/v2\/pages"}],"about":[{"href":"https:\/\/rcsyd.se\/pecare\/wp-json\/wp\/v2\/types\/page"}],"author":[{"embeddable":true,"href":"https:\/\/rcsyd.se\/pecare\/wp-json\/wp\/v2\/users\/3"}],"replies":[{"embeddable":true,"href":"https:\/\/rcsyd.se\/pecare\/wp-json\/wp\/v2\/comments?post=1092"}],"version-history":[{"count":5,"href":"https:\/\/rcsyd.se\/pecare\/wp-json\/wp\/v2\/pages\/1092\/revisions"}],"predecessor-version":[{"id":1430,"href":"https:\/\/rcsyd.se\/pecare\/wp-json\/wp\/v2\/pages\/1092\/revisions\/1430"}],"up":[{"embeddable":true,"href":"https:\/\/rcsyd.se\/pecare\/wp-json\/wp\/v2\/pages\/548"}],"wp:attachment":[{"href":"https:\/\/rcsyd.se\/pecare\/wp-json\/wp\/v2\/media?parent=1092"}],"curies":[{"name":"wp","href":"https:\/\/api.w.org\/{rel}","templated":true}]}}