{"id":3417,"date":"2024-08-27T10:30:18","date_gmt":"2024-08-27T10:30:18","guid":{"rendered":"https:\/\/rcsyd.se\/konsdysforiregistret\/?page_id=3417"},"modified":"2024-08-27T10:30:18","modified_gmt":"2024-08-27T10:30:18","slug":"information-om-inloggning-och-e-tjanstekort","status":"publish","type":"page","link":"https:\/\/rcsyd.se\/konsdysforiregistret\/registrering\/information-om-inloggning-och-e-tjanstekort","title":{"rendered":"Information om inloggning och e-tj\u00e4nstekort"},"content":{"rendered":"<h1>Information om inloggning och e-tj\u00e4nstekort<\/h1>\n<p>Inloggning till registerplattformen sker med hj\u00e4lp av e-tj\u00e4nstekort (SITHS-kort). F\u00f6rsta g\u00e5ngen du loggar in med e-tj\u00e4nstekortet beh\u00f6ver du g\u00f6ra en ans\u00f6kan till den enhet i registret som du beh\u00f6ver till g\u00e5ng till. D\u00e4refter godk\u00e4nns ans\u00f6kan av registercentrum. N\u00e4r ans\u00f6kan \u00e4r godk\u00e4nd kan du b\u00f6rja anv\u00e4nda inloggningen.<\/p>\n<h2>Information om inloggning hos Registercentrum Syd<\/h2>\n<p>P\u00e5 Registercentrum Syds hemsida finns mer information om registerplattformen och hur man g\u00e5r till v\u00e4ga f\u00f6r att ans\u00f6ka om beh\u00f6righet till K\u00f6nsdysforiregistret som ligger p\u00e5 registerplattformen 3C.<\/p>\n<p><a href=\"https:\/\/rcsyd.se\/om-register\/it-losningar-och-driftinformation\/inloggning-och-e-tjanstekort\" target=\"_blank\" rel=\"noopener noreferrer\">Klicka h\u00e4r f\u00f6r att komma till informationen p\u00e5 Registercentrum Syds hemsida<\/a>.<\/p>\n","protected":false},"excerpt":{"rendered":"<p>Information om inloggning och e-tj\u00e4nstekort Inloggning till registerplattformen sker med hj\u00e4lp av e-tj\u00e4nstekort (SITHS-kort). F\u00f6rsta g\u00e5ngen du loggar in med e-tj\u00e4nstekortet beh\u00f6ver du g\u00f6ra en ans\u00f6kan till den enhet i registret som du beh\u00f6ver till g\u00e5ng till. D\u00e4refter godk\u00e4nns ans\u00f6kan av registercentrum. N\u00e4r ans\u00f6kan \u00e4r godk\u00e4nd kan du b\u00f6rja anv\u00e4nda inloggningen. Information om inloggning hos&#8230; <a class=\"read-more\" href=\"https:\/\/rcsyd.se\/konsdysforiregistret\/registrering\/information-om-inloggning-och-e-tjanstekort\">L\u00e4s mer<\/a><\/p>\n","protected":false},"author":3,"featured_media":0,"parent":3411,"menu_order":0,"comment_status":"closed","ping_status":"closed","template":"","meta":{"_acf_changed":false,"footnotes":""},"acf":[],"_links":{"self":[{"href":"https:\/\/rcsyd.se\/konsdysforiregistret\/wp-json\/wp\/v2\/pages\/3417"}],"collection":[{"href":"https:\/\/rcsyd.se\/konsdysforiregistret\/wp-json\/wp\/v2\/pages"}],"about":[{"href":"https:\/\/rcsyd.se\/konsdysforiregistret\/wp-json\/wp\/v2\/types\/page"}],"author":[{"embeddable":true,"href":"https:\/\/rcsyd.se\/konsdysforiregistret\/wp-json\/wp\/v2\/users\/3"}],"replies":[{"embeddable":true,"href":"https:\/\/rcsyd.se\/konsdysforiregistret\/wp-json\/wp\/v2\/comments?post=3417"}],"version-history":[{"count":1,"href":"https:\/\/rcsyd.se\/konsdysforiregistret\/wp-json\/wp\/v2\/pages\/3417\/revisions"}],"predecessor-version":[{"id":3419,"href":"https:\/\/rcsyd.se\/konsdysforiregistret\/wp-json\/wp\/v2\/pages\/3417\/revisions\/3419"}],"up":[{"embeddable":true,"href":"https:\/\/rcsyd.se\/konsdysforiregistret\/wp-json\/wp\/v2\/pages\/3411"}],"wp:attachment":[{"href":"https:\/\/rcsyd.se\/konsdysforiregistret\/wp-json\/wp\/v2\/media?parent=3417"}],"curies":[{"name":"wp","href":"https:\/\/api.w.org\/{rel}","templated":true}]}}