{"id":3415,"date":"2024-08-27T10:29:12","date_gmt":"2024-08-27T10:29:12","guid":{"rendered":"https:\/\/rcsyd.se\/konsdysforiregistret\/?page_id=3415"},"modified":"2024-08-27T10:29:12","modified_gmt":"2024-08-27T10:29:12","slug":"inmatningsformular-och-variabellistor","status":"publish","type":"page","link":"https:\/\/rcsyd.se\/konsdysforiregistret\/registrering\/inmatningsformular-och-variabellistor","title":{"rendered":"Inmatningsformul\u00e4r och variabellistor"},"content":{"rendered":"<h1>Inmatningsformul\u00e4r och variabellistor<\/h1>\n<p>P\u00e5 denna sida finner du information och nedladdningsbara filer g\u00e4llande inmatning och variabler.<\/p>\n","protected":false},"excerpt":{"rendered":"<p>Inmatningsformul\u00e4r och variabellistor P\u00e5 denna sida finner du information och nedladdningsbara filer g\u00e4llande inmatning och variabler.<\/p>\n","protected":false},"author":3,"featured_media":0,"parent":3411,"menu_order":0,"comment_status":"closed","ping_status":"closed","template":"","meta":{"_acf_changed":false,"footnotes":""},"acf":[],"_links":{"self":[{"href":"https:\/\/rcsyd.se\/konsdysforiregistret\/wp-json\/wp\/v2\/pages\/3415"}],"collection":[{"href":"https:\/\/rcsyd.se\/konsdysforiregistret\/wp-json\/wp\/v2\/pages"}],"about":[{"href":"https:\/\/rcsyd.se\/konsdysforiregistret\/wp-json\/wp\/v2\/types\/page"}],"author":[{"embeddable":true,"href":"https:\/\/rcsyd.se\/konsdysforiregistret\/wp-json\/wp\/v2\/users\/3"}],"replies":[{"embeddable":true,"href":"https:\/\/rcsyd.se\/konsdysforiregistret\/wp-json\/wp\/v2\/comments?post=3415"}],"version-history":[{"count":1,"href":"https:\/\/rcsyd.se\/konsdysforiregistret\/wp-json\/wp\/v2\/pages\/3415\/revisions"}],"predecessor-version":[{"id":3416,"href":"https:\/\/rcsyd.se\/konsdysforiregistret\/wp-json\/wp\/v2\/pages\/3415\/revisions\/3416"}],"up":[{"embeddable":true,"href":"https:\/\/rcsyd.se\/konsdysforiregistret\/wp-json\/wp\/v2\/pages\/3411"}],"wp:attachment":[{"href":"https:\/\/rcsyd.se\/konsdysforiregistret\/wp-json\/wp\/v2\/media?parent=3415"}],"curies":[{"name":"wp","href":"https:\/\/api.w.org\/{rel}","templated":true}]}}