{"id":3411,"date":"2024-08-27T10:24:59","date_gmt":"2024-08-27T10:24:59","guid":{"rendered":"https:\/\/rcsyd.se\/konsdysforiregistret\/?page_id=3411"},"modified":"2024-08-27T10:24:59","modified_gmt":"2024-08-27T10:24:59","slug":"registrering","status":"publish","type":"page","link":"https:\/\/rcsyd.se\/konsdysforiregistret\/registrering","title":{"rendered":"Registrering"},"content":{"rendered":"<h1>Registrering<\/h1>\n<p>Via menyn till v\u00e4nster finner du information om registrering och hur registrering i K\u00f6nsdysforiregistret g\u00e5r till.<\/p>\n","protected":false},"excerpt":{"rendered":"<p>Registrering Via menyn till v\u00e4nster finner du information om registrering och hur registrering i K\u00f6nsdysforiregistret g\u00e5r till.<\/p>\n","protected":false},"author":3,"featured_media":0,"parent":0,"menu_order":0,"comment_status":"closed","ping_status":"closed","template":"","meta":{"_acf_changed":false,"footnotes":""},"acf":[],"_links":{"self":[{"href":"https:\/\/rcsyd.se\/konsdysforiregistret\/wp-json\/wp\/v2\/pages\/3411"}],"collection":[{"href":"https:\/\/rcsyd.se\/konsdysforiregistret\/wp-json\/wp\/v2\/pages"}],"about":[{"href":"https:\/\/rcsyd.se\/konsdysforiregistret\/wp-json\/wp\/v2\/types\/page"}],"author":[{"embeddable":true,"href":"https:\/\/rcsyd.se\/konsdysforiregistret\/wp-json\/wp\/v2\/users\/3"}],"replies":[{"embeddable":true,"href":"https:\/\/rcsyd.se\/konsdysforiregistret\/wp-json\/wp\/v2\/comments?post=3411"}],"version-history":[{"count":1,"href":"https:\/\/rcsyd.se\/konsdysforiregistret\/wp-json\/wp\/v2\/pages\/3411\/revisions"}],"predecessor-version":[{"id":3412,"href":"https:\/\/rcsyd.se\/konsdysforiregistret\/wp-json\/wp\/v2\/pages\/3411\/revisions\/3412"}],"wp:attachment":[{"href":"https:\/\/rcsyd.se\/konsdysforiregistret\/wp-json\/wp\/v2\/media?parent=3411"}],"curies":[{"name":"wp","href":"https:\/\/api.w.org\/{rel}","templated":true}]}}