{"id":3400,"date":"2024-08-27T09:26:34","date_gmt":"2024-08-27T09:26:34","guid":{"rendered":"https:\/\/rcsyd.se\/konsdysforiregistret\/?page_id=3400"},"modified":"2024-08-27T09:27:45","modified_gmt":"2024-08-27T09:27:45","slug":"ovriga-publikationer","status":"publish","type":"page","link":"https:\/\/rcsyd.se\/konsdysforiregistret\/publikationer\/ovriga-publikationer","title":{"rendered":"\u00d6vriga publikationer"},"content":{"rendered":"<h1>\u00d6vriga publikationer<\/h1>\n<p><em>F\u00f6r n\u00e4rvarande finns inga \u00f6vriga publikationer.<\/em><\/p>\n","protected":false},"excerpt":{"rendered":"<p>\u00d6vriga publikationer F\u00f6r n\u00e4rvarande finns inga \u00f6vriga publikationer.<\/p>\n","protected":false},"author":3,"featured_media":0,"parent":3396,"menu_order":0,"comment_status":"closed","ping_status":"closed","template":"","meta":{"_acf_changed":false,"footnotes":""},"acf":[],"_links":{"self":[{"href":"https:\/\/rcsyd.se\/konsdysforiregistret\/wp-json\/wp\/v2\/pages\/3400"}],"collection":[{"href":"https:\/\/rcsyd.se\/konsdysforiregistret\/wp-json\/wp\/v2\/pages"}],"about":[{"href":"https:\/\/rcsyd.se\/konsdysforiregistret\/wp-json\/wp\/v2\/types\/page"}],"author":[{"embeddable":true,"href":"https:\/\/rcsyd.se\/konsdysforiregistret\/wp-json\/wp\/v2\/users\/3"}],"replies":[{"embeddable":true,"href":"https:\/\/rcsyd.se\/konsdysforiregistret\/wp-json\/wp\/v2\/comments?post=3400"}],"version-history":[{"count":2,"href":"https:\/\/rcsyd.se\/konsdysforiregistret\/wp-json\/wp\/v2\/pages\/3400\/revisions"}],"predecessor-version":[{"id":3403,"href":"https:\/\/rcsyd.se\/konsdysforiregistret\/wp-json\/wp\/v2\/pages\/3400\/revisions\/3403"}],"up":[{"embeddable":true,"href":"https:\/\/rcsyd.se\/konsdysforiregistret\/wp-json\/wp\/v2\/pages\/3396"}],"wp:attachment":[{"href":"https:\/\/rcsyd.se\/konsdysforiregistret\/wp-json\/wp\/v2\/media?parent=3400"}],"curies":[{"name":"wp","href":"https:\/\/api.w.org\/{rel}","templated":true}]}}