{"id":3399,"date":"2024-08-27T09:29:38","date_gmt":"2024-08-27T09:29:38","guid":{"rendered":"https:\/\/rcsyd.se\/konsdysforiregistret\/?page_id=3399"},"modified":"2024-10-09T13:09:20","modified_gmt":"2024-10-09T13:09:20","slug":"arsrapporter","status":"publish","type":"page","link":"https:\/\/rcsyd.se\/konsdysforiregistret\/publikationer\/arsrapporter","title":{"rendered":"\u00c5rsrapporter"},"content":{"rendered":"<h1>\u00c5rsrapporter<\/h1>\n<p>Via nedladdningsboxen p\u00e5 denna sida hittar du nedladdningsbara \u00e5rsrapporter fr\u00e5n K\u00f6nsdysforiregistret.<\/p>\n","protected":false},"excerpt":{"rendered":"<p>\u00c5rsrapporter Via nedladdningsboxen p\u00e5 denna sida hittar du nedladdningsbara \u00e5rsrapporter fr\u00e5n K\u00f6nsdysforiregistret.<\/p>\n","protected":false},"author":3,"featured_media":0,"parent":3396,"menu_order":0,"comment_status":"closed","ping_status":"closed","template":"","meta":{"_acf_changed":false,"footnotes":""},"acf":[],"_links":{"self":[{"href":"https:\/\/rcsyd.se\/konsdysforiregistret\/wp-json\/wp\/v2\/pages\/3399"}],"collection":[{"href":"https:\/\/rcsyd.se\/konsdysforiregistret\/wp-json\/wp\/v2\/pages"}],"about":[{"href":"https:\/\/rcsyd.se\/konsdysforiregistret\/wp-json\/wp\/v2\/types\/page"}],"author":[{"embeddable":true,"href":"https:\/\/rcsyd.se\/konsdysforiregistret\/wp-json\/wp\/v2\/users\/3"}],"replies":[{"embeddable":true,"href":"https:\/\/rcsyd.se\/konsdysforiregistret\/wp-json\/wp\/v2\/comments?post=3399"}],"version-history":[{"count":3,"href":"https:\/\/rcsyd.se\/konsdysforiregistret\/wp-json\/wp\/v2\/pages\/3399\/revisions"}],"predecessor-version":[{"id":3438,"href":"https:\/\/rcsyd.se\/konsdysforiregistret\/wp-json\/wp\/v2\/pages\/3399\/revisions\/3438"}],"up":[{"embeddable":true,"href":"https:\/\/rcsyd.se\/konsdysforiregistret\/wp-json\/wp\/v2\/pages\/3396"}],"wp:attachment":[{"href":"https:\/\/rcsyd.se\/konsdysforiregistret\/wp-json\/wp\/v2\/media?parent=3399"}],"curies":[{"name":"wp","href":"https:\/\/api.w.org\/{rel}","templated":true}]}}