{"id":3396,"date":"2024-08-27T09:18:47","date_gmt":"2024-08-27T09:18:47","guid":{"rendered":"https:\/\/rcsyd.se\/konsdysforiregistret\/?page_id=3396"},"modified":"2024-08-27T09:18:47","modified_gmt":"2024-08-27T09:18:47","slug":"publikationer","status":"publish","type":"page","link":"https:\/\/rcsyd.se\/konsdysforiregistret\/publikationer","title":{"rendered":"Publikationer"},"content":{"rendered":"<h1>Publikationer<\/h1>\n<p>Via menyn till v\u00e4nster kan du hitta olika typer av publikationer som K\u00f6nsdysforiregistret f\u00f6rfattat eller deltagit i.<\/p>\n","protected":false},"excerpt":{"rendered":"<p>Publikationer Via menyn till v\u00e4nster kan du hitta olika typer av publikationer som K\u00f6nsdysforiregistret f\u00f6rfattat eller deltagit i.<\/p>\n","protected":false},"author":3,"featured_media":0,"parent":0,"menu_order":0,"comment_status":"closed","ping_status":"closed","template":"","meta":{"_acf_changed":false,"footnotes":""},"acf":[],"_links":{"self":[{"href":"https:\/\/rcsyd.se\/konsdysforiregistret\/wp-json\/wp\/v2\/pages\/3396"}],"collection":[{"href":"https:\/\/rcsyd.se\/konsdysforiregistret\/wp-json\/wp\/v2\/pages"}],"about":[{"href":"https:\/\/rcsyd.se\/konsdysforiregistret\/wp-json\/wp\/v2\/types\/page"}],"author":[{"embeddable":true,"href":"https:\/\/rcsyd.se\/konsdysforiregistret\/wp-json\/wp\/v2\/users\/3"}],"replies":[{"embeddable":true,"href":"https:\/\/rcsyd.se\/konsdysforiregistret\/wp-json\/wp\/v2\/comments?post=3396"}],"version-history":[{"count":2,"href":"https:\/\/rcsyd.se\/konsdysforiregistret\/wp-json\/wp\/v2\/pages\/3396\/revisions"}],"predecessor-version":[{"id":3398,"href":"https:\/\/rcsyd.se\/konsdysforiregistret\/wp-json\/wp\/v2\/pages\/3396\/revisions\/3398"}],"wp:attachment":[{"href":"https:\/\/rcsyd.se\/konsdysforiregistret\/wp-json\/wp\/v2\/media?parent=3396"}],"curies":[{"name":"wp","href":"https:\/\/api.w.org\/{rel}","templated":true}]}}