{"id":3391,"date":"2024-08-27T08:43:15","date_gmt":"2024-08-27T08:43:15","guid":{"rendered":"https:\/\/rcsyd.se\/konsdysforiregistret\/?page_id=3391"},"modified":"2025-05-13T12:57:00","modified_gmt":"2025-05-13T12:57:00","slug":"patientinformation","status":"publish","type":"page","link":"https:\/\/rcsyd.se\/konsdysforiregistret\/patientinformation","title":{"rendered":"Patientinformation"},"content":{"rendered":"<h1>Patientinformation<\/h1>\n<p>Via menyn till v\u00e4nster finner du information och material f\u00f6r patienter om k\u00f6nsdysfori och kvalitetsregister.<\/p>\n","protected":false},"excerpt":{"rendered":"<p>Patientinformation Via menyn till v\u00e4nster finner du information och material f\u00f6r patienter om k\u00f6nsdysfori och kvalitetsregister.<\/p>\n","protected":false},"author":3,"featured_media":0,"parent":0,"menu_order":0,"comment_status":"closed","ping_status":"closed","template":"","meta":{"_acf_changed":false,"footnotes":""},"acf":[],"_links":{"self":[{"href":"https:\/\/rcsyd.se\/konsdysforiregistret\/wp-json\/wp\/v2\/pages\/3391"}],"collection":[{"href":"https:\/\/rcsyd.se\/konsdysforiregistret\/wp-json\/wp\/v2\/pages"}],"about":[{"href":"https:\/\/rcsyd.se\/konsdysforiregistret\/wp-json\/wp\/v2\/types\/page"}],"author":[{"embeddable":true,"href":"https:\/\/rcsyd.se\/konsdysforiregistret\/wp-json\/wp\/v2\/users\/3"}],"replies":[{"embeddable":true,"href":"https:\/\/rcsyd.se\/konsdysforiregistret\/wp-json\/wp\/v2\/comments?post=3391"}],"version-history":[{"count":7,"href":"https:\/\/rcsyd.se\/konsdysforiregistret\/wp-json\/wp\/v2\/pages\/3391\/revisions"}],"predecessor-version":[{"id":3460,"href":"https:\/\/rcsyd.se\/konsdysforiregistret\/wp-json\/wp\/v2\/pages\/3391\/revisions\/3460"}],"wp:attachment":[{"href":"https:\/\/rcsyd.se\/konsdysforiregistret\/wp-json\/wp\/v2\/media?parent=3391"}],"curies":[{"name":"wp","href":"https:\/\/api.w.org\/{rel}","templated":true}]}}