{"id":3383,"date":"2024-08-27T08:39:00","date_gmt":"2024-08-27T08:39:00","guid":{"rendered":"https:\/\/rcsyd.se\/konsdysforiregistret\/?page_id=3383"},"modified":"2025-02-04T09:53:29","modified_gmt":"2025-02-04T09:53:29","slug":"lankar","status":"publish","type":"page","link":"https:\/\/rcsyd.se\/konsdysforiregistret\/lankar","title":{"rendered":"L\u00e4nkar"},"content":{"rendered":"<h1 align=\"left\">L\u00e4nkar<\/h1>\n<h2 align=\"left\">Mer om kvalitetsregister<\/h2>\n<p><strong>St\u00f6dfunktionen f\u00f6r nationella kvalitetsregister<\/strong><br \/>\n<a href=\"http:\/\/www.kvalitetsregister.se\/\" target=\"_blank\" rel=\"noopener noreferrer\">Klicka h\u00e4r f\u00f6r att komma till mer information.<\/a><\/p>\n<p><strong>Registercentrum Syd<\/strong><br \/>\n<a href=\"https:\/\/rcsyd.se\/\" target=\"_blank\" rel=\"noopener noreferrer\">Klicka h\u00e4r f\u00f6r att komma till mer information.<\/a><\/p>\n<h2>Mer om k\u00f6nsdysfori<\/h2>\n<p><strong>Transformering<\/strong><br \/>\n<a href=\"http:\/\/www.transformering.se\/\" target=\"_blank\" rel=\"noopener\">Klicka h\u00e4r f\u00f6r att komma till mer information.<\/a><\/p>\n<p><strong>Socialstyrelsen: Nationellt kunskapsst\u00f6d, God v\u00e5rd av vuxna med k\u00f6nsdysfori<\/strong><br \/>\n<a href=\"https:\/\/www.socialstyrelsen.se\/kunskapsstod-och-regler\/regler-och-riktlinjer\/nationella-kunskapsstod\/publicerade-kunskapsstod\/vuxna-med-konsdysfori\/\" target=\"_blank\" rel=\"noopener\">Klicka h\u00e4r f\u00f6r att komma till mer information.<\/a><\/p>\n<p><strong>Socialstyrelsen: Nationellt kunskapsst\u00f6d, V\u00e5rd av barn och ungdomar med k\u00f6nsdysfori<\/strong><br \/>\n<a href=\"https:\/\/www.socialstyrelsen.se\/kunskapsstod-och-regler\/regler-och-riktlinjer\/nationella-kunskapsstod\/publicerade-kunskapsstod\/barn-och-unga-med-konsdysfori\/\" target=\"_blank\" rel=\"noopener\">Klicka h\u00e4r f\u00f6r att komma till mer information.<\/a><\/p>\n<h2>Andra organisationer<\/h2>\n<p><strong>WPATH (World Professional Association for Transgender Health)<\/strong><br \/>\n<a href=\"http:\/\/www.wpath.org\/\" target=\"_blank\" rel=\"noopener\">Klicka h\u00e4r f\u00f6r att komma till mer information.<\/a><\/p>\n<p><strong>RFSL (Riksf\u00f6rbundet f\u00f6r homosexuellas, bisexuellas, transpersoners, queeras och intersexpersoners r\u00e4ttigheter)<\/strong><br \/>\n<a href=\"http:\/\/www.rfsl.se\/\" target=\"_blank\" rel=\"noopener\">Klicka h\u00e4r f\u00f6r att komma till mer information.<\/a><\/p>\n<p><strong>RFSL Ungdom<\/strong><br \/>\n<a href=\"http:\/\/rfslungdom.se\/\" target=\"_blank\" rel=\"noopener\">Klicka h\u00e4r f\u00f6r att komma till mer information.<\/a><\/p>\n<h2>Mer om v\u00e5rd<\/h2>\n<p><strong>1177 sjukv\u00e5rdsr\u00e5dgivning<\/strong><br \/>\n<a href=\"https:\/\/www.1177.se\/\" target=\"_blank\" rel=\"noopener\">Klicka h\u00e4r f\u00f6r att komma till mer information.<\/a><\/p>\n<p>Observera att inneh\u00e5llet p\u00e5 1177 kan variera beroende p\u00e5 vilken region du \u00e4r inne och l\u00e4ser p\u00e5 (se \u00f6vre v\u00e4nstra h\u00f6rnet p\u00e5 sidan du kommer till).<\/p>\n","protected":false},"excerpt":{"rendered":"<p>L\u00e4nkar Mer om kvalitetsregister St\u00f6dfunktionen f\u00f6r nationella kvalitetsregister Klicka h\u00e4r f\u00f6r att komma till mer information. Registercentrum Syd Klicka h\u00e4r f\u00f6r att komma till mer information. Mer om k\u00f6nsdysfori Transformering Klicka h\u00e4r f\u00f6r att komma till mer information. Socialstyrelsen: Nationellt kunskapsst\u00f6d, God v\u00e5rd av vuxna med k\u00f6nsdysfori Klicka h\u00e4r f\u00f6r att komma till mer information&#8230;. <a class=\"read-more\" href=\"https:\/\/rcsyd.se\/konsdysforiregistret\/lankar\">L\u00e4s mer<\/a><\/p>\n","protected":false},"author":3,"featured_media":0,"parent":0,"menu_order":0,"comment_status":"closed","ping_status":"closed","template":"","meta":{"_acf_changed":false,"footnotes":""},"acf":[],"_links":{"self":[{"href":"https:\/\/rcsyd.se\/konsdysforiregistret\/wp-json\/wp\/v2\/pages\/3383"}],"collection":[{"href":"https:\/\/rcsyd.se\/konsdysforiregistret\/wp-json\/wp\/v2\/pages"}],"about":[{"href":"https:\/\/rcsyd.se\/konsdysforiregistret\/wp-json\/wp\/v2\/types\/page"}],"author":[{"embeddable":true,"href":"https:\/\/rcsyd.se\/konsdysforiregistret\/wp-json\/wp\/v2\/users\/3"}],"replies":[{"embeddable":true,"href":"https:\/\/rcsyd.se\/konsdysforiregistret\/wp-json\/wp\/v2\/comments?post=3383"}],"version-history":[{"count":2,"href":"https:\/\/rcsyd.se\/konsdysforiregistret\/wp-json\/wp\/v2\/pages\/3383\/revisions"}],"predecessor-version":[{"id":3451,"href":"https:\/\/rcsyd.se\/konsdysforiregistret\/wp-json\/wp\/v2\/pages\/3383\/revisions\/3451"}],"wp:attachment":[{"href":"https:\/\/rcsyd.se\/konsdysforiregistret\/wp-json\/wp\/v2\/media?parent=3383"}],"curies":[{"name":"wp","href":"https:\/\/api.w.org\/{rel}","templated":true}]}}