{"id":3375,"date":"2024-08-27T08:29:47","date_gmt":"2024-08-27T08:29:47","guid":{"rendered":"https:\/\/rcsyd.se\/konsdysforiregistret\/?page_id=3375"},"modified":"2024-08-27T08:29:47","modified_gmt":"2024-08-27T08:29:47","slug":"om-konsdysforiregistret","status":"publish","type":"page","link":"https:\/\/rcsyd.se\/konsdysforiregistret\/om-konsdysforiregistret","title":{"rendered":"Om K\u00f6nsdysforiregistret"},"content":{"rendered":"<h1>Om K\u00f6nsdysforiregistret<\/h1>\n<p>K\u00f6nsbekr\u00e4ftande medicinsk behandling vid k\u00f6nsdysfori har i ett flertal utl\u00e4ndska och svenska studier visat sig reducera k\u00f6nsdysfori och f\u00f6rb\u00e4ttra psykisk h\u00e4lsa.<br \/>\nK\u00f6nsdysforiregistret startades v\u00e5ren 2017 som ett led i att k\u00f6nsdysforiv\u00e5rden \u00f6kat de senaste f\u00f6reg\u00e5ende \u00e5ren.<\/p>\n<p>Kvalitetsregistret inneb\u00e4r en mycket viktig m\u00f6jlighet att f\u00f6lja upp v\u00e5rden f\u00f6r att f\u00f6rb\u00e4ttra den och s\u00e4kerst\u00e4lla gott medicinskt och s\u00e4kert omh\u00e4ndertagande av patienterna. Registret kommer ocks\u00e5 att g\u00f6ra det m\u00f6jligt att bedriva ett verksamhetsn\u00e4ra kvalitetsarbete i v\u00e5rdkedjan.<\/p>\n<p>Via menyn till v\u00e4nster hittar du mer information om K\u00f6nsdysforiregistret.<\/p>\n<p><a href=\"https:\/\/rcsyd.se\/konsdysforiregistret\/om-konsdysforiregistret\/attachment\/konsdysforisnurra-2016\" target=\"_blank\" rel=\"attachment noopener wp-att-3320\"><img loading=\"lazy\" decoding=\"async\" class=\"aligncenter wp-image-3320 size-full\" src=\"https:\/\/rcsyd.se\/konsdysforiregistret\/wp-content\/uploads\/sites\/20\/2024\/03\/Konsdysforisnurra-2016.png\" alt=\"Snurra med \u00e5tta f\u00e4lt som beskriver \u00e5tta livsomr\u00e5den: Psykisk h\u00e4lsa, fysisk h\u00e4lsa, r\u00f6st och kommunikation, k\u00f6nsinkongruens, upplevelse av v\u00e5rden, relationer, delaktighet i samh\u00e4llet, samt sexuell h\u00e4lsa. Under bilden listas de punkter som finns listade p\u00e5 bilden f\u00f6r respektive omr\u00e5de.\" width=\"1200\" height=\"1189\" srcset=\"https:\/\/rcsyd.se\/konsdysforiregistret\/wp-content\/uploads\/sites\/20\/2024\/03\/Konsdysforisnurra-2016.png 1200w, https:\/\/rcsyd.se\/konsdysforiregistret\/wp-content\/uploads\/sites\/20\/2024\/03\/Konsdysforisnurra-2016-300x297.png 300w, https:\/\/rcsyd.se\/konsdysforiregistret\/wp-content\/uploads\/sites\/20\/2024\/03\/Konsdysforisnurra-2016-1024x1015.png 1024w, https:\/\/rcsyd.se\/konsdysforiregistret\/wp-content\/uploads\/sites\/20\/2024\/03\/Konsdysforisnurra-2016-150x150.png 150w, https:\/\/rcsyd.se\/konsdysforiregistret\/wp-content\/uploads\/sites\/20\/2024\/03\/Konsdysforisnurra-2016-768x761.png 768w\" sizes=\"(max-width: 1200px) 100vw, 1200px\" \/><\/a><\/p>\n<p>F\u00f6r \u00f6kad tillg\u00e4nglighet listas \u00e4ven livsomr\u00e5dena i bilden ovan i skriftform nedan.<\/p>\n<h2>Sexuell h\u00e4lsa<\/h2>\n<p>Tillfredsst\u00e4llelse<br \/>\nS\u00e4kerhet\/utsatthet<br \/>\nH\u00e4lsov\u00e5rd<br \/>\nFertilitet<\/p>\n<h2>R\u00f6st och kommunikation<\/h2>\n<p>F\u00f6r\u00e4ndring av r\u00f6sten<br \/>\nN\u00f6jdhet med r\u00f6sten<br \/>\nSj\u00e4lvfortroende<br \/>\nEmpowerment<\/p>\n<h2>Upplevelse av v\u00e5rden<\/h2>\n<p>Bem\u00f6tande<br \/>\nTillg\u00e4nglighet<br \/>\nKommunikation<br \/>\nSt\u00f6d i transition<\/p>\n<h2>Psykisk h\u00e4lsa<\/h2>\n<p>Psykiskt v\u00e4lbefinnande<br \/>\nDepression\/\u00e5ngest<br \/>\n\u00c4tst\u00f6rningar<br \/>\nSuicidalitet\/sj\u00e4lvskadande<\/p>\n<h2>Relationer<\/h2>\n<p>Acceptans<br \/>\nFamiljesituation<br \/>\nSt\u00f6d<br \/>\nUtanf\u00f6rskap<\/p>\n<h2>Fysisk h\u00e4lsa<\/h2>\n<p>Effekter och komplikationer<br \/>\nSomatiska riskfaktorer<br \/>\nAlkohol, droger, tobak<br \/>\nFysisk funktion och sm\u00e4rta<\/p>\n<h2>K\u00f6nsinkongruens<\/h2>\n<p>Kroppsdysfori<br \/>\nTransitionsgrad<br \/>\n\u00c5nger<br \/>\nSj\u00e4lvacceptans<\/p>\n<h2>Delaktighet i samh\u00e4llet<\/h2>\n<p>F\u00f6rs\u00f6rjning<br \/>\nBoende<br \/>\nHot och mobbning<br \/>\nSyssels\u00e4ttning<\/p>\n","protected":false},"excerpt":{"rendered":"<p>Om K\u00f6nsdysforiregistret K\u00f6nsbekr\u00e4ftande medicinsk behandling vid k\u00f6nsdysfori har i ett flertal utl\u00e4ndska och svenska studier visat sig reducera k\u00f6nsdysfori och f\u00f6rb\u00e4ttra psykisk h\u00e4lsa. K\u00f6nsdysforiregistret startades v\u00e5ren 2017 som ett led i att k\u00f6nsdysforiv\u00e5rden \u00f6kat de senaste f\u00f6reg\u00e5ende \u00e5ren. Kvalitetsregistret inneb\u00e4r en mycket viktig m\u00f6jlighet att f\u00f6lja upp v\u00e5rden f\u00f6r att f\u00f6rb\u00e4ttra den och s\u00e4kerst\u00e4lla gott&#8230; <a class=\"read-more\" href=\"https:\/\/rcsyd.se\/konsdysforiregistret\/om-konsdysforiregistret\">L\u00e4s mer<\/a><\/p>\n","protected":false},"author":3,"featured_media":0,"parent":0,"menu_order":0,"comment_status":"closed","ping_status":"closed","template":"","meta":{"_acf_changed":false,"footnotes":""},"acf":[],"_links":{"self":[{"href":"https:\/\/rcsyd.se\/konsdysforiregistret\/wp-json\/wp\/v2\/pages\/3375"}],"collection":[{"href":"https:\/\/rcsyd.se\/konsdysforiregistret\/wp-json\/wp\/v2\/pages"}],"about":[{"href":"https:\/\/rcsyd.se\/konsdysforiregistret\/wp-json\/wp\/v2\/types\/page"}],"author":[{"embeddable":true,"href":"https:\/\/rcsyd.se\/konsdysforiregistret\/wp-json\/wp\/v2\/users\/3"}],"replies":[{"embeddable":true,"href":"https:\/\/rcsyd.se\/konsdysforiregistret\/wp-json\/wp\/v2\/comments?post=3375"}],"version-history":[{"count":1,"href":"https:\/\/rcsyd.se\/konsdysforiregistret\/wp-json\/wp\/v2\/pages\/3375\/revisions"}],"predecessor-version":[{"id":3376,"href":"https:\/\/rcsyd.se\/konsdysforiregistret\/wp-json\/wp\/v2\/pages\/3375\/revisions\/3376"}],"wp:attachment":[{"href":"https:\/\/rcsyd.se\/konsdysforiregistret\/wp-json\/wp\/v2\/media?parent=3375"}],"curies":[{"name":"wp","href":"https:\/\/api.w.org\/{rel}","templated":true}]}}