{"id":3333,"date":"2024-04-17T09:05:25","date_gmt":"2024-04-17T09:05:25","guid":{"rendered":"https:\/\/rcsyd.se\/konsdysforiregistret\/?page_id=3333"},"modified":"2024-05-21T09:30:18","modified_gmt":"2024-05-21T09:30:18","slug":"aktuell-statistik","status":"publish","type":"page","link":"https:\/\/rcsyd.se\/konsdysforiregistret\/aktuell-statistik","title":{"rendered":"Aktuell statistik"},"content":{"rendered":"<h1>Aktuell statistik<\/h1>\n<p>P\u00e5 denna sida kan du se och ladda ner aktuell statistik fr\u00e5n K\u00f6nsdysforiregistret.<\/p>\n<p><script type=\"text\/javascript\" src=\"https:\/\/app.comporto.se\/inc\/jquery-1.5.1.min.js\"><\/script>\r\n<script>function loadChartHTML(target,link,w,h,params){$(\"#\"+target).load(link+\"?w=\"+w+\"&h=\"+h+params);}<\/script>\r\n<script src=\"https:\/\/app.comporto.se\/uploads\/facelift\/js\/Chart.min.js\"><\/script>\r\n<script src=\"https:\/\/cdnjs.cloudflare.com\/ajax\/libs\/jspdf\/1.3.4\/jspdf.min.js\"><\/script><\/p>\n<p><div id=\"box\"><b>H\u00e4mtar data - <a href=\"https:\/\/centurion.comporto.se\/svc\/kdr\/totpat\/?w=800&h=380&js=1\">antal registrerade patienter per klinik<\/a><\/b><\/div>\r\n<script>$(document).ready(function(){loadChartHTML(\"box\",\"https:\/\/centurion.comporto.se\/svc\/kdr\/totpat\/\",800,380,\"\");});<\/script><\/p>\n<p>&nbsp;<\/p>\n<p>&nbsp;<\/p>\n","protected":false},"excerpt":{"rendered":"<p>Aktuell statistik P\u00e5 denna sida kan du se och ladda ner aktuell statistik fr\u00e5n K\u00f6nsdysforiregistret. H\u00e4mtar data &#8211; antal registrerade patienter per klinik &nbsp; &nbsp;<\/p>\n","protected":false},"author":3,"featured_media":0,"parent":0,"menu_order":0,"comment_status":"closed","ping_status":"closed","template":"","meta":{"_acf_changed":false,"footnotes":""},"acf":[],"_links":{"self":[{"href":"https:\/\/rcsyd.se\/konsdysforiregistret\/wp-json\/wp\/v2\/pages\/3333"}],"collection":[{"href":"https:\/\/rcsyd.se\/konsdysforiregistret\/wp-json\/wp\/v2\/pages"}],"about":[{"href":"https:\/\/rcsyd.se\/konsdysforiregistret\/wp-json\/wp\/v2\/types\/page"}],"author":[{"embeddable":true,"href":"https:\/\/rcsyd.se\/konsdysforiregistret\/wp-json\/wp\/v2\/users\/3"}],"replies":[{"embeddable":true,"href":"https:\/\/rcsyd.se\/konsdysforiregistret\/wp-json\/wp\/v2\/comments?post=3333"}],"version-history":[{"count":6,"href":"https:\/\/rcsyd.se\/konsdysforiregistret\/wp-json\/wp\/v2\/pages\/3333\/revisions"}],"predecessor-version":[{"id":3470,"href":"https:\/\/rcsyd.se\/konsdysforiregistret\/wp-json\/wp\/v2\/pages\/3333\/revisions\/3470"}],"wp:attachment":[{"href":"https:\/\/rcsyd.se\/konsdysforiregistret\/wp-json\/wp\/v2\/media?parent=3333"}],"curies":[{"name":"wp","href":"https:\/\/api.w.org\/{rel}","templated":true}]}}