{"id":2707,"date":"2024-08-27T08:19:25","date_gmt":"2024-08-27T08:19:25","guid":{"rendered":"https:\/\/rcsyd.se\/konsdysforiregistret\/?page_id=2707"},"modified":"2024-08-27T08:30:05","modified_gmt":"2024-08-27T08:30:05","slug":"bakgrund-och-syfte","status":"publish","type":"page","link":"https:\/\/rcsyd.se\/konsdysforiregistret\/om-konsdysforiregistret\/bakgrund-och-syfte","title":{"rendered":"Bakgrund och syfte"},"content":{"rendered":"<h1>Bakgrund och syfte<\/h1>\n<h2>Bakgrund<\/h2>\n<p>K\u00f6nsdysfori inneb\u00e4r att en person har ett lidande av att kroppen inte st\u00e4mmer \u00f6verens med den upplevda k\u00f6nsidentiteten. D\u00e5 diagnosen \u00e4r fastst\u00e4lld inleds behandling i syfte att g\u00f6ra kroppen mer kongruent med den upplevda k\u00f6nsidentiteten. Antalet personer som s\u00f6ker v\u00e5rd f\u00f6r k\u00f6nsdysfori har \u00f6kat kraftigt under de senaste \u00e5ren. St\u00f6rst \u00e4r \u00f6kningen i \u00e5ldrarna under 25 \u00e5r. Under de senaste \u00e5ren \u00e4r det cirka 1 200\u20131 500 personer s\u00f6kt v\u00e4nt sig till v\u00e5rden f\u00f6r utredning av k\u00f6nsdysfori.<\/p>\n<p>K\u00f6nsbekr\u00e4ftande medicinsk behandling vid k\u00f6nsdysfori har i ett flertal utl\u00e4ndska och svenska studier visat sig reducera k\u00f6nsdysfori och f\u00f6rb\u00e4ttra psykisk h\u00e4lsa. Antal personer som \u00e5ngrar sig \u00e4r mycket f\u00e5 och var i Sverige mellan \u00e5ren 1960\u20132010 15 individer, vilket motsvarar 2,2 %. De flesta av dessa, 11 av 15, hade f\u00e5tt sin behandling f\u00f6re 1990.<br \/>\nNy lagstiftning sedan 2013 g\u00e4llande att steriliseringskravet upph\u00f6r inneb\u00e4r att alla patienter inte l\u00e4ngre genomg\u00e5r genital operation, vilket st\u00e4ller h\u00f6gre krav p\u00e5 medicinska uppf\u00f6ljningar av k\u00f6nsorganen. Vidare \u00e4r tillg\u00e5ngen till v\u00e5rd och v\u00e4ntetider olika i landet.<\/p>\n<p>Utredning och behandling av patientgruppen sker fr\u00e4mst vid sex specialiserade centra i landet. Det \u00e4r ett multidisciplin\u00e4rt arbete och de verksamheter som \u00e4r involverade i v\u00e5rden \u00e4r psykiatri, endokrinologi, plastikkirurgi, gynekologi, reproduktionsmedicin, logopedi, foniatri samt dermatologi. Diagnostisk utredning och k\u00f6nsbekr\u00e4ftande medicinsk behandling f\u00f6ljer Socialstyrelsens nationella kunskapsst\u00f6d &#8221;God v\u00e5rd av vuxna med k\u00f6nsdysfori&#8221; och &#8221;V\u00e5rd av barn och ungdomar med k\u00f6nsdysfori&#8221;.<\/p>\n<p>Som ett led i att k\u00f6nsdysforiv\u00e5rden \u00f6kat b\u00f6rjade v\u00e5ren 2017 ber\u00f6rda delar av h\u00e4lso- och sjukv\u00e5rden att registrera patienter och samla in data i ett nytt nationellt kvalitetsregister \u2013 K\u00f6nsdysforiregistret.<\/p>\n<h2>Syfte<\/h2>\n<p>Syftet med registret \u00e4r att f\u00f6lja upp den v\u00e5rd som ges till patienter som genomg\u00e5r utredning och f\u00e5r behandling f\u00f6r k\u00f6nsdysfori. Kvalitetsregistret ger en mycket viktig m\u00f6jlighet att f\u00f6rb\u00e4ttra v\u00e5rden och s\u00e4kerst\u00e4lla gott medicinskt och s\u00e4kert omh\u00e4ndertagande av patienterna. Registret kommer ocks\u00e5 att g\u00f6ra det m\u00f6jligt att bedriva ett verksamhetsn\u00e4ra kvalitetsarbete i v\u00e5rdkedjan.<\/p>\n","protected":false},"excerpt":{"rendered":"<p>Bakgrund och syfte Bakgrund K\u00f6nsdysfori inneb\u00e4r att en person har ett lidande av att kroppen inte st\u00e4mmer \u00f6verens med den upplevda k\u00f6nsidentiteten. D\u00e5 diagnosen \u00e4r fastst\u00e4lld inleds behandling i syfte att g\u00f6ra kroppen mer kongruent med den upplevda k\u00f6nsidentiteten. Antalet personer som s\u00f6ker v\u00e5rd f\u00f6r k\u00f6nsdysfori har \u00f6kat kraftigt under de senaste \u00e5ren. St\u00f6rst \u00e4r&#8230; <a class=\"read-more\" href=\"https:\/\/rcsyd.se\/konsdysforiregistret\/om-konsdysforiregistret\/bakgrund-och-syfte\">L\u00e4s mer<\/a><\/p>\n","protected":false},"author":3,"featured_media":0,"parent":3375,"menu_order":0,"comment_status":"closed","ping_status":"closed","template":"","meta":{"_acf_changed":false,"footnotes":""},"acf":[],"_links":{"self":[{"href":"https:\/\/rcsyd.se\/konsdysforiregistret\/wp-json\/wp\/v2\/pages\/2707"}],"collection":[{"href":"https:\/\/rcsyd.se\/konsdysforiregistret\/wp-json\/wp\/v2\/pages"}],"about":[{"href":"https:\/\/rcsyd.se\/konsdysforiregistret\/wp-json\/wp\/v2\/types\/page"}],"author":[{"embeddable":true,"href":"https:\/\/rcsyd.se\/konsdysforiregistret\/wp-json\/wp\/v2\/users\/3"}],"replies":[{"embeddable":true,"href":"https:\/\/rcsyd.se\/konsdysforiregistret\/wp-json\/wp\/v2\/comments?post=2707"}],"version-history":[{"count":11,"href":"https:\/\/rcsyd.se\/konsdysforiregistret\/wp-json\/wp\/v2\/pages\/2707\/revisions"}],"predecessor-version":[{"id":3360,"href":"https:\/\/rcsyd.se\/konsdysforiregistret\/wp-json\/wp\/v2\/pages\/2707\/revisions\/3360"}],"up":[{"embeddable":true,"href":"https:\/\/rcsyd.se\/konsdysforiregistret\/wp-json\/wp\/v2\/pages\/3375"}],"wp:attachment":[{"href":"https:\/\/rcsyd.se\/konsdysforiregistret\/wp-json\/wp\/v2\/media?parent=2707"}],"curies":[{"name":"wp","href":"https:\/\/api.w.org\/{rel}","templated":true}]}}