{"id":4771,"date":"2026-04-22T13:04:05","date_gmt":"2026-04-22T13:04:05","guid":{"rendered":"https:\/\/rcsyd.se\/hakir\/?page_id=4771"},"modified":"2026-04-22T13:13:45","modified_gmt":"2026-04-22T13:13:45","slug":"extramaterial-till-arsrapporter","status":"publish","type":"page","link":"https:\/\/rcsyd.se\/hakir\/publikationer\/arsrapporter\/extramaterial-till-arsrapporter","title":{"rendered":"Extramaterial till \u00e5rsrapporter"},"content":{"rendered":"<h1>Extramaterial till \u00e5rsrapporter<\/h1>\n<p>P\u00e5 denna sida finner du extramaterial till respektive \u00e5rs \u00e5rsrapporter fr\u00e5n HAKIR (Handkirurgiskt kvalitetsregister).<\/p>\n<p><em>Sidan \u00e4r under uppbyggnad.<\/em><\/p>\n","protected":false},"excerpt":{"rendered":"<p>Extramaterial till \u00e5rsrapporter P\u00e5 denna sida finner du extramaterial till respektive \u00e5rs \u00e5rsrapporter fr\u00e5n HAKIR (Handkirurgiskt kvalitetsregister). Sidan \u00e4r under uppbyggnad.<\/p>\n","protected":false},"author":3,"featured_media":0,"parent":3646,"menu_order":0,"comment_status":"closed","ping_status":"closed","template":"","meta":{"_acf_changed":false,"footnotes":""},"acf":[],"_links":{"self":[{"href":"https:\/\/rcsyd.se\/hakir\/wp-json\/wp\/v2\/pages\/4771"}],"collection":[{"href":"https:\/\/rcsyd.se\/hakir\/wp-json\/wp\/v2\/pages"}],"about":[{"href":"https:\/\/rcsyd.se\/hakir\/wp-json\/wp\/v2\/types\/page"}],"author":[{"embeddable":true,"href":"https:\/\/rcsyd.se\/hakir\/wp-json\/wp\/v2\/users\/3"}],"replies":[{"embeddable":true,"href":"https:\/\/rcsyd.se\/hakir\/wp-json\/wp\/v2\/comments?post=4771"}],"version-history":[{"count":4,"href":"https:\/\/rcsyd.se\/hakir\/wp-json\/wp\/v2\/pages\/4771\/revisions"}],"predecessor-version":[{"id":4776,"href":"https:\/\/rcsyd.se\/hakir\/wp-json\/wp\/v2\/pages\/4771\/revisions\/4776"}],"up":[{"embeddable":true,"href":"https:\/\/rcsyd.se\/hakir\/wp-json\/wp\/v2\/pages\/3646"}],"wp:attachment":[{"href":"https:\/\/rcsyd.se\/hakir\/wp-json\/wp\/v2\/media?parent=4771"}],"curies":[{"name":"wp","href":"https:\/\/api.w.org\/{rel}","templated":true}]}}