{"id":4665,"date":"2025-12-08T14:54:59","date_gmt":"2025-12-08T14:54:59","guid":{"rendered":"https:\/\/rcsyd.se\/hakir\/?page_id=4665"},"modified":"2026-04-15T06:30:52","modified_gmt":"2026-04-15T06:30:52","slug":"handcenter-linkoping","status":"publish","type":"page","link":"https:\/\/rcsyd.se\/hakir\/deltagande-enheter\/handcenter-linkoping","title":{"rendered":"HandCenter Link\u00f6ping"},"content":{"rendered":"<h1>HandCenter Link\u00f6ping<\/h1>\n<p>Detta \u00e4r en av HAKIR:s (Handkirurgiskt kvalitetsregister) anslutna enheter. Nedan finner du enhetens kontaktuppgifter.<\/p>\n<p><strong>Enhetens adress<br \/>\n<\/strong>ATLEVA Specialistv\u00e5rd Handcenter Link\u00f6ping<br \/>\nS:t Larsgatan 15<br \/>\n58224 Link\u00f6ping<\/p>\n<p><strong>Verksamhetschef<\/strong><br \/>\nUlrika Olbe<\/p>\n<p><strong>Enhetschef<\/strong><br \/>\nMaarit Bj\u00f6rk<\/p>\n<p><strong>HAKIR-koordinator<\/strong><br \/>\nKatarina Fikiert-Tutak<\/p>\n<p><strong>Grundregistrering<\/strong><br \/>\nJa<\/p>\n<p><strong>Ut\u00f6kad registrering<\/strong><br \/>\nJa<\/p>\n<h2>Administration<\/h2>\n<p>Katarina Fikiert-Tutak<br \/>\nE-post: <a href=\"mailto:katarina.fikiert-tutak@handcenter.se\">katarina.fikiert-tutak@handcenter.se<\/a><br \/>\nTelefon: 013-470 06 00<\/p>\n<h2>Mottagning<\/h2>\n<p>E-post: <a href=\"mailto:katarina.fikiert-tutak@handcenter.se\">katarina.fikiert-tutak@handcenter.se<\/a><\/p>\n<h2>Operation<\/h2>\n<p>E-post: <a href=\"mailto:maarit.bjork@handcenter.se\">maarit.bjork@handcenter.se<\/a><\/p>\n<h2>Rehab<\/h2>\n<p><strong>Maarit Bj\u00f6rk<\/strong><br \/>\nE-post: <a href=\"mailto:maarit.bjork@handcenter.se\">maarit.bjork@handcenter.se<\/a><\/p>\n<h2>L\u00e4kare<\/h2>\n<p><strong>Thomas Hansson<\/strong><br \/>\nE-post: <a href=\"mailto:thomas.hansson@handcenter.se\">thomas.hansson@handcenter.se<\/a><\/p>\n<h2>Mer information<\/h2>\n<p><a href=\"https:\/\/handcenter.se\/kliniker\/linkoping\/\" target=\"_blank\" rel=\"noopener\">Klicka h\u00e4r f\u00f6r att komma till mer information hos HandCenter Link\u00f6ping.<\/a><\/p>\n","protected":false},"excerpt":{"rendered":"<p>HandCenter Link\u00f6ping Detta \u00e4r en av HAKIR:s (Handkirurgiskt kvalitetsregister) anslutna enheter. Nedan finner du enhetens kontaktuppgifter. Enhetens adress ATLEVA Specialistv\u00e5rd Handcenter Link\u00f6ping S:t Larsgatan 15 58224 Link\u00f6ping Verksamhetschef Ulrika Olbe Enhetschef Maarit Bj\u00f6rk HAKIR-koordinator Katarina Fikiert-Tutak Grundregistrering Ja Ut\u00f6kad registrering Ja Administration Katarina Fikiert-Tutak E-post: katarina.fikiert-tutak@handcenter.se Telefon: 013-470 06 00 Mottagning E-post: katarina.fikiert-tutak@handcenter.se Operation E-post:&#8230; <a class=\"read-more\" href=\"https:\/\/rcsyd.se\/hakir\/deltagande-enheter\/handcenter-linkoping\">L\u00e4s mer<\/a><\/p>\n","protected":false},"author":3,"featured_media":0,"parent":2714,"menu_order":0,"comment_status":"closed","ping_status":"closed","template":"","meta":{"_acf_changed":false,"footnotes":""},"acf":[],"_links":{"self":[{"href":"https:\/\/rcsyd.se\/hakir\/wp-json\/wp\/v2\/pages\/4665"}],"collection":[{"href":"https:\/\/rcsyd.se\/hakir\/wp-json\/wp\/v2\/pages"}],"about":[{"href":"https:\/\/rcsyd.se\/hakir\/wp-json\/wp\/v2\/types\/page"}],"author":[{"embeddable":true,"href":"https:\/\/rcsyd.se\/hakir\/wp-json\/wp\/v2\/users\/3"}],"replies":[{"embeddable":true,"href":"https:\/\/rcsyd.se\/hakir\/wp-json\/wp\/v2\/comments?post=4665"}],"version-history":[{"count":7,"href":"https:\/\/rcsyd.se\/hakir\/wp-json\/wp\/v2\/pages\/4665\/revisions"}],"predecessor-version":[{"id":4715,"href":"https:\/\/rcsyd.se\/hakir\/wp-json\/wp\/v2\/pages\/4665\/revisions\/4715"}],"up":[{"embeddable":true,"href":"https:\/\/rcsyd.se\/hakir\/wp-json\/wp\/v2\/pages\/2714"}],"wp:attachment":[{"href":"https:\/\/rcsyd.se\/hakir\/wp-json\/wp\/v2\/media?parent=4665"}],"curies":[{"name":"wp","href":"https:\/\/api.w.org\/{rel}","templated":true}]}}