{"id":4663,"date":"2025-12-14T14:50:40","date_gmt":"2025-12-14T14:50:40","guid":{"rendered":"https:\/\/rcsyd.se\/hakir\/?page_id=4663"},"modified":"2026-04-15T06:30:11","modified_gmt":"2026-04-15T06:30:11","slug":"aleris-specialistvard-umea","status":"publish","type":"page","link":"https:\/\/rcsyd.se\/hakir\/deltagande-enheter\/aleris-specialistvard-umea","title":{"rendered":"Aleris Specialistv\u00e5rd Ume\u00e5"},"content":{"rendered":"<h1>Aleris Specialistv\u00e5rd Ume\u00e5<\/h1>\n<p>Detta \u00e4r en av HAKIR:s (Handkirurgiskt kvalitetsregister) anslutna enheter. Nedan finner du enhetens kontaktuppgifter.<\/p>\n<p><strong>Enhetens adress<\/strong><br \/>\nAleris Specialistv\u00e5rd Ume\u00e5<br \/>\nRenmarkstorget 12C<br \/>\n90326 Ume\u00e5<\/p>\n<p><strong>Verksamhetschef<\/strong><br \/>\nPetra Helleday<\/p>\n<p><strong>HAKIR-koordinatorer<\/strong><br \/>\nMari Larsson Burstr\u00f6m och Britt-Marie Berg<\/p>\n<p><strong>Grundregistrering<\/strong><br \/>\nJa<\/p>\n<p><strong>Ut\u00f6kad registrering<\/strong><br \/>\nJa<\/p>\n<h2>Administration<\/h2>\n<p>E-post: <a href=\"mailto:specialistvard.umea@aleris.se\">specialistvard.umea@aleris.se<\/a><br \/>\nTelefon: 070-889 56 82<\/p>\n<h2>Mottagning<\/h2>\n<p>Telefon: 070-889 56 82<\/p>\n<h2>L\u00e4kare<\/h2>\n<p>Aleksandra McGrath<br \/>\nE-post: <a href=\"mailto:aleksandra.mcgrath@aleris.se\">aleksandra.mcgrath@aleris.se<\/a><br \/>\nTelefon: 070-681 55 18<\/p>\n<h2>Mer information<\/h2>\n<p><a href=\"https:\/\/www.aleris.se\/mottagningar\/umea\/renmarkstorget\/ortopedi\/\" target=\"_blank\" rel=\"noopener\">Klicka h\u00e4r f\u00f6r att komma till mer information hos Aleris.<\/a><\/p>\n","protected":false},"excerpt":{"rendered":"<p>Aleris Specialistv\u00e5rd Ume\u00e5 Detta \u00e4r en av HAKIR:s (Handkirurgiskt kvalitetsregister) anslutna enheter. Nedan finner du enhetens kontaktuppgifter. Enhetens adress Aleris Specialistv\u00e5rd Ume\u00e5 Renmarkstorget 12C 90326 Ume\u00e5 Verksamhetschef Petra Helleday HAKIR-koordinatorer Mari Larsson Burstr\u00f6m och Britt-Marie Berg Grundregistrering Ja Ut\u00f6kad registrering Ja Administration E-post: specialistvard.umea@aleris.se Telefon: 070-889 56 82 Mottagning Telefon: 070-889 56 82 L\u00e4kare Aleksandra&#8230; <a class=\"read-more\" href=\"https:\/\/rcsyd.se\/hakir\/deltagande-enheter\/aleris-specialistvard-umea\">L\u00e4s mer<\/a><\/p>\n","protected":false},"author":3,"featured_media":0,"parent":2714,"menu_order":0,"comment_status":"closed","ping_status":"closed","template":"","meta":{"_acf_changed":false,"footnotes":""},"acf":[],"_links":{"self":[{"href":"https:\/\/rcsyd.se\/hakir\/wp-json\/wp\/v2\/pages\/4663"}],"collection":[{"href":"https:\/\/rcsyd.se\/hakir\/wp-json\/wp\/v2\/pages"}],"about":[{"href":"https:\/\/rcsyd.se\/hakir\/wp-json\/wp\/v2\/types\/page"}],"author":[{"embeddable":true,"href":"https:\/\/rcsyd.se\/hakir\/wp-json\/wp\/v2\/users\/3"}],"replies":[{"embeddable":true,"href":"https:\/\/rcsyd.se\/hakir\/wp-json\/wp\/v2\/comments?post=4663"}],"version-history":[{"count":7,"href":"https:\/\/rcsyd.se\/hakir\/wp-json\/wp\/v2\/pages\/4663\/revisions"}],"predecessor-version":[{"id":4714,"href":"https:\/\/rcsyd.se\/hakir\/wp-json\/wp\/v2\/pages\/4663\/revisions\/4714"}],"up":[{"embeddable":true,"href":"https:\/\/rcsyd.se\/hakir\/wp-json\/wp\/v2\/pages\/2714"}],"wp:attachment":[{"href":"https:\/\/rcsyd.se\/hakir\/wp-json\/wp\/v2\/media?parent=4663"}],"curies":[{"name":"wp","href":"https:\/\/api.w.org\/{rel}","templated":true}]}}