{"id":4662,"date":"2025-12-15T06:00:32","date_gmt":"2025-12-15T06:00:32","guid":{"rendered":"https:\/\/rcsyd.se\/hakir\/?page_id=4662"},"modified":"2026-04-15T06:29:44","modified_gmt":"2026-04-15T06:29:44","slug":"aleris-specialistvard-taby","status":"publish","type":"page","link":"https:\/\/rcsyd.se\/hakir\/deltagande-enheter\/aleris-specialistvard-taby","title":{"rendered":"Aleris Specialistv\u00e5rd T\u00e4by"},"content":{"rendered":"<h1>Aleris Specialistv\u00e5rd T\u00e4by<\/h1>\n<p>Detta \u00e4r en av HAKIR:s (Handkirurgiskt kvalitetsregister) anslutna enheter. Nedan finner du enhetens kontaktuppgifter.<\/p>\n<p><strong>Enhetens adress<br \/>\n<\/strong>Aleris Specialistv\u00e5rd T\u00e4by<br \/>\nEsplanaden 9<br \/>\nBox 602<br \/>\n18326 T\u00e4by<\/p>\n<p><strong>Verksamhetschef<\/strong><br \/>\nSarah Lindberg<\/p>\n<p><strong>HAKIR-koordinator<\/strong><br \/>\nHanna Dannhed<\/p>\n<p><strong>Grundregistrering<\/strong><br \/>\nJa<\/p>\n<p><strong>Ut\u00f6kad registrering<\/strong><br \/>\nNej<\/p>\n<h2>Administration<\/h2>\n<p><strong>Hanna Dannhed<\/strong><br \/>\nE-post: <a href=\"mailto:hanna.dannhedlothfors@aleris.se\">hanna.dannhedlothfors@aleris.se<\/a><br \/>\nTelefon: 08-128 175 59<\/p>\n<h2>L\u00e4kare<\/h2>\n<p><strong>Bj\u00f6rn Holm<\/strong><br \/>\nE-post: <a href=\"mailto:bjorn.holm@aleris.se\">bjorn.holm@aleris.se<\/a><\/p>\n<h2>Mer information<\/h2>\n<p><a href=\"https:\/\/www.aleris.se\/mottagningar\/stockholm\/ortopedi-taby\/\" target=\"_blank\" rel=\"noopener\">Klicka h\u00e4r f\u00f6r att komma till mer information hos Aleris.<\/a><\/p>\n","protected":false},"excerpt":{"rendered":"<p>Aleris Specialistv\u00e5rd T\u00e4by Detta \u00e4r en av HAKIR:s (Handkirurgiskt kvalitetsregister) anslutna enheter. Nedan finner du enhetens kontaktuppgifter. Enhetens adress Aleris Specialistv\u00e5rd T\u00e4by Esplanaden 9 Box 602 18326 T\u00e4by Verksamhetschef Sarah Lindberg HAKIR-koordinator Hanna Dannhed Grundregistrering Ja Ut\u00f6kad registrering Nej Administration Hanna Dannhed E-post: hanna.dannhedlothfors@aleris.se Telefon: 08-128 175 59 L\u00e4kare Bj\u00f6rn Holm E-post: bjorn.holm@aleris.se Mer information&#8230; <a class=\"read-more\" href=\"https:\/\/rcsyd.se\/hakir\/deltagande-enheter\/aleris-specialistvard-taby\">L\u00e4s mer<\/a><\/p>\n","protected":false},"author":3,"featured_media":0,"parent":2714,"menu_order":0,"comment_status":"closed","ping_status":"closed","template":"","meta":{"_acf_changed":false,"footnotes":""},"acf":[],"_links":{"self":[{"href":"https:\/\/rcsyd.se\/hakir\/wp-json\/wp\/v2\/pages\/4662"}],"collection":[{"href":"https:\/\/rcsyd.se\/hakir\/wp-json\/wp\/v2\/pages"}],"about":[{"href":"https:\/\/rcsyd.se\/hakir\/wp-json\/wp\/v2\/types\/page"}],"author":[{"embeddable":true,"href":"https:\/\/rcsyd.se\/hakir\/wp-json\/wp\/v2\/users\/3"}],"replies":[{"embeddable":true,"href":"https:\/\/rcsyd.se\/hakir\/wp-json\/wp\/v2\/comments?post=4662"}],"version-history":[{"count":7,"href":"https:\/\/rcsyd.se\/hakir\/wp-json\/wp\/v2\/pages\/4662\/revisions"}],"predecessor-version":[{"id":4712,"href":"https:\/\/rcsyd.se\/hakir\/wp-json\/wp\/v2\/pages\/4662\/revisions\/4712"}],"up":[{"embeddable":true,"href":"https:\/\/rcsyd.se\/hakir\/wp-json\/wp\/v2\/pages\/2714"}],"wp:attachment":[{"href":"https:\/\/rcsyd.se\/hakir\/wp-json\/wp\/v2\/media?parent=4662"}],"curies":[{"name":"wp","href":"https:\/\/api.w.org\/{rel}","templated":true}]}}