{"id":4620,"date":"2026-01-21T10:09:51","date_gmt":"2026-01-21T10:09:51","guid":{"rendered":"https:\/\/rcsyd.se\/hakir\/?page_id=4620"},"modified":"2026-03-04T10:30:07","modified_gmt":"2026-03-04T10:30:07","slug":"aldre-forbattringsarbeten","status":"publish","type":"page","link":"https:\/\/rcsyd.se\/hakir\/forskning\/forbattringsarbeten\/aldre-forbattringsarbeten","title":{"rendered":"\u00c4ldre f\u00f6rb\u00e4ttringsarbeten"},"content":{"rendered":"<h1>\u00c4ldre f\u00f6rb\u00e4ttringsarbeten<\/h1>\n<h2>Patient Reported Outcome Measure \u2013 PROM<\/h2>\n<p>Vi vill presentera PROM data p\u00e5 ett begripligt s\u00e4tt f\u00f6r patienter och f\u00f6r v\u00e5rdpersonal s\u00e5 att vi kan l\u00e4ra oss mer om hur vi kan f\u00f6rb\u00e4ttra v\u00e5rden.<\/p>\n<figure id=\"attachment_4242\" aria-describedby=\"caption-attachment-4242\" style=\"width: 640px\" class=\"wp-caption aligncenter\"><a href=\"https:\/\/rcsyd.se\/hakir\/wp-content\/uploads\/sites\/23\/2026\/01\/Hur-kan-vi-presentera-PROM-pa-basta-satt-poster.png\" target=\"_blank\" rel=\"noopener\"><img loading=\"lazy\" decoding=\"async\" class=\"wp-image-4242 size-large\" src=\"https:\/\/rcsyd.se\/hakir\/wp-content\/uploads\/sites\/23\/2026\/01\/Hur-kan-vi-presentera-PROM-pa-basta-satt-poster-1024x737.png\" alt=\"Poster med rubriken &quot;Hur kan vi presentera patientrapporterat outcome (PROM) p\u00e5 b\u00e4sta s\u00e4tt?&quot;\" width=\"640\" height=\"461\" srcset=\"https:\/\/rcsyd.se\/hakir\/wp-content\/uploads\/sites\/23\/2026\/01\/Hur-kan-vi-presentera-PROM-pa-basta-satt-poster-1024x737.png 1024w, https:\/\/rcsyd.se\/hakir\/wp-content\/uploads\/sites\/23\/2026\/01\/Hur-kan-vi-presentera-PROM-pa-basta-satt-poster-300x216.png 300w, https:\/\/rcsyd.se\/hakir\/wp-content\/uploads\/sites\/23\/2026\/01\/Hur-kan-vi-presentera-PROM-pa-basta-satt-poster-768x553.png 768w, https:\/\/rcsyd.se\/hakir\/wp-content\/uploads\/sites\/23\/2026\/01\/Hur-kan-vi-presentera-PROM-pa-basta-satt-poster.png 1277w\" sizes=\"(max-width: 640px) 100vw, 640px\" \/><\/a><figcaption id=\"caption-attachment-4242\" class=\"wp-caption-text\">Poster: Hur kan vi presentera patientrapporterat outcome (PROM) p\u00e5 b\u00e4sta s\u00e4tt?<\/figcaption><\/figure>\n<h2>Omv\u00e5rdnadsformul\u00e4r<\/h2>\n<p>Ett nationellt omv\u00e5rdnadsprojekt har precis avslutats, [N\u00c4R \u00c4R PRECIS? NU? B\u00c4TTRE ATT SKRIVA IN EXAKT N\u00c4R] efter ett \u00e5rs arbete. Syftet med projektet var att utvidga HAKIR s\u00e5 att registret speglar den omv\u00e5rdnad som g\u00f6rs inom handkirurgin och d\u00e4rmed kunna m\u00f6jligg\u00f6ra f\u00f6r f\u00f6rb\u00e4ttringsarbete och forskning p\u00e5 omr\u00e5det.<\/p>\n<p><a href=\"https:\/\/rcsyd.se\/hakir\/wp-content\/uploads\/sites\/23\/2026\/01\/Projekt-Omvardnadsformular-information.pdf\" target=\"_blank\" rel=\"noopener\">Klicka h\u00e4r f\u00f6r att l\u00e4sa mer information om projektet<\/a> (PDF-format, 174 kB).<\/p>\n<figure id=\"attachment_4244\" aria-describedby=\"caption-attachment-4244\" style=\"width: 640px\" class=\"wp-caption aligncenter\"><a href=\"https:\/\/rcsyd.se\/hakir\/wp-content\/uploads\/sites\/23\/2026\/01\/Projekt-Omvardnadsformular-poster.png\" target=\"_blank\" rel=\"noopener\"><img loading=\"lazy\" decoding=\"async\" class=\"wp-image-4244 size-large\" src=\"https:\/\/rcsyd.se\/hakir\/wp-content\/uploads\/sites\/23\/2026\/01\/Projekt-Omvardnadsformular-poster-1024x734.png\" alt=\"Poster med rubriken &quot;Omv\u00e5rdnadsformul\u00e4r \u2013 Projekt inom Handkirurgiskt kvalitetsregister HAKIR&quot;.\" width=\"640\" height=\"459\" srcset=\"https:\/\/rcsyd.se\/hakir\/wp-content\/uploads\/sites\/23\/2026\/01\/Projekt-Omvardnadsformular-poster-1024x734.png 1024w, https:\/\/rcsyd.se\/hakir\/wp-content\/uploads\/sites\/23\/2026\/01\/Projekt-Omvardnadsformular-poster-300x215.png 300w, https:\/\/rcsyd.se\/hakir\/wp-content\/uploads\/sites\/23\/2026\/01\/Projekt-Omvardnadsformular-poster-768x550.png 768w, https:\/\/rcsyd.se\/hakir\/wp-content\/uploads\/sites\/23\/2026\/01\/Projekt-Omvardnadsformular-poster.png 1281w\" sizes=\"(max-width: 640px) 100vw, 640px\" \/><\/a><figcaption id=\"caption-attachment-4244\" class=\"wp-caption-text\">Poster: Omv\u00e5rdnadsformul\u00e4r \u2013 Projekt inom Handkirurgiskt kvalitetsregister HAKIR<\/figcaption><\/figure>\n<h2>B\u00f6jsenans \u00e5r 2015<\/h2>\n<p>Styrgruppen f\u00f6r HAKIR har beslutat [N\u00c4R? 2014?] att alla sju specialistkliniker fr\u00e5n och med den 1 jan 2015 skall registrera b\u00f6jsensuturer inom zon II (senskideomr\u00e5det) enligt ut\u00f6kad registrering. Detta inneb\u00e4r att ut\u00f6kat operationsformul\u00e4r fylls i p\u00e5 operations- och funktionsformul\u00e4r 3 och 12 m\u00e5nader postoperativt p\u00e5 rehab.<\/p>\n<p><a href=\"https:\/\/rcsyd.se\/hakir\/wp-content\/uploads\/sites\/23\/2026\/01\/Bojsenans-ar-2015-poster.pdf\" target=\"_blank\" rel=\"noopener\">Klicka h\u00e4r f\u00f6r att l\u00e4sa mer om B\u00f6jsenans \u00e5r 2015<\/a> (PDF-format, 562 kB).<\/p>\n<h2>Projekt \u00d6kad patientmedverkan<\/h2>\n<p>I ett arbete f\u00f6r att \u00f6ka patientmedverkan var sex handkirurgikliniker i Sverige med och intervjuade sina opererade patienter. Vi fick f\u00e5tt svar fr\u00e5n Ume\u00e5, Uppsala, Stockholm, Link\u00f6ping, G\u00f6teborg och Malm\u00f6, d\u00e4r tio patienter svarade p\u00e5 tio fr\u00e5gor om v\u00e5ra kliniker och gav oss f\u00f6rb\u00e4ttringsf\u00f6rslag. Svaren \u00e4r anonyma och sammanst\u00e4lldes till d\u00e5varaande SKL (Sveriges Kommuner och Landsting) under maj 2014. Verksamhetschefer f\u00f6r respektive klinik fick en sammanst\u00e4llning av sina egna resultat.<\/p>\n<p><a href=\"https:\/\/rcsyd.se\/hakir\/wp-content\/uploads\/sites\/23\/2026\/01\/Projekt-Okad-patientmedverkan.pdf\" target=\"_blank\" rel=\"noopener\">Klicka h\u00e4r f\u00f6r att l\u00e4sa mer om Projekt \u00d6kad Patientmedverkan<\/a> (PDF-format, 546 kB)<\/p>\n<h2>Tv\u00e5 valideringsprojekt<\/h2>\n<p>I samarbete med Registercentrum Syd skall HAKIR under 2013-14 genomf\u00f6ra tv\u00e5 valideringsprojekt [GJORDES DETTA?]. Dessa syftar till att f\u00f6rb\u00e4ttra kvaliteten p\u00e5 registrerade data, det vill s\u00e4ga uppt\u00e4cka och ta bort felaktiga registreringar. Genom att skapa modeller som uppt\u00e4cker vanliga fel kan stora m\u00e4ngder data automatiskt kontrolleras f\u00f6r felregistreringar, till exempel operationsuppf\u00f6ljning f\u00f6re utf\u00f6rd operation, felaktigt angiven sida, fel operationskod med mera.<\/p>\n<h2>M\u00e4tmanual<\/h2>\n<p>Samtliga i HAKIR deltagande klinikers rehabenheter har samarbetat och skapat en Nationell m\u00e4tmanual f\u00f6r funktionsm\u00e4tningar [N\u00c4R?]. F\u00f6rsta versionen trycktes 2010 och den planeras att revideras \u00e5rligen [HAR DETTA SKETT?]. Manualen inneh\u00e5ller riktlinjer f\u00f6r hur funktionsm\u00e4tningar f\u00f6r r\u00f6relse- och styrkem\u00e4tning av armb\u00e5ge, underarm och hand ska genomf\u00f6ras. Manualen syftar till att \u00e5stadkomma en s\u00e5 h\u00f6g reliabilitet som m\u00f6jligt vid funktionsm\u00e4tningarna i HAKIR och skapa en svensk standard f\u00f6r statustagande.<\/p>\n<p>Klicka h\u00e4r f\u00f6r att komma till manualen och mer information. L\u00e4s g\u00e4rna mer och ladda ner manualen vid fliken Personalinformation.<\/p>\n<h2>Patients\u00e4kerhetsdagen 2010<\/h2>\n<p>Den 16 november 2010 anordnades av Stockholms l\u00e4ns landsting den \u00e5rliga patients\u00e4kerhetsdagen och HAKIR deltog med en poster som beskrev hur kvalitetsregister kan bidra till patientens s\u00e4kerhet.<\/p>\n","protected":false},"excerpt":{"rendered":"<p>\u00c4ldre f\u00f6rb\u00e4ttringsarbeten Patient Reported Outcome Measure \u2013 PROM Vi vill presentera PROM data p\u00e5 ett begripligt s\u00e4tt f\u00f6r patienter och f\u00f6r v\u00e5rdpersonal s\u00e5 att vi kan l\u00e4ra oss mer om hur vi kan f\u00f6rb\u00e4ttra v\u00e5rden. Omv\u00e5rdnadsformul\u00e4r Ett nationellt omv\u00e5rdnadsprojekt har precis avslutats, [N\u00c4R \u00c4R PRECIS? NU? B\u00c4TTRE ATT SKRIVA IN EXAKT N\u00c4R] efter ett \u00e5rs&#8230; <a class=\"read-more\" href=\"https:\/\/rcsyd.se\/hakir\/forskning\/forbattringsarbeten\/aldre-forbattringsarbeten\">L\u00e4s mer<\/a><\/p>\n","protected":false},"author":3,"featured_media":0,"parent":4213,"menu_order":0,"comment_status":"closed","ping_status":"closed","template":"","meta":{"_acf_changed":false,"footnotes":""},"acf":[],"_links":{"self":[{"href":"https:\/\/rcsyd.se\/hakir\/wp-json\/wp\/v2\/pages\/4620"}],"collection":[{"href":"https:\/\/rcsyd.se\/hakir\/wp-json\/wp\/v2\/pages"}],"about":[{"href":"https:\/\/rcsyd.se\/hakir\/wp-json\/wp\/v2\/types\/page"}],"author":[{"embeddable":true,"href":"https:\/\/rcsyd.se\/hakir\/wp-json\/wp\/v2\/users\/3"}],"replies":[{"embeddable":true,"href":"https:\/\/rcsyd.se\/hakir\/wp-json\/wp\/v2\/comments?post=4620"}],"version-history":[{"count":2,"href":"https:\/\/rcsyd.se\/hakir\/wp-json\/wp\/v2\/pages\/4620\/revisions"}],"predecessor-version":[{"id":4628,"href":"https:\/\/rcsyd.se\/hakir\/wp-json\/wp\/v2\/pages\/4620\/revisions\/4628"}],"up":[{"embeddable":true,"href":"https:\/\/rcsyd.se\/hakir\/wp-json\/wp\/v2\/pages\/4213"}],"wp:attachment":[{"href":"https:\/\/rcsyd.se\/hakir\/wp-json\/wp\/v2\/media?parent=4620"}],"curies":[{"name":"wp","href":"https:\/\/api.w.org\/{rel}","templated":true}]}}