{"id":4452,"date":"2026-02-02T07:50:37","date_gmt":"2026-02-02T07:50:37","guid":{"rendered":"https:\/\/rcsyd.se\/hakir\/?page_id=4452"},"modified":"2026-02-26T11:56:34","modified_gmt":"2026-02-26T11:56:34","slug":"bedomningsinstrument","status":"publish","type":"page","link":"https:\/\/rcsyd.se\/hakir\/registrering\/nationella-matmanualer-och-rehabiliteringsdokument\/bedomningsinstrument","title":{"rendered":"Bed\u00f6mningsinstrument"},"content":{"rendered":"<h1>Bed\u00f6mningsinstrument<\/h1>\n<p>Alla dokument n\u00e4mnda p\u00e5 denna sida, undantaget manualen f\u00f6r COPM (Canadian Occupational Performance Measure), finns att h\u00e4mta i nedladdningsboxen.<\/p>\n<h2>COPM<\/h2>\n<p>Canadian Occupational Performance Measure \u00e4r en individualiserad bed\u00f6mning av en individs egen uppfattning av problem som denne st\u00f6ter p\u00e5 vid utf\u00f6rande av en aktivitet. Instrumentet publicerades f\u00f6rsta g\u00e5ngen 1990 och kommer ursprungligen fr\u00e5n Canada. COPM har \u00f6versatts till svenska av F\u00f6rbundet Sveriges Arbetsterapeuter. COPM \u00e4r v\u00e4lbeforskat och evidensbaserat med en personcentrerad grund.<\/p>\n<p>Under v\u00e5ren 2021 tog vi i HAKIR (Handkirurgiskt kvalitetsregister) fram ett formul\u00e4r f\u00f6r COPM inom ramen f\u00f6r HAKIR. Arbetet skedde i samverkan med rehabiliteringsenheterna som arbetar med utveckling av v\u00e5rden f\u00f6r plexusskador vid regionklinikerna i Ume\u00e5 och Stockholm.<\/p>\n<figure id=\"attachment_4548\" aria-describedby=\"caption-attachment-4548\" style=\"width: 255px\" class=\"wp-caption alignright\"><a href=\"https:\/\/rcsyd.se\/hakir\/wp-content\/uploads\/sites\/23\/2026\/02\/COPM-framsida-miniatyr.png\"><img loading=\"lazy\" decoding=\"async\" class=\"wp-image-4548 size-full\" src=\"https:\/\/rcsyd.se\/hakir\/wp-content\/uploads\/sites\/23\/2026\/02\/COPM-framsida-miniatyr.png\" alt=\"Framsida av manualen f\u00f6r COPM (Canadian Occupational Performance Measure).\" width=\"255\" height=\"360\" srcset=\"https:\/\/rcsyd.se\/hakir\/wp-content\/uploads\/sites\/23\/2026\/02\/COPM-framsida-miniatyr.png 255w, https:\/\/rcsyd.se\/hakir\/wp-content\/uploads\/sites\/23\/2026\/02\/COPM-framsida-miniatyr-213x300.png 213w\" sizes=\"(max-width: 255px) 100vw, 255px\" \/><\/a><figcaption id=\"caption-attachment-4548\" class=\"wp-caption-text\">Framsida av manualen f\u00f6r COPM.<\/figcaption><\/figure>\n<p>M\u00e5lgruppen f\u00f6r COPM \u00e4r barn och vuxna med funktionshinder och l\u00e4mpar sig v\u00e4l vid utv\u00e4rdering av olika behandlingsresultat inom v\u00e5rt \u00e4mnesomr\u00e5de.<\/p>\n<p>Syftet med COPM \u00e4r att uppt\u00e4cka f\u00f6r\u00e4ndringar i en individs sj\u00e4lvrapporterade aktivitetsutf\u00f6rande \u00f6ver tid och instrumentet kan ge oss bra information om patienternas utveckling efter insatta interventioner.<\/p>\n<p>Formul\u00e4ret \u00e4r indelat i tre aktivitetsomr\u00e5den: personligdagliga aktiviteter, produktivitet och fritid.<\/p>\n<p>F\u00f6r att kunna administrera instrumentet p\u00e5 ett korrekt s\u00e4tt kr\u00e4vs f\u00f6rkunskaper. Som st\u00f6d f\u00f6r detta finns en manual att k\u00f6pa p\u00e5 Sveriges Arbetsterapeuters hemsida. F\u00f6r att f\u00e5 tillst\u00e5nd att anv\u00e4nda instrumentet i HAKIR kr\u00e4vdes avtal med ber\u00f6rda upphovsr\u00e4ttsansvariga i Canada och Sveriges Arbetsterapeuter.<\/p>\n<p><a href=\"https:\/\/www.arbetsterapeuterna.se\/\" target=\"_blank\" rel=\"noopener\">Klicka h\u00e4r f\u00f6r att komma till Sveriges Arbetsterapeuters hemsida.<\/a><\/p>\n<h2>Rosen-score<\/h2>\n<p>Vi f\u00f6ljer Rosen-score vid m\u00e4tning av handfunktion efter nervreparation. Till Rosen-score finns tv\u00e5 dokument: R\u00e5dataprotokoll och Rosen-score. Dessa finns \u00e4ven tillg\u00e4ngliga p\u00e5 engelska.<\/p>\n<h2>PRWE (Patient-Rated Wrist Evaluation)<\/h2>\n<p>PRWE \u00e4r ett bed\u00f6mningsinstrument som utv\u00e4rderar patientens handledsfunktion. Fr\u00e5geformul\u00e4ret best\u00e5r av 15 fr\u00e5gor utformade f\u00f6r att m\u00e4ta handledssm\u00e4rta och funktionshinder i aktiviteter i det dagliga livet. Patienterna skattar sina niv\u00e5er av handledssm\u00e4rta och funktionshinder fr\u00e5n 0 till 10. F\u00f6r ut\u00f6kad funktionsuppf\u00f6ljning vid skafoideumkirurgi (formul\u00e4r 07b) samt Interkarpal artrodes och proximal karpalbensresektion (formul\u00e4r 08b) ing\u00e5r po\u00e4ngsumman fr\u00e5n PRWE.<\/p>\n<h2>Sm\u00e4rta<\/h2>\n<p>F\u00f6r att bed\u00f6ma sm\u00e4rta har en sm\u00e4rtskala utifr\u00e5n ansiktsuttryck tagits fram, Sm\u00e4rtskala med ansikten FPS-R.<\/p>\n","protected":false},"excerpt":{"rendered":"<p>Bed\u00f6mningsinstrument Alla dokument n\u00e4mnda p\u00e5 denna sida, undantaget manualen f\u00f6r COPM (Canadian Occupational Performance Measure), finns att h\u00e4mta i nedladdningsboxen. COPM Canadian Occupational Performance Measure \u00e4r en individualiserad bed\u00f6mning av en individs egen uppfattning av problem som denne st\u00f6ter p\u00e5 vid utf\u00f6rande av en aktivitet. Instrumentet publicerades f\u00f6rsta g\u00e5ngen 1990 och kommer ursprungligen fr\u00e5n Canada&#8230;. <a class=\"read-more\" href=\"https:\/\/rcsyd.se\/hakir\/registrering\/nationella-matmanualer-och-rehabiliteringsdokument\/bedomningsinstrument\">L\u00e4s mer<\/a><\/p>\n","protected":false},"author":3,"featured_media":0,"parent":4366,"menu_order":0,"comment_status":"closed","ping_status":"closed","template":"","meta":{"_acf_changed":false,"footnotes":""},"acf":[],"_links":{"self":[{"href":"https:\/\/rcsyd.se\/hakir\/wp-json\/wp\/v2\/pages\/4452"}],"collection":[{"href":"https:\/\/rcsyd.se\/hakir\/wp-json\/wp\/v2\/pages"}],"about":[{"href":"https:\/\/rcsyd.se\/hakir\/wp-json\/wp\/v2\/types\/page"}],"author":[{"embeddable":true,"href":"https:\/\/rcsyd.se\/hakir\/wp-json\/wp\/v2\/users\/3"}],"replies":[{"embeddable":true,"href":"https:\/\/rcsyd.se\/hakir\/wp-json\/wp\/v2\/comments?post=4452"}],"version-history":[{"count":8,"href":"https:\/\/rcsyd.se\/hakir\/wp-json\/wp\/v2\/pages\/4452\/revisions"}],"predecessor-version":[{"id":4466,"href":"https:\/\/rcsyd.se\/hakir\/wp-json\/wp\/v2\/pages\/4452\/revisions\/4466"}],"up":[{"embeddable":true,"href":"https:\/\/rcsyd.se\/hakir\/wp-json\/wp\/v2\/pages\/4366"}],"wp:attachment":[{"href":"https:\/\/rcsyd.se\/hakir\/wp-json\/wp\/v2\/media?parent=4452"}],"curies":[{"name":"wp","href":"https:\/\/api.w.org\/{rel}","templated":true}]}}