{"id":4451,"date":"2026-02-03T07:49:53","date_gmt":"2026-02-03T07:49:53","guid":{"rendered":"https:\/\/rcsyd.se\/hakir\/?page_id=4451"},"modified":"2026-02-26T10:27:45","modified_gmt":"2026-02-26T10:27:45","slug":"patientinformationsmaterial-for-rehabilitering","status":"publish","type":"page","link":"https:\/\/rcsyd.se\/hakir\/registrering\/nationella-matmanualer-och-rehabiliteringsdokument\/patientinformationsmaterial-for-rehabilitering","title":{"rendered":"Patientinformationsmaterial f\u00f6r rehabilitering"},"content":{"rendered":"<h1>Patientinformationsmaterial f\u00f6r rehabilitering<\/h1>\n<p>P\u00e5 denna sida hittar du patientinformationsmaterial f\u00f6r rehabilitering som \u00e4r framtagen av flera olika akt\u00f6rer.\u00a0Alla manualer och dokument n\u00e4mnda p\u00e5 sidan finns att h\u00e4mta i nedladdningsboxen.<\/p>\n<h2>F\u00f6renkla vardagen<\/h2>\n<p>Denna patientbroschyr \u00e4r framtagen av Region Sk\u00e5ne och inneh\u00e5ller tips till patienter med handen i bandage eller f\u00f6rs\u00e4mrad handfunktion.<\/p>\n<h2>Ulnarisentrapment<\/h2>\n<p>Denna patientbroschyr \u00e4r framtagen av Handkirurgiska kliniken S\u00f6dersjukhuset i Stockholm med information och r\u00e5d till patienter vid p\u00e5verkan p\u00e5 ulnarisnerven.<\/p>\n<h2>K\u00e4nseltr\u00e4ning<\/h2>\n<p>Efter en nervreparation v\u00e4xer nervfibrerna ut till nya hudomr\u00e5den och ber\u00f6ring av dessa hudomr\u00e5den projiceras d\u00e5 inom nya omr\u00e5den i hj\u00e4rnbarken. Det sker en funktionell omorganisation i hj\u00e4rnan, man kan s\u00e4ga att handen &#8221;talar ett nytt spr\u00e5k&#8221; till hj\u00e4rnan och patienten beh\u00f6ver i och med detta k\u00e4nseltr\u00e4ning f\u00f6r att l\u00e4ra sig tolka de nya signalerna.<\/p>\n<p>Det finns idag evidens f\u00f6r att anv\u00e4nda sig av hj\u00e4rnans plastiska f\u00f6rm\u00e5ga i tr\u00e4ningen, s\u00e5 kallad guided plasticity, och att starta k\u00e4nseltr\u00e4ningen tidigt, direkt efter kirurgin. (Ros\u00e9n B et al. Enhanced early sensory outcome after nerve repair as a result of immediate post- operative re-learning: a randomized controlled trial. J Hand Surg, European Volume. 2015; 40 (6), 598-606; Vikstr\u00f6m P et al. The effect of early relearning on sensory recovery 4 to 9 years after nerve repair: a report of a randomized controlled study. J Hand Surg, European Volume. 2018; 43 (6), 626-630)<\/p>\n<p>Denna patientbroschyr \u00e4r framtagen vid Handkirurgens Rehabavdelning i Malm\u00f6 f\u00f6r k\u00e4nseltr\u00e4ning efter medianus- och ulnarisnervskador.<\/p>\n<h2>Sensory relearning<\/h2>\n<p>Detta \u00e4r en engelsk version av patientbroschyren f\u00f6r k\u00e4nseltr\u00e4ning.<\/p>\n<h2>Tidig aktiv tr\u00e4ning efter b\u00f6jsenskada<\/h2>\n<p>F\u00f6r detta finns tv\u00e5 patientbroschyrer framtagna, en f\u00f6r finger och en f\u00f6r tumme. Broschyrerna \u00e4r framtagna av Handkirurgiska kliniken S\u00f6dersjukhuset i Stockholm. Broschyrerna inneh\u00e5ller regim och tr\u00e4ning, tidig aktiv tr\u00e4ning vid b\u00f6jsenskada.<\/p>\n","protected":false},"excerpt":{"rendered":"<p>Patientinformationsmaterial f\u00f6r rehabilitering P\u00e5 denna sida hittar du patientinformationsmaterial f\u00f6r rehabilitering som \u00e4r framtagen av flera olika akt\u00f6rer.\u00a0Alla manualer och dokument n\u00e4mnda p\u00e5 sidan finns att h\u00e4mta i nedladdningsboxen. F\u00f6renkla vardagen Denna patientbroschyr \u00e4r framtagen av Region Sk\u00e5ne och inneh\u00e5ller tips till patienter med handen i bandage eller f\u00f6rs\u00e4mrad handfunktion. Ulnarisentrapment Denna patientbroschyr \u00e4r framtagen&#8230; <a class=\"read-more\" href=\"https:\/\/rcsyd.se\/hakir\/registrering\/nationella-matmanualer-och-rehabiliteringsdokument\/patientinformationsmaterial-for-rehabilitering\">L\u00e4s mer<\/a><\/p>\n","protected":false},"author":3,"featured_media":0,"parent":4366,"menu_order":0,"comment_status":"closed","ping_status":"closed","template":"","meta":{"_acf_changed":false,"footnotes":""},"acf":[],"_links":{"self":[{"href":"https:\/\/rcsyd.se\/hakir\/wp-json\/wp\/v2\/pages\/4451"}],"collection":[{"href":"https:\/\/rcsyd.se\/hakir\/wp-json\/wp\/v2\/pages"}],"about":[{"href":"https:\/\/rcsyd.se\/hakir\/wp-json\/wp\/v2\/types\/page"}],"author":[{"embeddable":true,"href":"https:\/\/rcsyd.se\/hakir\/wp-json\/wp\/v2\/users\/3"}],"replies":[{"embeddable":true,"href":"https:\/\/rcsyd.se\/hakir\/wp-json\/wp\/v2\/comments?post=4451"}],"version-history":[{"count":6,"href":"https:\/\/rcsyd.se\/hakir\/wp-json\/wp\/v2\/pages\/4451\/revisions"}],"predecessor-version":[{"id":4464,"href":"https:\/\/rcsyd.se\/hakir\/wp-json\/wp\/v2\/pages\/4451\/revisions\/4464"}],"up":[{"embeddable":true,"href":"https:\/\/rcsyd.se\/hakir\/wp-json\/wp\/v2\/pages\/4366"}],"wp:attachment":[{"href":"https:\/\/rcsyd.se\/hakir\/wp-json\/wp\/v2\/media?parent=4451"}],"curies":[{"name":"wp","href":"https:\/\/api.w.org\/{rel}","templated":true}]}}