{"id":4449,"date":"2026-02-04T07:51:59","date_gmt":"2026-02-04T07:51:59","guid":{"rendered":"https:\/\/rcsyd.se\/hakir\/?page_id=4449"},"modified":"2026-03-24T14:04:04","modified_gmt":"2026-03-24T14:04:04","slug":"matmanualer","status":"publish","type":"page","link":"https:\/\/rcsyd.se\/hakir\/registrering\/nationella-matmanualer-och-rehabiliteringsdokument\/matmanualer","title":{"rendered":"M\u00e4tmanualer"},"content":{"rendered":"<h1>M\u00e4tmanualer<\/h1>\n<p>Vi har tagit fram tv\u00e5 m\u00e4tmanualer f\u00f6r HAKIR (Handkirurgiskt kvalitetsregister). En manual f\u00f6r m\u00e4tning av r\u00f6relse och styrka g\u00e4llande armb\u00e5ge, underarm och hand, och en manual f\u00f6r m\u00e4tning av handfunktion efter nervreparation-nervfunktion i handen enligt Rosen-score.<\/p>\n<p>Manualerna \u00e4r uppr\u00e4ttade i samarbete mellan Rehabiliteringsenheterna, Handkirurgisk regionsjukv\u00e5rd i Sverige.<\/p>\n<p>Manualerna revideras vid behov av f\u00f6r\u00e4ndringar av inneh\u00e5llet. Version och \u00e5rtal finns noterat p\u00e5 f\u00f6rsta sidan i respektive manual l\u00e4ngst ned till h\u00f6ger.<\/p>\n<p>Om manualerna ska tryckas offset hos ett tryckeri, kontakta Fotogruppen S\u00f6dersjukhuset f\u00f6r hj\u00e4lp med filhantering.<\/p>\n<p>Alla manualer och dokument n\u00e4mnda p\u00e5 denna sida finns att h\u00e4mta i nedladdningsboxen.<\/p>\n<figure id=\"attachment_4511\" aria-describedby=\"caption-attachment-4511\" style=\"width: 213px\" class=\"wp-caption alignleft\"><a href=\"https:\/\/rcsyd.se\/hakir\/wp-content\/uploads\/sites\/23\/2026\/03\/HAKIR-matmanual-2026-1.pdf\" target=\"_blank\" rel=\"noopener\"><img loading=\"lazy\" decoding=\"async\" class=\"wp-image-4511 size-full\" src=\"https:\/\/rcsyd.se\/hakir\/wp-content\/uploads\/sites\/23\/2026\/02\/Manual-for-rorelse-och-styrka-miniatyr.png\" alt=\"Bild p\u00e5 framsidan av Manual f\u00f6r r\u00f6relse och styrka.\" width=\"213\" height=\"300\" \/><\/a><figcaption id=\"caption-attachment-4511\" class=\"wp-caption-text\">Manual f\u00f6r m\u00e4tning av r\u00f6relse och styrka (klickbar miniatyr till PDF-format, 4 MB)<\/figcaption><\/figure>\n<figure id=\"attachment_4509\" aria-describedby=\"caption-attachment-4509\" style=\"width: 212px\" class=\"wp-caption alignleft\"><a href=\"https:\/\/rcsyd.se\/hakir\/wp-content\/uploads\/sites\/23\/2026\/03\/Nervmanual-2026.pdf\" target=\"_blank\" rel=\"noopener\"><img loading=\"lazy\" decoding=\"async\" class=\"wp-image-4509 size-full\" src=\"https:\/\/rcsyd.se\/hakir\/wp-content\/uploads\/sites\/23\/2026\/02\/Manual-for-handfunktion-efter-nervreparation-miniatyr.png\" alt=\"Bild p\u00e5 framsidan av Manual f\u00f6r handfunktion efter nervreparation.\" width=\"212\" height=\"300\" \/><\/a><figcaption id=\"caption-attachment-4509\" class=\"wp-caption-text\">Manual f\u00f6r m\u00e4tning av handfunktion efter nervreparation (klickbar miniatyr till PDF-format, 6 MB)<\/figcaption><\/figure>\n<h2>Manualerna p\u00e5 andra spr\u00e5k<\/h2>\n<p>Manualen f\u00f6r m\u00e4tning av r\u00f6relse och styrka finns \u00f6versatt till engelska och manualen f\u00f6r m\u00e4tning av handfunktion efter nervreparation finns \u00f6versatt till engelska och tyska.<\/p>\n<h2>Rosen-score<\/h2>\n<p>Vi f\u00f6ljer Rosen-score vid m\u00e4tning av handfunktion efter nervreparation. Till Rosen-score finns tv\u00e5 dokument: R\u00e5dataprotokoll och Rosen-score. Dessa finns \u00e4ven tillg\u00e4ngliga p\u00e5 engelska.<\/p>\n<h2>Plexus brachialisskador<\/h2>\n<p>En manual f\u00f6r m\u00e4tning av ledr\u00f6rlighet med goniometer p\u00e5 patient med f\u00f6delserelaterad plexus brachialisskada har ocks\u00e5 tagits fram. Denna manual \u00e4r framtagen i samarbete mellan klinikerna f\u00f6r Nationell H\u00f6gspecialiserad v\u00e5rd f\u00f6r plexus brachialisskador, ortopedklinik samt habiliteringar. Syftet \u00e4r att ge v\u00e4gledning till fysioterapeuter och arbetsterapeuter vid m\u00e4tningar av patienter med f\u00f6delserelaterad plexus brachialisskada.<\/p>\n","protected":false},"excerpt":{"rendered":"<p>M\u00e4tmanualer Vi har tagit fram tv\u00e5 m\u00e4tmanualer f\u00f6r HAKIR (Handkirurgiskt kvalitetsregister). En manual f\u00f6r m\u00e4tning av r\u00f6relse och styrka g\u00e4llande armb\u00e5ge, underarm och hand, och en manual f\u00f6r m\u00e4tning av handfunktion efter nervreparation-nervfunktion i handen enligt Rosen-score. Manualerna \u00e4r uppr\u00e4ttade i samarbete mellan Rehabiliteringsenheterna, Handkirurgisk regionsjukv\u00e5rd i Sverige. Manualerna revideras vid behov av f\u00f6r\u00e4ndringar av&#8230; <a class=\"read-more\" href=\"https:\/\/rcsyd.se\/hakir\/registrering\/nationella-matmanualer-och-rehabiliteringsdokument\/matmanualer\">L\u00e4s mer<\/a><\/p>\n","protected":false},"author":3,"featured_media":0,"parent":4366,"menu_order":0,"comment_status":"closed","ping_status":"closed","template":"","meta":{"_acf_changed":false,"footnotes":""},"acf":[],"_links":{"self":[{"href":"https:\/\/rcsyd.se\/hakir\/wp-json\/wp\/v2\/pages\/4449"}],"collection":[{"href":"https:\/\/rcsyd.se\/hakir\/wp-json\/wp\/v2\/pages"}],"about":[{"href":"https:\/\/rcsyd.se\/hakir\/wp-json\/wp\/v2\/types\/page"}],"author":[{"embeddable":true,"href":"https:\/\/rcsyd.se\/hakir\/wp-json\/wp\/v2\/users\/3"}],"replies":[{"embeddable":true,"href":"https:\/\/rcsyd.se\/hakir\/wp-json\/wp\/v2\/comments?post=4449"}],"version-history":[{"count":7,"href":"https:\/\/rcsyd.se\/hakir\/wp-json\/wp\/v2\/pages\/4449\/revisions"}],"predecessor-version":[{"id":4727,"href":"https:\/\/rcsyd.se\/hakir\/wp-json\/wp\/v2\/pages\/4449\/revisions\/4727"}],"up":[{"embeddable":true,"href":"https:\/\/rcsyd.se\/hakir\/wp-json\/wp\/v2\/pages\/4366"}],"wp:attachment":[{"href":"https:\/\/rcsyd.se\/hakir\/wp-json\/wp\/v2\/media?parent=4449"}],"curies":[{"name":"wp","href":"https:\/\/api.w.org\/{rel}","templated":true}]}}