{"id":4370,"date":"2024-08-11T16:20:58","date_gmt":"2024-08-11T16:20:58","guid":{"rendered":"https:\/\/rcsyd.se\/hakir\/?page_id=4370"},"modified":"2026-02-03T12:17:15","modified_gmt":"2026-02-03T12:17:15","slug":"fragor-och-svar-for-personal","status":"publish","type":"page","link":"https:\/\/rcsyd.se\/hakir\/registrering\/fragor-och-svar-for-personal","title":{"rendered":"Fr\u00e5gor och svar f\u00f6r personal"},"content":{"rendered":"<h1>Fr\u00e5gor och svar f\u00f6r personal<\/h1>\n<p>P\u00e5 denna sida finner du vanliga fr\u00e5gor och svar f\u00f6r personal som jobbar med HAKIR (Handkirurgiskt kvalitetsregister).<\/p>\n<h2>Om grundregistrering<\/h2>\n<h3>Jag har f\u00e5tt ett nytt e-tj\u00e4nstekort och kommer inte l\u00e4ngre in i 3C, vad \u00e4r det f\u00f6r fel?<\/h3>\n<p><strong>Svar:<\/strong> D\u00e5 har ditt certifikat blivit uppgraderat med ny tillitsniv\u00e5 och du har nu tv\u00e5 certifikat p\u00e5 ditt kort (man kan ha flera). N\u00e4r du loggar in m\u00e5ste du v\u00e4lja r\u00e4tt certifikat. Man har ett grundcertifikat som man inte kommer in med och ett HSA-id-certifikat som \u00e4r det du ska anv\u00e4nda. Ibland m\u00e5ste man klicka p\u00e5 visa mer\/fler alternativ f\u00f6r att se samtliga certifikat p\u00e5 kortet.<\/p>\n<h3>Jag kommer inte in i 3C med mitt e-tj\u00e4nstekort d\u00e5 jag f\u00e5r felmeddelandet \u201dForbidden access denied\u201d.<\/h3>\n<p><strong>Svar:<\/strong> Det kan bero p\u00e5 att kortl\u00e4saren inte l\u00e4ser in korrekta inloggningsuppgifter eller att webbl\u00e4saren inte \u00e4r helt kompatibel. Det brukar hj\u00e4lpa att dra ut kortet, st\u00e4nga ner webbl\u00e4saren och starta om datorn. Om inte det fungerar prova att uppdatera webbsidan\/inloggningssidan genom att trycka p\u00e5 Ctrl och F5 samtidigt. Ytterligare ett alternativ kan vara att logga in via annan webbl\u00e4sare.<\/p>\n<h3>Hur g\u00f6r man om exempelvis en ST-l\u00e4kare eller vikarie beh\u00f6ver inloggning f\u00f6r att registrera i HAKIR?<\/h3>\n<p><strong>Svar:<\/strong> All personal som beh\u00f6ver tillg\u00e5ng till 3C f\u00e5r i regel en inloggning. S\u00e4kerhetskraven \u00e4r lika f\u00f6r alla anv\u00e4ndare och det finns rutiner f\u00f6r att med j\u00e4mna mellanrum s\u00e4kerst\u00e4lla att alla \u00e4r beh\u00f6riga. F\u00f6r tillf\u00e4lliga anv\u00e4ndare tidsbegr\u00e4nsas inloggningen och d\u00e4rmed \u00e5tkomsten till data\/registrering till exakt r\u00e4tt period redan fr\u00e5n b\u00f6rjan. \u00d6vriga anv\u00e4ndare f\u00e5r en mycket l\u00e5ng giltighetstid. Det \u00e4r viktigt att din lokala koordinator anm\u00e4ler avregistrering av beh\u00f6righet n\u00e4r du slutar eller behovet upph\u00f6r av annan anledning.<\/p>\n<h3>Registrerar ni alla akuta patienter?<\/h3>\n<p><strong>Svar:<\/strong> Ja, p\u00e5 operation registreras alla patienter. Alla patienter f\u00f6ljs \u00e4ven upp med enk\u00e4t om inga exklusionskriterier f\u00f6religger. Kom ih\u00e5g att alla operationer ska registreras \u00e4ven om det \u00e4r flera operationer inom ett \u00e5r.<\/p>\n<h3>Hur var det nu med information till v\u00e5ra patienter? M\u00e5ste vi stoppa broschyren i handen p\u00e5 patienten eller r\u00e4cker det om vi informerar om att det finns information att l\u00e4sa?<\/h3>\n<p><strong>Svar:<\/strong> Vi \u00e4r skyldiga att l\u00e4mna information till patienten s\u00e5 snart det \u00e4r m\u00f6jligt och ska i den m\u00e5n det \u00e4r m\u00f6jligt l\u00e4mna patientinformationsbroschyren direkt till patienten. Det g\u00e5r \u00e4ven bra att informera p\u00e5 andra s\u00e4tt, h\u00e4nvisa g\u00e4rna till hemsidan, d\u00e4r finns utf\u00f6rlig information och m\u00f6jlighet till \u00f6vers\u00e4ttning. Informera om registreringen exempelvis p\u00e5 kallelser, sjukhusets externa hemsida, planscher och i \u00f6vrigt patientinformationsmaterial.<\/p>\n<h3>Varf\u00f6r \u00e4r formul\u00e4r 001 HAKIR Startformul\u00e4r s\u00e5 viktigt?<\/h3>\n<p><strong>Svar:<\/strong> Startformul\u00e4ret \u00e4r grunden f\u00f6r \u00f6vrig registrering och preoperativt enk\u00e4tutskick. Formul\u00e4ret m\u00e5ste vara ifyllt innan det g\u00e5r att registrera andra formul\u00e4r s\u00e5som 002 Grundformul\u00e4r operation och funktionsformul\u00e4ren. undantag g\u00e4ller f\u00f6r de preoperativa funktionsunders\u00f6kningarna. Patienterna kan endast ha ett ifyllt 001 formul\u00e4r per enhet. Den preoperativa enk\u00e4ten skickas via knapp i 001.<\/p>\n<h3>Hur g\u00f6r jag om en patient som f\u00e5tt enk\u00e4t vid tidigare operation inte vill ha enk\u00e4t vid den nu aktuella operationen eller vice versa?<\/h3>\n<p><strong>Svar:<\/strong> D\u00e5 ska 001 HAKIR Startformul\u00e4r uppdateras. Fyll i varf\u00f6r patienten ska exkluderas fr\u00e5n enk\u00e4t, denna uppdaterade information f\u00f6ljer sedan patienten fram\u00e5t (om det \u00e4r en ny operation inom tolv m\u00e5nader samma sida exkluderar systemet automatiskt patienten fr\u00e5n enk\u00e4t). Om det \u00e4r \u00e5t andra h\u00e5llet, en tidigare exkluderad patient som nu ska inkluderas, s\u00e5 m\u00e5ste 001 uppdateras och exkluderingen tas bort.<\/p>\n<h3>Hur g\u00f6r man om patienten opereras i b\u00e5da h\u00e4nderna samtidigt?<\/h3>\n<p><strong>Svar:<\/strong> P\u00e5 002 Grundformul\u00e4r operation fyller du i Opererad hand, v\u00e4, h\u00f6 eller b\u00e5da. Samma princip g\u00e4ller f\u00f6r de som opererats i b\u00e5da h\u00e4nderna de senaste tolv m\u00e5naderna, oavsett diagnos.<\/p>\n<h3>Varf\u00f6r ska inte alla v\u00e5ra patienter ha enk\u00e4t?<\/h3>\n<p><strong>Svar:<\/strong> Enk\u00e4terna f\u00f6r PROM (Patient Reported Outcome Measures) som skickas ut f\u00f6re och tre och tolv m\u00e5nader efter operationen \u00e4r inte validerade f\u00f6r barn under tretton \u00e5r och ska inte heller skickas till de patienter som avb\u00f6jer eller av annat sk\u00e4l \u00e4r f\u00f6rhindrade att fylla i enk\u00e4terna. Patienter som opereras i b\u00e5da h\u00e4nderna och patienter som genomg\u00e5r ny operation i samma hand inom tolv m\u00e5nader exkluderas automatiskt. Enk\u00e4ten f\u00f6r PREM (Patient Reported Experience Measures) som utg\u00e5r efter tre veckor administreras till alla v\u00e5ra patienter.<\/p>\n<h3>Hur registreras en patient som reopereras p\u00e5 grund av en komplikation d\u00e4r den prim\u00e4ra operationen har skett vid annan enhet?<\/h3>\n<p><strong>Svar:<\/strong> Det finns en s\u00e4rskild kryssruta p\u00e5 002 Grundformul\u00e4r f\u00f6r operation d\u00e4r detta registreras. Det h\u00e4r g\u00f6r att vi har m\u00f6jlighet att urskilja vilka dessa operationer \u00e4r i samband med att vi analyserar v\u00e5ra resultat.<\/p>\n<h3>R\u00e4cker det att skriva in personnumret en g\u00e5ng och sedan s\u00f6ka fram patienten?<\/h3>\n<p><strong>Svar:<\/strong> Ja. Man skriver in personnumret i formul\u00e4r HAKIR 001 Startformul\u00e4r och kan sedan anv\u00e4nda s\u00f6kfunktion i alla andra formul\u00e4r (f\u00f6rutom de preoperativa funktionsformul\u00e4ren) f\u00f6r att h\u00e4mta och s\u00e4kerst\u00e4lla att personnumret \u00e4r korrekt.<\/p>\n<h3>\u00c4r det undersk\u00f6terska, sjuksk\u00f6terska, eller l\u00e4kare som registrerar p\u00e5 operation?<\/h3>\n<p><strong>Svar:<\/strong> Vi brukar rekommendera att de olika yrkeskategorierna hj\u00e4lps \u00e5t. Det viktiga \u00e4r att det fungerar bra i praktiken p\u00e5 er enhet, det kan se olika ut. P\u00e5 en del kliniker \u00e4r det den s\u00e5 kallade passen p\u00e5 sal, oftast en undersk\u00f6terska eller en sjuksk\u00f6terska, som registrerar i samarbete med operat\u00f6ren \u2013 som i sin tur kontrollerar och g\u00f6r eventuella \u00e4ndringar. P\u00e5 en del enheter sk\u00f6ter operat\u00f6ren registreringen sj\u00e4lv och p\u00e5 andra enheter sk\u00f6ts det av de medicinska sekreterarna.<\/p>\n<h3>Var h\u00e4mtar den registrerande personen uppgifterna ifr\u00e5n?<\/h3>\n<p><strong>Svar:<\/strong> Vanligtvis s\u00e5 h\u00e4mtas uppgifterna fr\u00e5n journalsystemet och\/eller operationsplaneringsprogrammet. Tillkommer eller \u00e4ndras n\u00e5got under operationens g\u00e5ng s\u00e5 l\u00e4ggs det till.<\/p>\n<h3>Skriver l\u00e4karen i 3C eller fyller de i pappersformul\u00e4r som sedan registreras i 3C?<\/h3>\n<p><strong>Svar:<\/strong> De formul\u00e4r som finns i 3C b\u00f6r i f\u00f6rsta hand fyllas i online och alla pappersformul\u00e4r anv\u00e4nds i regel i undantagsfall.<\/p>\n<h3>R\u00e4knas totalscore f\u00f6r QuickDASH ut automatiskt i registret?<\/h3>\n<p><strong>Svar:<\/strong> Nej, men i alla utdatarapporter som registret skickar ut r\u00e4knas score ut automatiskt. H\u00e4mtar du data p\u00e5 egen hand s\u00e5 m\u00e5ste du d\u00e4remot l\u00e4gga in formeln sj\u00e4lv.<\/p>\n<h3>Registreras operationer som utf\u00f6rs vid andra verksamhetsomr\u00e5den \u00e4n den egna, exempelvis n\u00e4r en handkirurg suturerar en medianusnerv i samband med frakturkirurgi vid en ortopedklinik?<\/h3>\n<p><strong>Svar:<\/strong> Nej. Om patienten i huvudsak b\u00e5de opereras och f\u00f6ljs upp av en annan klinik \u00e4n den egna registreras detta inte i HAKIR. Om vi d\u00e4remot opererar v\u00e5ra egna patienter p\u00e5 annan operationsavdelning, till exempel barnsjukhus, s\u00e5 ska vi registrera i HAKIR.<\/p>\n<h3>Ska vi registrera en unders\u00f6kning eller injektionsbehandling som genomf\u00f6rs p\u00e5 operationsavdelningen, till exempel genomlysning av ett finger med instabil fraktur eller en botulinumtoxininjektion?<\/h3>\n<p><strong>Svar:<\/strong> Nej. En unders\u00f6kning ska i regel inte registreras \u00e4ven om den utf\u00f6rs under\/med bed\u00f6vning. Det \u00e4r endast operationer som ska registreras i HAKIR. Undantag: N\u00e5gra enheter klassar n\u00e5lfasciotomier som en operation och registrerar d\u00e5 dessa ingrepp.<\/p>\n<h2>Om funktionsformul\u00e4r<\/h2>\n<h3>Om vi ska kunna f\u00f6ra in v\u00e5ra m\u00e4tningar i funktionsformul\u00e4ren, m\u00e5ste d\u00e5 patienten vara registrerad i HAKIR sedan tidigare?<\/h3>\n<p><strong>Svar:<\/strong> Ja, f\u00f6r postoperativa funktionsuppf\u00f6ljningar m\u00e5ste patienten vara registrerad i 001 HAKIR Startformul\u00e4r. \u00c4ven 002 Grundformul\u00e4r operation m\u00e5ste vara registrerat d\u00e5 datum och opererad sida h\u00e4mtas. Registrera formul\u00e4r 001 f\u00f6re din funktionsm\u00e4tning eller be din lokala koordinator om hj\u00e4lp. Observera att detta inte g\u00e4ller preoperativa funktionsuppf\u00f6ljningar som ej \u00e4nnu kan kopplas till en operation.<\/p>\n<h3>Ska vi \u00e4ven f\u00f6lja upp barn under tretton \u00e5r med funktionsm\u00e4tningar? De f\u00e5r ju ingen enk\u00e4t.<\/h3>\n<p><strong>Svar:<\/strong> Ja, alla patienter som samtycker och kan medverka vid statustagande ska vi f\u00f6lja upp. Att f\u00f6lja upp resultat \u00e4ven f\u00f6r ungdomar exempelvis med en b\u00f6jsenskada och hur deras funktion \u00e5terkommer \u00e4r intressanta och viktiga data.<\/p>\n<h3>Hur vet den som registrerar vilka ut\u00f6kade registreringar som \u00e4r aktuella?<\/h3>\n<p><strong>Svar:<\/strong> P\u00e5 hemsidan och i m\u00e5nadsrapporten finner du uppdaterad information om just din enhet. Kontakta din lokala koordinator om n\u00e5got verkar vara inaktuellt.<\/p>\n<h3>Om r\u00f6rligheten \u00e4r &#8221;ua&#8221;, kan vi anv\u00e4nda normalv\u00e4rden eller ska vi m\u00e4ta? Hur g\u00f6r ni?<\/h3>\n<p><strong>Svar:<\/strong> Vi m\u00e4ter alltid. Det \u00e4r inte heller okej att ange normalv\u00e4rde.<\/p>\n<h3>En del hos oss har sv\u00e5rt att se siffrorna och att m\u00e4ta \u00f6verstr\u00e4ckning med metallgoniometern. Vilka goniometrar rekommenderar ni?<\/h3>\n<p><strong>Svar:<\/strong> Vi anv\u00e4nder den lilla bl\u00e5\/vita i plast vid hyperextension, oftast den mindre genomskinliga i plast med avklippt sk\u00e4nkel vid \u00f6vrig fingerr\u00f6rlighet och den i metall vid hygienkrav. Som det framg\u00e5r av manualen s\u00e5 noteras hyperextension med minus.<\/p>\n<h3>N\u00e4r vi m\u00e4ter grov kraft med dynamometer s\u00e5 ger det sm\u00e4rta hos till exempel CMC-1 patienterna. Hur g\u00f6r ni? Ber ni dem att &#8221;krama om handtaget, ta i s\u00e5 mycket du kan, lite till, lite till, slappna av&#8221;?<\/h3>\n<p><strong>Svar:<\/strong> V\u00e5ra statistiker rekommenderar oss att alltid m\u00e4ta s\u00e5 det f\u00f6rs\u00f6ker vi g\u00f6ra, och om m\u00e4tv\u00e4rdet p\u00e5verkas s\u00e5 anger vi det i formul\u00e4rets fritextruta. Vi m\u00e4ter f\u00f6rst\u00e5s aldrig patienter vars sm\u00e4rta inte alls till\u00e5ter det.<\/p>\n<h3>Vi har b\u00e5de en manuell och en digital Pinch Gauge. Kan vi anv\u00e4nda b\u00e5da?<\/h3>\n<p><strong>Svar:<\/strong> Ja! Detsamma g\u00e4ller f\u00f6r m\u00e4tning av grov kraft med dynamometer. T\u00e4nk p\u00e5 att instrumenten regelbundet m\u00e5ste kalibreras.<\/p>\n","protected":false},"excerpt":{"rendered":"<p>Fr\u00e5gor och svar f\u00f6r personal P\u00e5 denna sida finner du vanliga fr\u00e5gor och svar f\u00f6r personal som jobbar med HAKIR (Handkirurgiskt kvalitetsregister). Om grundregistrering Jag har f\u00e5tt ett nytt e-tj\u00e4nstekort och kommer inte l\u00e4ngre in i 3C, vad \u00e4r det f\u00f6r fel? Svar: D\u00e5 har ditt certifikat blivit uppgraderat med ny tillitsniv\u00e5 och du har&#8230; <a class=\"read-more\" href=\"https:\/\/rcsyd.se\/hakir\/registrering\/fragor-och-svar-for-personal\">L\u00e4s mer<\/a><\/p>\n","protected":false},"author":3,"featured_media":0,"parent":3694,"menu_order":0,"comment_status":"closed","ping_status":"closed","template":"","meta":{"_acf_changed":false,"footnotes":""},"acf":[],"_links":{"self":[{"href":"https:\/\/rcsyd.se\/hakir\/wp-json\/wp\/v2\/pages\/4370"}],"collection":[{"href":"https:\/\/rcsyd.se\/hakir\/wp-json\/wp\/v2\/pages"}],"about":[{"href":"https:\/\/rcsyd.se\/hakir\/wp-json\/wp\/v2\/types\/page"}],"author":[{"embeddable":true,"href":"https:\/\/rcsyd.se\/hakir\/wp-json\/wp\/v2\/users\/3"}],"replies":[{"embeddable":true,"href":"https:\/\/rcsyd.se\/hakir\/wp-json\/wp\/v2\/comments?post=4370"}],"version-history":[{"count":6,"href":"https:\/\/rcsyd.se\/hakir\/wp-json\/wp\/v2\/pages\/4370\/revisions"}],"predecessor-version":[{"id":4422,"href":"https:\/\/rcsyd.se\/hakir\/wp-json\/wp\/v2\/pages\/4370\/revisions\/4422"}],"up":[{"embeddable":true,"href":"https:\/\/rcsyd.se\/hakir\/wp-json\/wp\/v2\/pages\/3694"}],"wp:attachment":[{"href":"https:\/\/rcsyd.se\/hakir\/wp-json\/wp\/v2\/media?parent=4370"}],"curies":[{"name":"wp","href":"https:\/\/api.w.org\/{rel}","templated":true}]}}