{"id":4360,"date":"2026-01-19T16:10:44","date_gmt":"2026-01-19T16:10:44","guid":{"rendered":"https:\/\/rcsyd.se\/hakir\/?page_id=4360"},"modified":"2026-01-23T16:12:12","modified_gmt":"2026-01-23T16:12:12","slug":"nationella-vardprogram","status":"publish","type":"page","link":"https:\/\/rcsyd.se\/hakir\/registrering\/nationella-vardprogram","title":{"rendered":"Nationella v\u00e5rdprogram"},"content":{"rendered":"<h1>Nationella v\u00e5rdprogram<\/h1>\n<p>Via nedladdningsboxen p\u00e5 denna sida finner du nationella v\u00e5rdprogram aktuella f\u00f6r HAKIR:s (Handkirurgiskt kvalitetsregister) specialitet.<\/p>\n","protected":false},"excerpt":{"rendered":"<p>Nationella v\u00e5rdprogram Via nedladdningsboxen p\u00e5 denna sida finner du nationella v\u00e5rdprogram aktuella f\u00f6r HAKIR:s (Handkirurgiskt kvalitetsregister) specialitet.<\/p>\n","protected":false},"author":3,"featured_media":0,"parent":3694,"menu_order":0,"comment_status":"closed","ping_status":"closed","template":"","meta":{"_acf_changed":false,"footnotes":""},"acf":[],"_links":{"self":[{"href":"https:\/\/rcsyd.se\/hakir\/wp-json\/wp\/v2\/pages\/4360"}],"collection":[{"href":"https:\/\/rcsyd.se\/hakir\/wp-json\/wp\/v2\/pages"}],"about":[{"href":"https:\/\/rcsyd.se\/hakir\/wp-json\/wp\/v2\/types\/page"}],"author":[{"embeddable":true,"href":"https:\/\/rcsyd.se\/hakir\/wp-json\/wp\/v2\/users\/3"}],"replies":[{"embeddable":true,"href":"https:\/\/rcsyd.se\/hakir\/wp-json\/wp\/v2\/comments?post=4360"}],"version-history":[{"count":1,"href":"https:\/\/rcsyd.se\/hakir\/wp-json\/wp\/v2\/pages\/4360\/revisions"}],"predecessor-version":[{"id":4363,"href":"https:\/\/rcsyd.se\/hakir\/wp-json\/wp\/v2\/pages\/4360\/revisions\/4363"}],"up":[{"embeddable":true,"href":"https:\/\/rcsyd.se\/hakir\/wp-json\/wp\/v2\/pages\/3694"}],"wp:attachment":[{"href":"https:\/\/rcsyd.se\/hakir\/wp-json\/wp\/v2\/media?parent=4360"}],"curies":[{"name":"wp","href":"https:\/\/api.w.org\/{rel}","templated":true}]}}