{"id":4342,"date":"2026-01-23T15:58:58","date_gmt":"2026-01-23T15:58:58","guid":{"rendered":"https:\/\/rcsyd.se\/hakir\/?page_id=4342"},"modified":"2026-02-18T08:31:05","modified_gmt":"2026-02-18T08:31:05","slug":"dokument-for-registrerande-personal","status":"publish","type":"page","link":"https:\/\/rcsyd.se\/hakir\/registrering\/rutiner-och-dokument\/dokument-for-registrerande-personal","title":{"rendered":"Dokument f\u00f6r registrerande personal"},"content":{"rendered":"<h1>Dokument f\u00f6r registrerande personal<\/h1>\n<p>I nedladdningsboxen p\u00e5 denna sida finner du som arbetar med registreringar i HAKIR (Handkirurgiskt kvalitetsregister) dokument med information till st\u00f6d i ditt dagliga arbete.<\/p>\n<p>Nedan ser du hur talmanuset f\u00f6r kort patientinformation och planschen f\u00f6r vad man b\u00f6r t\u00e4nka p\u00e5 vid registrering av operationer ser ut.<\/p>\n<figure id=\"attachment_4440\" aria-describedby=\"caption-attachment-4440\" style=\"width: 831px\" class=\"wp-caption aligncenter\"><a href=\"https:\/\/rcsyd.se\/hakir\/wp-content\/uploads\/sites\/23\/2026\/02\/Patientinformation-talmanus-bild.png\" target=\"_blank\" rel=\"noopener\"><img loading=\"lazy\" decoding=\"async\" class=\"wp-image-4440 size-full\" src=\"https:\/\/rcsyd.se\/hakir\/wp-content\/uploads\/sites\/23\/2026\/02\/Patientinformation-talmanus-bild.png\" alt=\"Bild p\u00e5 hur talmanuset ser ut.\" width=\"831\" height=\"576\" srcset=\"https:\/\/rcsyd.se\/hakir\/wp-content\/uploads\/sites\/23\/2026\/02\/Patientinformation-talmanus-bild.png 831w, https:\/\/rcsyd.se\/hakir\/wp-content\/uploads\/sites\/23\/2026\/02\/Patientinformation-talmanus-bild-300x208.png 300w, https:\/\/rcsyd.se\/hakir\/wp-content\/uploads\/sites\/23\/2026\/02\/Patientinformation-talmanus-bild-768x532.png 768w\" sizes=\"(max-width: 831px) 100vw, 831px\" \/><\/a><figcaption id=\"caption-attachment-4440\" class=\"wp-caption-text\">Talmanus: Kort patientinformation<\/figcaption><\/figure>\n<figure id=\"attachment_4439\" aria-describedby=\"caption-attachment-4439\" style=\"width: 1024px\" class=\"wp-caption aligncenter\"><a href=\"https:\/\/rcsyd.se\/hakir\/wp-content\/uploads\/sites\/23\/2026\/02\/Lathundsplansch-for-operationsregistrering-bild.jpg\" target=\"_blank\" rel=\"noopener\"><img loading=\"lazy\" decoding=\"async\" class=\"wp-image-4439 size-full\" src=\"https:\/\/rcsyd.se\/hakir\/wp-content\/uploads\/sites\/23\/2026\/02\/Lathundsplansch-for-operationsregistrering-bild.jpg\" alt=\"Bild p\u00e5 hur lathundsplanschen f\u00f6r operationsregistrering ser ut.\" width=\"1024\" height=\"541\" srcset=\"https:\/\/rcsyd.se\/hakir\/wp-content\/uploads\/sites\/23\/2026\/02\/Lathundsplansch-for-operationsregistrering-bild.jpg 1024w, https:\/\/rcsyd.se\/hakir\/wp-content\/uploads\/sites\/23\/2026\/02\/Lathundsplansch-for-operationsregistrering-bild-300x158.jpg 300w, https:\/\/rcsyd.se\/hakir\/wp-content\/uploads\/sites\/23\/2026\/02\/Lathundsplansch-for-operationsregistrering-bild-768x406.jpg 768w\" sizes=\"(max-width: 1024px) 100vw, 1024px\" \/><\/a><figcaption id=\"caption-attachment-4439\" class=\"wp-caption-text\">Plansch: Att t\u00e4nka p\u00e5 vid registrering av operationer<\/figcaption><\/figure>\n","protected":false},"excerpt":{"rendered":"<p>Dokument f\u00f6r registrerande personal I nedladdningsboxen p\u00e5 denna sida finner du som arbetar med registreringar i HAKIR (Handkirurgiskt kvalitetsregister) dokument med information till st\u00f6d i ditt dagliga arbete. Nedan ser du hur talmanuset f\u00f6r kort patientinformation och planschen f\u00f6r vad man b\u00f6r t\u00e4nka p\u00e5 vid registrering av operationer ser ut.<\/p>\n","protected":false},"author":3,"featured_media":0,"parent":4336,"menu_order":0,"comment_status":"closed","ping_status":"closed","template":"","meta":{"_acf_changed":false,"footnotes":""},"acf":[],"_links":{"self":[{"href":"https:\/\/rcsyd.se\/hakir\/wp-json\/wp\/v2\/pages\/4342"}],"collection":[{"href":"https:\/\/rcsyd.se\/hakir\/wp-json\/wp\/v2\/pages"}],"about":[{"href":"https:\/\/rcsyd.se\/hakir\/wp-json\/wp\/v2\/types\/page"}],"author":[{"embeddable":true,"href":"https:\/\/rcsyd.se\/hakir\/wp-json\/wp\/v2\/users\/3"}],"replies":[{"embeddable":true,"href":"https:\/\/rcsyd.se\/hakir\/wp-json\/wp\/v2\/comments?post=4342"}],"version-history":[{"count":14,"href":"https:\/\/rcsyd.se\/hakir\/wp-json\/wp\/v2\/pages\/4342\/revisions"}],"predecessor-version":[{"id":4487,"href":"https:\/\/rcsyd.se\/hakir\/wp-json\/wp\/v2\/pages\/4342\/revisions\/4487"}],"up":[{"embeddable":true,"href":"https:\/\/rcsyd.se\/hakir\/wp-json\/wp\/v2\/pages\/4336"}],"wp:attachment":[{"href":"https:\/\/rcsyd.se\/hakir\/wp-json\/wp\/v2\/media?parent=4342"}],"curies":[{"name":"wp","href":"https:\/\/api.w.org\/{rel}","templated":true}]}}