{"id":4275,"date":"2026-01-22T13:44:25","date_gmt":"2026-01-22T13:44:25","guid":{"rendered":"https:\/\/rcsyd.se\/hakir\/?page_id=4275"},"modified":"2026-02-17T15:44:43","modified_gmt":"2026-02-17T15:44:43","slug":"grundregistrering","status":"publish","type":"page","link":"https:\/\/rcsyd.se\/hakir\/registrering\/formular-och-enkater\/grundregistrering","title":{"rendered":"Grundregistrering"},"content":{"rendered":"<h1>Grundregistrering<\/h1>\n<p>I nedladdningsboxen p\u00e5 denna sida finner du formul\u00e4r kopplat till grundregistreringen i HAKIR (Handkirurgiskt kvalitetsregister). Ut\u00f6ver start- och grundformul\u00e4r finns \u00e4ven HAKIR:s patientenk\u00e4t HQ-8 kombinerad med QuickDASH samt enk\u00e4t f\u00f6r PREM (Patient Reported Experience Measures).<\/p>\n<p>Alla som opereras vid deltagande enhet skall inkluderas i grundregistreringen. En del patienter kan eller b\u00f6r inte fylla i enk\u00e4terna, se exklusionskriterier nedan. Dessa patienter registreras i \u00f6vriga formul\u00e4r, men f\u00e5r ingen enk\u00e4t. All registrering i HAKIR \u00e4r frivillig. Patienter har r\u00e4tt att tacka nej till registrering och \u00e4ven att f\u00e5 sina uppgifter raderade utan att detta p\u00e5verkar deras v\u00e5rd. Se \u00e4ven v\u00e5rt avsnitt om patientinformation f\u00f6r mer information.<br \/>\n<a href=\"https:\/\/rcsyd.se\/hakir\/patientinformation\">Klicka h\u00e4r f\u00f6r att komma till patientinformationen.<\/a><\/p>\n<h2>Inklusionskriterier i HAKIR<\/h2>\n<p>Samtliga patienter som opereras vid de deltagande enheterna, med undantag f\u00f6r de som inte \u00f6nskar delta i kvalitetsregistret. Av tekniska sk\u00e4l \u00e4r det inte m\u00f6jligt att registrera patienter som har utl\u00e4ndskt personnummer eller reservnummer.<\/p>\n<h2>Exklusionskriterier f\u00f6r enk\u00e4t<\/h2>\n<p>F\u00f6ljande patienter exkluderas och f\u00e5r inte enk\u00e4t f\u00f6re eller efter operation:<\/p>\n<ul>\n<li>barn &lt;13 \u00e5r (exkluderas fr\u00e5n PROM-enk\u00e4ten, men PREM-enk\u00e4ten 3 veckor postoperativt skickas till v\u00e5rdnadshavarens 1177)<\/li>\n<li>patient med operation i samma eller andra handen inom de senaste 12 m\u00e5naderna<\/li>\n<li>patient som av olika sk\u00e4l inte kan fylla i enk\u00e4t (nedsatt allm\u00e4ntillst\u00e5nd, demens etcetera)<\/li>\n<li>patient som avb\u00f6jer enk\u00e4ten.<\/li>\n<\/ul>\n","protected":false},"excerpt":{"rendered":"<p>Grundregistrering I nedladdningsboxen p\u00e5 denna sida finner du formul\u00e4r kopplat till grundregistreringen i HAKIR (Handkirurgiskt kvalitetsregister). Ut\u00f6ver start- och grundformul\u00e4r finns \u00e4ven HAKIR:s patientenk\u00e4t HQ-8 kombinerad med QuickDASH samt enk\u00e4t f\u00f6r PREM (Patient Reported Experience Measures). Alla som opereras vid deltagande enhet skall inkluderas i grundregistreringen. En del patienter kan eller b\u00f6r inte fylla i&#8230; <a class=\"read-more\" href=\"https:\/\/rcsyd.se\/hakir\/registrering\/formular-och-enkater\/grundregistrering\">L\u00e4s mer<\/a><\/p>\n","protected":false},"author":3,"featured_media":0,"parent":4272,"menu_order":0,"comment_status":"closed","ping_status":"closed","template":"","meta":{"_acf_changed":false,"footnotes":""},"acf":[],"_links":{"self":[{"href":"https:\/\/rcsyd.se\/hakir\/wp-json\/wp\/v2\/pages\/4275"}],"collection":[{"href":"https:\/\/rcsyd.se\/hakir\/wp-json\/wp\/v2\/pages"}],"about":[{"href":"https:\/\/rcsyd.se\/hakir\/wp-json\/wp\/v2\/types\/page"}],"author":[{"embeddable":true,"href":"https:\/\/rcsyd.se\/hakir\/wp-json\/wp\/v2\/users\/3"}],"replies":[{"embeddable":true,"href":"https:\/\/rcsyd.se\/hakir\/wp-json\/wp\/v2\/comments?post=4275"}],"version-history":[{"count":5,"href":"https:\/\/rcsyd.se\/hakir\/wp-json\/wp\/v2\/pages\/4275\/revisions"}],"predecessor-version":[{"id":4482,"href":"https:\/\/rcsyd.se\/hakir\/wp-json\/wp\/v2\/pages\/4275\/revisions\/4482"}],"up":[{"embeddable":true,"href":"https:\/\/rcsyd.se\/hakir\/wp-json\/wp\/v2\/pages\/4272"}],"wp:attachment":[{"href":"https:\/\/rcsyd.se\/hakir\/wp-json\/wp\/v2\/media?parent=4275"}],"curies":[{"name":"wp","href":"https:\/\/api.w.org\/{rel}","templated":true}]}}