{"id":4238,"date":"2026-01-22T09:50:37","date_gmt":"2026-01-22T09:50:37","guid":{"rendered":"https:\/\/rcsyd.se\/hakir\/?page_id=4238"},"modified":"2026-01-22T11:49:38","modified_gmt":"2026-01-22T11:49:38","slug":"forbattringsfokus-2023-2024","status":"publish","type":"page","link":"https:\/\/rcsyd.se\/hakir\/forskning\/forbattringsarbeten\/forbattringsfokus-2023-2024","title":{"rendered":"F\u00f6rb\u00e4ttringsfokus 2023\u20132024"},"content":{"rendered":"<h1>F\u00f6rb\u00e4ttringsfokus 2023\u20132024<\/h1>\n<p>Under 2023 f\u00f6rb\u00e4ttrades administrationen av v\u00e5ra enk\u00e4ter och alla f\u00f6rmedlas idag via 1177, detta medf\u00f6r ett \u00f6kat fl\u00f6de och en \u00f6kad svarsfrekvens, vilket m\u00f6jligg\u00f6r s\u00e4krare analyser. V\u00e5r nya PREM (Patient Reported Experience Measures)-enk\u00e4t ger oss svar om patientens upplevelse.<\/p>\n<p>Proteskirurgin inom handkirurgi \u00f6kade f\u00f6r vissa diagnoser och vi arbetade med implementering av en ny registreringsrutin d\u00e4r alla implantat skannas och detaljerna registreras i HAKIR, vi kommer d\u00e4rmed p\u00e5 nationell niv\u00e5 kunna uppt\u00e4cka eventuella brister.<\/p>\n<p>Under 2023 och 2024 p\u00e5visade vi flera olikheter g\u00e4llande den handkirurgiska v\u00e5rden i riket och uppmanar sedan dess regionerna och verksamheterna till diskussion.<\/p>\n","protected":false},"excerpt":{"rendered":"<p>F\u00f6rb\u00e4ttringsfokus 2023\u20132024 Under 2023 f\u00f6rb\u00e4ttrades administrationen av v\u00e5ra enk\u00e4ter och alla f\u00f6rmedlas idag via 1177, detta medf\u00f6r ett \u00f6kat fl\u00f6de och en \u00f6kad svarsfrekvens, vilket m\u00f6jligg\u00f6r s\u00e4krare analyser. V\u00e5r nya PREM (Patient Reported Experience Measures)-enk\u00e4t ger oss svar om patientens upplevelse. Proteskirurgin inom handkirurgi \u00f6kade f\u00f6r vissa diagnoser och vi arbetade med implementering av en&#8230; <a class=\"read-more\" href=\"https:\/\/rcsyd.se\/hakir\/forskning\/forbattringsarbeten\/forbattringsfokus-2023-2024\">L\u00e4s mer<\/a><\/p>\n","protected":false},"author":3,"featured_media":0,"parent":4213,"menu_order":0,"comment_status":"closed","ping_status":"closed","template":"","meta":{"_acf_changed":false,"footnotes":""},"acf":[],"_links":{"self":[{"href":"https:\/\/rcsyd.se\/hakir\/wp-json\/wp\/v2\/pages\/4238"}],"collection":[{"href":"https:\/\/rcsyd.se\/hakir\/wp-json\/wp\/v2\/pages"}],"about":[{"href":"https:\/\/rcsyd.se\/hakir\/wp-json\/wp\/v2\/types\/page"}],"author":[{"embeddable":true,"href":"https:\/\/rcsyd.se\/hakir\/wp-json\/wp\/v2\/users\/3"}],"replies":[{"embeddable":true,"href":"https:\/\/rcsyd.se\/hakir\/wp-json\/wp\/v2\/comments?post=4238"}],"version-history":[{"count":2,"href":"https:\/\/rcsyd.se\/hakir\/wp-json\/wp\/v2\/pages\/4238\/revisions"}],"predecessor-version":[{"id":4261,"href":"https:\/\/rcsyd.se\/hakir\/wp-json\/wp\/v2\/pages\/4238\/revisions\/4261"}],"up":[{"embeddable":true,"href":"https:\/\/rcsyd.se\/hakir\/wp-json\/wp\/v2\/pages\/4213"}],"wp:attachment":[{"href":"https:\/\/rcsyd.se\/hakir\/wp-json\/wp\/v2\/media?parent=4238"}],"curies":[{"name":"wp","href":"https:\/\/api.w.org\/{rel}","templated":true}]}}