{"id":4233,"date":"2026-01-22T09:48:55","date_gmt":"2026-01-22T09:48:55","guid":{"rendered":"https:\/\/rcsyd.se\/hakir\/?page_id=4233"},"modified":"2026-01-22T11:53:40","modified_gmt":"2026-01-22T11:53:40","slug":"forbattringsfokus-2021-2022","status":"publish","type":"page","link":"https:\/\/rcsyd.se\/hakir\/forskning\/forbattringsarbeten\/forbattringsfokus-2021-2022","title":{"rendered":"F\u00f6rb\u00e4ttringsfokus 2021\u20132022"},"content":{"rendered":"<h1>F\u00f6rb\u00e4ttringsfokus 2021\u20132022<\/h1>\n<p>Fr\u00e5n och med 2021 b\u00f6rjade HAKIR ha ett \u00f6kat fokus p\u00e5 att stimulera till lokala f\u00f6rb\u00e4ttringsarbeten, bland annat med automatiskt genererade m\u00e5nadsrapporter d\u00e4r alla deltagande enheter kunde j\u00e4mf\u00f6ra sina egna resultat med nationella. Vi hade ocks\u00e5 ett p\u00e5g\u00e5ende projekt med en PREM-enk\u00e4t d\u00e4r vi tittade p\u00e5 patienternas upplevelse av v\u00e5rden. F\u00f6rhoppningen \u00e4r att resultaten ska kunna ge oss intressanta data f\u00f6r j\u00e4mf\u00f6relse av v\u00e5rdkvalitet vid de olika enheterna. Vi tror \u00e4ven att vi kan identifiera fler relevanta kvalitetsindikatorer fr\u00e5n dessa enk\u00e4tdata.<\/p>\n<h2>Nationell samverkan<\/h2>\n<p>Registerdata i HAKIR visade p\u00e5 tydliga skillnader i handkirurgisk v\u00e5rd nationellt. S\u00e5dana skillnader \u00e4r exempelvis variation i operations- och rehabiliteringsmetoder och olika resurser f\u00f6r akut omh\u00e4ndertagande av handskador. Case-mix vid de handkirurgiska regionklinikerna varierade nationellt trots \u00f6verenskommen niv\u00e5strukturering mellan handkirurgi och ortopedi. Genom att rapportera och diskutera dessa skillnader vid nationella arbets- och styrgruppsm\u00f6ten r\u00e4knade vi med att v\u00e4cka intresse f\u00f6r att analysera resultaten vidare s\u00e5 att vi kan l\u00e4ra av varandra. Vi har i HAKIR en plattform som st\u00e4rker v\u00e5rt nationella utvecklingsarbete och v\u00e5r samverkan.<\/p>\n<p>HAKIR var med i den nationella arbetsgruppen (NAG) f\u00f6r tumbasartros inom nationella programomr\u00e5det (NPO) f\u00f6r r\u00f6relseorganens sjukdomar. Vi medverkade ocks\u00e5 i samarbetsgruppen f\u00f6r de ortopediska kvalitetsregistren. Registerh\u00e5llaren \u00e4r medlem i styrelsen f\u00f6r Nationella Kvalitetsregisterf\u00f6reningen (NKRF) sedan 2021. Genom deltagande i dessa nationella sammanhang kunde vi synligg\u00f6ra handkirurgin.<\/p>\n<p>Under h\u00f6sten 2019 startade HAKIR en valideringsstudie i syfte att uppskatta hur stor andel av de ifyllda formul\u00e4ren i HAKIR som \u00f6verensst\u00e4mmer med vad som registrerats i journalerna. Syftet med studien var att kunna identifiera potentiella f\u00f6rb\u00e4ttringar av registreringsrutinerna och \u00f6ka datakvaliteten. Valideringsstudien gjordes med nio ing\u00e5ende kliniker d\u00e4r data i journalerna samlades in f\u00f6r ett slumpm\u00e4ssigt urval av operationer som \u00e4r registrerade i HAKIR. Studien tydde p\u00e5 att \u00f6verensst\u00e4mmande andel f\u00f6r samtliga kliniker ber\u00e4knas i medel vara 73,8 % f\u00f6r &#8221;helt r\u00e4tt&#8221; och 84,9 % f\u00f6r &#8221;helt r\u00e4tt eller delvis r\u00e4tt&#8221;.<\/p>\n<p>Resultatet av valideringsstudien finner du i nedladdningsboxen p\u00e5 denna sida.<\/p>\n","protected":false},"excerpt":{"rendered":"<p>F\u00f6rb\u00e4ttringsfokus 2021\u20132022 Fr\u00e5n och med 2021 b\u00f6rjade HAKIR ha ett \u00f6kat fokus p\u00e5 att stimulera till lokala f\u00f6rb\u00e4ttringsarbeten, bland annat med automatiskt genererade m\u00e5nadsrapporter d\u00e4r alla deltagande enheter kunde j\u00e4mf\u00f6ra sina egna resultat med nationella. Vi hade ocks\u00e5 ett p\u00e5g\u00e5ende projekt med en PREM-enk\u00e4t d\u00e4r vi tittade p\u00e5 patienternas upplevelse av v\u00e5rden. F\u00f6rhoppningen \u00e4r att&#8230; <a class=\"read-more\" href=\"https:\/\/rcsyd.se\/hakir\/forskning\/forbattringsarbeten\/forbattringsfokus-2021-2022\">L\u00e4s mer<\/a><\/p>\n","protected":false},"author":3,"featured_media":0,"parent":4213,"menu_order":0,"comment_status":"closed","ping_status":"closed","template":"","meta":{"_acf_changed":false,"footnotes":""},"acf":[],"_links":{"self":[{"href":"https:\/\/rcsyd.se\/hakir\/wp-json\/wp\/v2\/pages\/4233"}],"collection":[{"href":"https:\/\/rcsyd.se\/hakir\/wp-json\/wp\/v2\/pages"}],"about":[{"href":"https:\/\/rcsyd.se\/hakir\/wp-json\/wp\/v2\/types\/page"}],"author":[{"embeddable":true,"href":"https:\/\/rcsyd.se\/hakir\/wp-json\/wp\/v2\/users\/3"}],"replies":[{"embeddable":true,"href":"https:\/\/rcsyd.se\/hakir\/wp-json\/wp\/v2\/comments?post=4233"}],"version-history":[{"count":3,"href":"https:\/\/rcsyd.se\/hakir\/wp-json\/wp\/v2\/pages\/4233\/revisions"}],"predecessor-version":[{"id":4263,"href":"https:\/\/rcsyd.se\/hakir\/wp-json\/wp\/v2\/pages\/4233\/revisions\/4263"}],"up":[{"embeddable":true,"href":"https:\/\/rcsyd.se\/hakir\/wp-json\/wp\/v2\/pages\/4213"}],"wp:attachment":[{"href":"https:\/\/rcsyd.se\/hakir\/wp-json\/wp\/v2\/media?parent=4233"}],"curies":[{"name":"wp","href":"https:\/\/api.w.org\/{rel}","templated":true}]}}