{"id":4231,"date":"2026-01-22T09:45:23","date_gmt":"2026-01-22T09:45:23","guid":{"rendered":"https:\/\/rcsyd.se\/hakir\/?page_id=4231"},"modified":"2026-01-22T12:02:44","modified_gmt":"2026-01-22T12:02:44","slug":"forbattringsfokus-2019","status":"publish","type":"page","link":"https:\/\/rcsyd.se\/hakir\/forskning\/forbattringsarbeten\/forbattringsfokus-2019","title":{"rendered":"F\u00f6rb\u00e4ttringsfokus 2019"},"content":{"rendered":"<h1>F\u00f6rb\u00e4ttringsfokus 2019<\/h1>\n<h2>Multiprofessionellt f\u00f6rb\u00e4ttringsprojekt<\/h2>\n<p>HAKIR (Handkirurgiskt kvalitetsregister) bj\u00f6d in anslutna kliniker till att g\u00f6ra ett multiprofessionellt f\u00f6rb\u00e4ttringsarbete, f\u00f6r att ta vara p\u00e5 data som i registret och som kan f\u00f6rb\u00e4ttra f\u00f6r personal och patienter. Registret fick svar fr\u00e5n tre kliniker, Malm\u00f6, Stockholm och Uppsala, som redovisade en bra projektbeskrivning och ett bra m\u00e5l, vilka redovisades p\u00e5 n\u00e4stkommande nationella HAKIR-dag. Alla tre kliniker skulle d\u00e4refter f\u00f6lja upp arbetet under projektens g\u00e5ng f\u00f6r b\u00e4sta resultat och rutiner. Ett ekonomiskt projektbidrag betalades ut till klinikerna f\u00f6r l\u00f6nekostnad samt mat- och m\u00f6teskostnad f\u00f6r personal som var med i projektet.<\/p>\n<h3>Malm\u00f6s m\u00e5l<\/h3>\n<p>Malm\u00f6s m\u00e5l var att<\/p>\n<ul>\n<li>f\u00e5 till en b\u00e4ttre rapportering och uppf\u00f6ljning av alla protesoperationer, bland annat genom att alla patienter bokas f\u00f6r \u00e5terbes\u00f6k 3 plus 12 m\u00e5nader postoperativt till r\u00f6ntgen, l\u00e4karbes\u00f6k samt rehabilitering.<\/li>\n<\/ul>\n<h3>Stockholms m\u00e5l<\/h3>\n<p>Stockholms m\u00e5l var att<\/p>\n<ul>\n<li>\u00f6ka kvaliteten och svarsfrekvensen genom att se \u00f6ver information och rutiner med f\u00f6rankring i nul\u00e4ge och historik<\/li>\n<li>b\u00e4ttre kommunicera ut vad HAKIR visar s\u00e5 att patienter\/personal motiveras att fylla i b\u00e4ttre.<\/li>\n<\/ul>\n<h3>Uppsalas m\u00e5l<\/h3>\n<p>Uppsalas m\u00e5l var att<\/p>\n<ul>\n<li>f\u00e5 en \u00f6kad svarsfrekvens med fler kompletta registreringar av patienter med ut\u00f6kad registrering<\/li>\n<li>operationer registreras direkt i samband med operation s\u00e5 att kliniken inte beh\u00f6ver operationsformul\u00e4ren i pappersform<\/li>\n<li>patienten blir fullt registrerad hela 12-m\u00e5nadersperioden genom att kartl\u00e4gga alla hinder och skapa f\u00f6ruts\u00e4ttningar som g\u00f6r att formul\u00e4ren registreras<\/li>\n<li>utveckla id\u00e9er f\u00f6r att samordna fler bes\u00f6k samtidigt f\u00f6r patienter.<\/li>\n<\/ul>\n","protected":false},"excerpt":{"rendered":"<p>F\u00f6rb\u00e4ttringsfokus 2019 Multiprofessionellt f\u00f6rb\u00e4ttringsprojekt HAKIR (Handkirurgiskt kvalitetsregister) bj\u00f6d in anslutna kliniker till att g\u00f6ra ett multiprofessionellt f\u00f6rb\u00e4ttringsarbete, f\u00f6r att ta vara p\u00e5 data som i registret och som kan f\u00f6rb\u00e4ttra f\u00f6r personal och patienter. Registret fick svar fr\u00e5n tre kliniker, Malm\u00f6, Stockholm och Uppsala, som redovisade en bra projektbeskrivning och ett bra m\u00e5l, vilka redovisades&#8230; <a class=\"read-more\" href=\"https:\/\/rcsyd.se\/hakir\/forskning\/forbattringsarbeten\/forbattringsfokus-2019\">L\u00e4s mer<\/a><\/p>\n","protected":false},"author":3,"featured_media":0,"parent":4213,"menu_order":0,"comment_status":"closed","ping_status":"closed","template":"","meta":{"_acf_changed":false,"footnotes":""},"acf":[],"_links":{"self":[{"href":"https:\/\/rcsyd.se\/hakir\/wp-json\/wp\/v2\/pages\/4231"}],"collection":[{"href":"https:\/\/rcsyd.se\/hakir\/wp-json\/wp\/v2\/pages"}],"about":[{"href":"https:\/\/rcsyd.se\/hakir\/wp-json\/wp\/v2\/types\/page"}],"author":[{"embeddable":true,"href":"https:\/\/rcsyd.se\/hakir\/wp-json\/wp\/v2\/users\/3"}],"replies":[{"embeddable":true,"href":"https:\/\/rcsyd.se\/hakir\/wp-json\/wp\/v2\/comments?post=4231"}],"version-history":[{"count":5,"href":"https:\/\/rcsyd.se\/hakir\/wp-json\/wp\/v2\/pages\/4231\/revisions"}],"predecessor-version":[{"id":4267,"href":"https:\/\/rcsyd.se\/hakir\/wp-json\/wp\/v2\/pages\/4231\/revisions\/4267"}],"up":[{"embeddable":true,"href":"https:\/\/rcsyd.se\/hakir\/wp-json\/wp\/v2\/pages\/4213"}],"wp:attachment":[{"href":"https:\/\/rcsyd.se\/hakir\/wp-json\/wp\/v2\/media?parent=4231"}],"curies":[{"name":"wp","href":"https:\/\/api.w.org\/{rel}","templated":true}]}}