{"id":4213,"date":"2026-01-09T13:03:11","date_gmt":"2026-01-09T13:03:11","guid":{"rendered":"https:\/\/rcsyd.se\/hakir\/?page_id=4213"},"modified":"2026-03-30T12:06:31","modified_gmt":"2026-03-30T12:06:31","slug":"forbattringsarbeten","status":"publish","type":"page","link":"https:\/\/rcsyd.se\/hakir\/forskning\/forbattringsarbeten","title":{"rendered":"F\u00f6rb\u00e4ttringsarbeten"},"content":{"rendered":"<h1>F\u00f6rb\u00e4ttringsarbeten<\/h1>\n<p>Det viktigaste syftet f\u00f6r ett kvalitetsregister \u00e4r att f\u00f6rb\u00e4ttra v\u00e5rden. Registren kan ta fram f\u00f6rb\u00e4ttringsomr\u00e5den och f\u00f6lja trender \u00f6ver tid vilken kan ligga till grund f\u00f6r m\u00e5nga f\u00f6rb\u00e4ttringsarbeten.<\/p>\n<p>Syftet med HAKIR (Handkirurgiskt kvalitetsregister) \u00e4r att fortl\u00f6pande och standardiserat f\u00f6lja upp handkirurgisk v\u00e5rdkvalitet, s\u00e5v\u00e4l patientrapporterade som objektiva data, f\u00f6r att successivt effektivisera och f\u00f6rb\u00e4ttra v\u00e5rden och \u00f6ka patients\u00e4kerheten. F\u00f6r att inspirera till f\u00f6rb\u00e4ttringsarbete och l\u00e4ra av varandras resultat finns h\u00e4r m\u00f6jligheten att ta del av de f\u00f6rb\u00e4ttringsarbeten som b\u00e5de p\u00e5g\u00e5r och har genomf\u00f6rts.<\/p>\n<p>Under de senaste \u00e5ren har flera resurskr\u00e4vande nya operationsmetoder inf\u00f6rts inom handkirurgi, till exempel ledproteskirurgi och nya tekniker f\u00f6r frakturkirurgi. Patientmaterialen har ofta varit f\u00f6r sm\u00e5 f\u00f6r att fastst\u00e4lla vetenskaplig evidens med hj\u00e4lp av randomiserade studier. Genom standardiserad uppf\u00f6ljning kan vi b\u00e4ttre j\u00e4mf\u00f6ra olika operationsmetoder och sortera ut tekniker med h\u00f6gre risk f\u00f6r komplikationer. Kvalitetsregister ger \u00e4ven b\u00e4ttre f\u00f6ruts\u00e4ttningar f\u00f6r standardisering av operationstekniker och postoperativ behandling. Vi hoppas \u00e4ven att initiativet med \u00f6kad kunskapsstyrning inom nationella programomr\u00e5den skall underl\u00e4tta kopplingen mellan rapporterade registerdata och utvecklingen av v\u00e5rden. Sist men inte minst uppm\u00e4rksammas patientens egen uppfattning av v\u00e5rden b\u00e4ttre via v\u00e5ra enk\u00e4ter.<\/p>\n<p>N\u00e5gra exempel p\u00e5 f\u00f6rb\u00e4ttringsarbeten kopplade till HAKIR:<\/p>\n<ul>\n<li>En nationell manual har utvecklats med beskrivning av standardiserade m\u00e4tmetoder, till exempel kraft och r\u00f6rlighet.<\/li>\n<li>Postoperativa komplikationer analyseras p\u00e5 varje klinik, till exempel infektioner, senrupturer och nervskador.<\/li>\n<li>I projektet \u00d6kad patientmedverkan analyseras bland annat orsaker till varf\u00f6r patienter inte har varit n\u00f6jda med v\u00e5rden och vi unders\u00f6ker samtidigt upplevd delaktighet.<\/li>\n<li>Flera ST-l\u00e4karprojekt baserade p\u00e5 HAKIR-data bland annat, ett om tumbaskirurgi och ett om kollagenasbehandling vid Dupuytrens kontraktur.<\/li>\n<li>Patientinformationsbroschyrer utformas baserat p\u00e5 registerdata.<\/li>\n<li>Inf\u00f6rande av skanning f\u00f6r implantatkirurgin<\/li>\n<li>Non responder uppf\u00f6ljande samtal<\/li>\n<\/ul>\n<p>Du kan ocks\u00e5 ladda ner ett informationsblad i nedladdningsboxen p\u00e5 denna sida d\u00e4r bland annat f\u00f6rb\u00e4ttringsarbetena ovan listas.<\/p>\n","protected":false},"excerpt":{"rendered":"<p>F\u00f6rb\u00e4ttringsarbeten Det viktigaste syftet f\u00f6r ett kvalitetsregister \u00e4r att f\u00f6rb\u00e4ttra v\u00e5rden. Registren kan ta fram f\u00f6rb\u00e4ttringsomr\u00e5den och f\u00f6lja trender \u00f6ver tid vilken kan ligga till grund f\u00f6r m\u00e5nga f\u00f6rb\u00e4ttringsarbeten. Syftet med HAKIR (Handkirurgiskt kvalitetsregister) \u00e4r att fortl\u00f6pande och standardiserat f\u00f6lja upp handkirurgisk v\u00e5rdkvalitet, s\u00e5v\u00e4l patientrapporterade som objektiva data, f\u00f6r att successivt effektivisera och f\u00f6rb\u00e4ttra v\u00e5rden&#8230; <a class=\"read-more\" href=\"https:\/\/rcsyd.se\/hakir\/forskning\/forbattringsarbeten\">L\u00e4s mer<\/a><\/p>\n","protected":false},"author":3,"featured_media":0,"parent":4118,"menu_order":0,"comment_status":"closed","ping_status":"closed","template":"","meta":{"_acf_changed":false,"footnotes":""},"acf":[],"_links":{"self":[{"href":"https:\/\/rcsyd.se\/hakir\/wp-json\/wp\/v2\/pages\/4213"}],"collection":[{"href":"https:\/\/rcsyd.se\/hakir\/wp-json\/wp\/v2\/pages"}],"about":[{"href":"https:\/\/rcsyd.se\/hakir\/wp-json\/wp\/v2\/types\/page"}],"author":[{"embeddable":true,"href":"https:\/\/rcsyd.se\/hakir\/wp-json\/wp\/v2\/users\/3"}],"replies":[{"embeddable":true,"href":"https:\/\/rcsyd.se\/hakir\/wp-json\/wp\/v2\/comments?post=4213"}],"version-history":[{"count":15,"href":"https:\/\/rcsyd.se\/hakir\/wp-json\/wp\/v2\/pages\/4213\/revisions"}],"predecessor-version":[{"id":4738,"href":"https:\/\/rcsyd.se\/hakir\/wp-json\/wp\/v2\/pages\/4213\/revisions\/4738"}],"up":[{"embeddable":true,"href":"https:\/\/rcsyd.se\/hakir\/wp-json\/wp\/v2\/pages\/4118"}],"wp:attachment":[{"href":"https:\/\/rcsyd.se\/hakir\/wp-json\/wp\/v2\/media?parent=4213"}],"curies":[{"name":"wp","href":"https:\/\/api.w.org\/{rel}","templated":true}]}}