{"id":4167,"date":"2026-01-07T11:47:58","date_gmt":"2026-01-07T11:47:58","guid":{"rendered":"https:\/\/rcsyd.se\/hakir\/?page_id=4167"},"modified":"2026-01-07T11:47:58","modified_gmt":"2026-01-07T11:47:58","slug":"enkatinformation","status":"publish","type":"page","link":"https:\/\/rcsyd.se\/hakir\/patientinformation\/enkatinformation","title":{"rendered":"Enk\u00e4tinformation"},"content":{"rendered":"<h1>Enk\u00e4tinformation<\/h1>\n<p>HAKIR (Handkirurgiskt kvalitetsregister) arbetar kontinuerligt med att ytterligare f\u00f6rb\u00e4ttra kvaliteten p\u00e5 den v\u00e5rd som ges. Att f\u00e5 ta del av dina skattade besv\u00e4r och din funktion i hand\/arm samt dina erfarenheter av v\u00e5rdupplevelsen hj\u00e4lper oss att utveckla och f\u00f6rb\u00e4ttra v\u00e5rden.<\/p>\n<p>Vi har tv\u00e5 olika enk\u00e4ter:<\/p>\n<ul>\n<li>en enk\u00e4t d\u00e4r du skattar dina besv\u00e4r och funktion f\u00f6re din operation, 3 och 12 m\u00e5nader efter din operation<\/li>\n<li>en enk\u00e4t som ber\u00f6r din upplevelse av v\u00e5rden och det bem\u00f6tande du f\u00e5tt, denna enk\u00e4t besvarar du 3 veckor efter din operation.<\/li>\n<\/ul>\n<p>Alla vuxna och ungdomar fr\u00e5n och med 13 \u00e5rs \u00e5lder ombeds svara p\u00e5 v\u00e5ra enk\u00e4ter som r\u00f6r symptom.<br \/>\nBarn och ungdomar under 13 \u00e5r f\u00e5r endast enk\u00e4ten som skickas ut 3 veckor efter operationen d\u00e4r v\u00e5rdupplevelsen skattas, den skickas till v\u00e5rdnadshavarens 1177-konto.<\/p>\n<h2>S\u00e5 h\u00e4r g\u00f6r du f\u00f6r att delta<\/h2>\n<p>Enk\u00e4terna skickas ut via 1177 V\u00e5rdguidens e-tj\u00e4nster. Du kan svara p\u00e5 enk\u00e4terna genom att logga in p\u00e5 1177.se. F\u00f6r att vi ska kunna skicka enk\u00e4ter till dig beh\u00f6ver du aktivera aviseringar. D\u00e5 f\u00e5r du ett mail eller sms n\u00e4r du har ett nytt meddelande fr\u00e5n oss.<\/p>\n<h2>Dina uppgifter skyddas<\/h2>\n<p>Det \u00e4r frivilligt att delta i unders\u00f6kningen och dina svar hanteras anonymt. Det samlade resultatet kommer att anv\u00e4ndas som underlag f\u00f6r f\u00f6rb\u00e4ttringar av v\u00e5rden.<\/p>\n<p>Om du har fr\u00e5gor ang\u00e5ende HAKIR, kontakta lokal koordinator p\u00e5 den enhet d\u00e4r du har f\u00e5tt eller ska f\u00e5 din behandling.<br \/>\n<a href=\"https:\/\/rcsyd.se\/hakir\/kontakt\">Klicka h\u00e4r f\u00f6r att komma till kontaktuppgifter f\u00f6r lokala koordinatorer.<\/a><\/p>\n<p>Tack f\u00f6r din medverkan.<\/p>\n<h2>Enk\u00e4tfr\u00e5gor<\/h2>\n<p>H\u00e4r nedan kan du i l\u00f6pande text se de enk\u00e4tfr\u00e5gor som HAKIR har.<\/p>\n<p>Enk\u00e4ten g\u00e4ller de besv\u00e4r du har haft den senaste veckan, i den arm\/hand som har opererats. Kryssa f\u00f6r det svarsalternativ som st\u00e4mmer b\u00e4st \u00f6verens med dina ev. besv\u00e4r.<\/p>\n<p>&nbsp;<\/p>\n<p>Jag \u00e4r (ange den hand du skriver med): V\u00e4nsterh\u00e4nt, h\u00f6gerh\u00e4nt eller tv\u00e5h\u00e4nt<\/p>\n<p>Arm\/hand som har opererats: V\u00e4nster eller h\u00f6ger<\/p>\n<p>R\u00f6ker du? V\u00e4lj ett alternativ:<\/p>\n<p>Aldrig varit r\u00f6kare<\/p>\n<p>F\u00f6re detta r\u00f6kare<\/p>\n<p>R\u00f6ker, ej dagligen<\/p>\n<p>Dagligr\u00f6kare<br \/>\nSymptomenk\u00e4t del 1<\/p>\n<p>Fr\u00e5ga 1-8. Gradering 0 = inga problem \u2013 100 = v\u00e4rsta t\u00e4nkbara problem<\/p>\n<p>Sm\u00e4rta vid belastning<br \/>\nSm\u00e4rta vid r\u00f6relser utan belastning<br \/>\nVilov\u00e4rk<br \/>\nStelhet<br \/>\nSvaghet<br \/>\nDomningar\/stickningar i fingrarna (\u201dsockerdricksk\u00e4nsla\u201d)<br \/>\nK\u00f6ldk\u00e4nslighet (obehag\/besv\u00e4r n\u00e4r du uts\u00e4tts f\u00f6r kyla)<br \/>\nF\u00f6rm\u00e5ga att utf\u00f6ra dagliga aktiviteter<\/p>\n<p>&nbsp;<\/p>\n<p>Hur upplever Du resultatet av operationen?<\/p>\n<p>0 = helt missn\u00f6jd \u2013 100 = helt n\u00f6jd.<\/p>\n<p>Hur upplever Du bem\u00f6tandet p\u00e5 kliniken under behandlingstiden?<\/p>\n<p>0 = helt missn\u00f6jd \u2013 100= helt n\u00f6jd.<\/p>\n<p>Del 2<\/p>\n<p>Denna enk\u00e4t ber\u00f6r Dina symtom och Din f\u00f6rm\u00e5ga att utf\u00f6ra vissa aktiviteter. Svara p\u00e5 varje fr\u00e5ga, baserat p\u00e5 hur Du har m\u00e5tt den senaste veckan, genom att kryssa f\u00f6r ett svarsalternativ f\u00f6r varje fr\u00e5ga. Om det \u00e4r n\u00e5gon aktivitet Du inte har utf\u00f6rt den senaste veckan f\u00e5r Du kryssa f\u00f6r det svar som Du bed\u00f6mer st\u00e4mmer b\u00e4st om Du hade utf\u00f6rt aktiviteten. Det har ingen betydelse vilken arm eller hand Du anv\u00e4nder f\u00f6r att utf\u00f6ra aktiviteten. Svara baserat p\u00e5 Din f\u00f6rm\u00e5ga oavsett hur Du utf\u00f6r uppgiften.<\/p>\n<p>Fr\u00e5ga 1-6, gradering, 5 niv\u00e5er: Ingen sv\u00e5righet \u2013 Viss sv\u00e5righet \u2013 M\u00e5ttlig sv\u00e5righet \u2013 Stor sv\u00e5righet \u2013 Om\u00f6jligt att g\u00f6ra<\/p>\n<p>\u00d6ppna en ny burk eller h\u00e5rt sittande lock<br \/>\nUtf\u00f6ra tunga hush\u00e5llssysslor (t ex tv\u00e4tta golv, putsa f\u00f6nster, h\u00e4nga tv\u00e4tt)<br \/>\nB\u00e4ra matkassar eller portf\u00f6lj<br \/>\nTv\u00e4tta Din rygg<br \/>\nAnv\u00e4nda en kniv f\u00f6r att sk\u00e4ra upp maten<br \/>\nFritidsaktiviteter som tar upp viss kraft eller st\u00f6t genom arm, axel eller hand (t ex spela golf, anv\u00e4nda hammare, spela tennis, skytte, bowling)<\/p>\n<p>Under den senaste veckan, i vilken utstr\u00e4ckning har Dina arm-, axel- eller handproblem st\u00f6rt Ditt vanliga umg\u00e4nge med anh\u00f6riga, v\u00e4nner, grannar eller andra?<\/p>\n<p>Inte alls \u2013 Lite \u2013 M\u00e5ttligt \u2013 Mycket \u2013 V\u00e4ldigt mycket<\/p>\n<p>Under den senaste veckan, i vilken utstr\u00e4ckning har Dina arm-, axel- eller handproblem st\u00f6rt Ditt vanliga arbete eller andra dagliga aktiviteter?<\/p>\n<p>Inte alls \u2013 Lite \u2013 M\u00e5ttligt \u2013 Mycket \u2013 V\u00e4ldigt mycket<\/p>\n<p>&nbsp;<\/p>\n<p>Ange sv\u00e5righetsgraden p\u00e5 Dina symtom den senaste veckan:<\/p>\n<p>V\u00e4rk\/sm\u00e4rta i arm, axel eller hand<\/p>\n<p>Ingen \u2013 L\u00e4tt \u2013 M\u00e5ttlig \u2013 Sv\u00e5r \u2013 Mycket sv\u00e5r<\/p>\n<p>Stickningar (sockerdricksk\u00e4nsla) i arm, axel eller hand<\/p>\n<p>Ingen \u2013 L\u00e4tt \u2013 M\u00e5ttlig \u2013 Sv\u00e5r \u2013 Mycket sv\u00e5r<\/p>\n<p>Har Du haft sv\u00e5rt att sova, under den senaste veckan, p\u00e5 grund av v\u00e4rk\/sm\u00e4rta i arm, axel eller hand?<\/p>\n<p>Inte alls \u2013 Viss sv\u00e5righet \u2013 M\u00e5ttlig sv\u00e5righet \u2013 Stor sv\u00e5righet \u2013 Mycket stor sv\u00e5righet<\/p>\n<p>&nbsp;<\/p>\n<p>Upplevelseenk\u00e4ten<\/p>\n<p>Vi inom handkirurgin vill kunna erbjuda b\u00e4sta m\u00f6jliga v\u00e5rd. D\u00e4rf\u00f6r skulle vi uppskatta om du har m\u00f6jlighet att svara p\u00e5 dessa fr\u00e5gor som g\u00e4ller dina upplevelser av v\u00e5rden f\u00f6re, under och efter din handkirurgiska operation. Dina svar ska spegla hela v\u00e5rdf\u00f6rloppet och m\u00f6tet med samtliga yrkeskategorier.<\/p>\n<p>Operationsdatum: ____-__-__<\/p>\n<p>&nbsp;<\/p>\n<p>V\u00e4nligen svara p\u00e5 fr\u00e5gorna i skala 1-5, d\u00e4r 1= Nej, inte alls och 5= Ja, helt och h\u00e5llet.<br \/>\n1. Var personalen insatt i dina tidigare kontakter med v\u00e5rden i den utstr\u00e4ckning du \u00f6nskade? 1 2 3 4 5<br \/>\n2. Var du delaktig i besluten betr\u00e4ffande din v\u00e5rd\/behandling i den utstr\u00e4ckning du \u00f6nskade? 1 2 3 4 5<br \/>\n3. Fick du tillr\u00e4ckligt med information om din v\u00e5rd\/behandling? 1 2 3 4 5<br \/>\n4. Upplevde du att du blev opererad inom rimlig tid? 1 2 3 4 5<br \/>\n5. Fungerande sm\u00e4rtlindringen tillfredst\u00e4llande n\u00e4r du kommit hem efter operationen? 1 2 3 4 5<br \/>\n6. Bem\u00f6tte personalen dig med medk\u00e4nsla och omsorg? 1 2 3 4 5<br \/>\n7. K\u00e4nde du f\u00f6rtroende f\u00f6r den v\u00e5rdpersonalen du tr\u00e4ffade? 1 2 3 4 5<br \/>\n8. Skulle du rekommendera mottagningen\/enheten till n\u00e5gon i din situation? 1 2 3 4 5<\/p>\n<p>Tack f\u00f6r din medverkan!<\/p>\n<p>Om du har ytterligare synpunkter som du vill framf\u00f6ra, kontakta g\u00e4rna enheten d\u00e4r du behandlades.<\/p>\n","protected":false},"excerpt":{"rendered":"<p>Enk\u00e4tinformation HAKIR (Handkirurgiskt kvalitetsregister) arbetar kontinuerligt med att ytterligare f\u00f6rb\u00e4ttra kvaliteten p\u00e5 den v\u00e5rd som ges. Att f\u00e5 ta del av dina skattade besv\u00e4r och din funktion i hand\/arm samt dina erfarenheter av v\u00e5rdupplevelsen hj\u00e4lper oss att utveckla och f\u00f6rb\u00e4ttra v\u00e5rden. Vi har tv\u00e5 olika enk\u00e4ter: en enk\u00e4t d\u00e4r du skattar dina besv\u00e4r och funktion&#8230; <a class=\"read-more\" href=\"https:\/\/rcsyd.se\/hakir\/patientinformation\/enkatinformation\">L\u00e4s mer<\/a><\/p>\n","protected":false},"author":3,"featured_media":0,"parent":3680,"menu_order":0,"comment_status":"closed","ping_status":"closed","template":"","meta":{"_acf_changed":false,"footnotes":""},"acf":[],"_links":{"self":[{"href":"https:\/\/rcsyd.se\/hakir\/wp-json\/wp\/v2\/pages\/4167"}],"collection":[{"href":"https:\/\/rcsyd.se\/hakir\/wp-json\/wp\/v2\/pages"}],"about":[{"href":"https:\/\/rcsyd.se\/hakir\/wp-json\/wp\/v2\/types\/page"}],"author":[{"embeddable":true,"href":"https:\/\/rcsyd.se\/hakir\/wp-json\/wp\/v2\/users\/3"}],"replies":[{"embeddable":true,"href":"https:\/\/rcsyd.se\/hakir\/wp-json\/wp\/v2\/comments?post=4167"}],"version-history":[{"count":1,"href":"https:\/\/rcsyd.se\/hakir\/wp-json\/wp\/v2\/pages\/4167\/revisions"}],"predecessor-version":[{"id":4168,"href":"https:\/\/rcsyd.se\/hakir\/wp-json\/wp\/v2\/pages\/4167\/revisions\/4168"}],"up":[{"embeddable":true,"href":"https:\/\/rcsyd.se\/hakir\/wp-json\/wp\/v2\/pages\/3680"}],"wp:attachment":[{"href":"https:\/\/rcsyd.se\/hakir\/wp-json\/wp\/v2\/media?parent=4167"}],"curies":[{"name":"wp","href":"https:\/\/api.w.org\/{rel}","templated":true}]}}