{"id":3980,"date":"2025-12-12T17:08:31","date_gmt":"2025-12-12T17:08:31","guid":{"rendered":"https:\/\/rcsyd.se\/hakir\/?page_id=3980"},"modified":"2026-04-14T13:16:51","modified_gmt":"2026-04-14T13:16:51","slug":"capio-lakargruppen-orebro","status":"publish","type":"page","link":"https:\/\/rcsyd.se\/hakir\/deltagande-enheter\/capio-lakargruppen-orebro","title":{"rendered":"Capio L\u00e4kargruppen Specialistsjukhus AB"},"content":{"rendered":"<article id=\"post-4394\" class=\"post-4394 page type-page status-publish hentry\">\n<header class=\"entry-header\">\n<h1 class=\"entry-title\">Capio L\u00e4kargruppen Specialistsjukhus AB<\/h1>\n<p>Detta \u00e4r en av HAKIR:s (Handkirurgiskt kvalitetsregister) anslutna enheter. Nedan finner du enhetens kontaktuppgifter.<\/p>\n<\/header>\n<div class=\"entry-content\">\n<p><strong>Enhetens adress<br \/>\n<\/strong>Capio L\u00e4kargruppen Specialistsjukhus AB<br \/>\nManillagatan 1<br \/>\n702 12 \u00d6rebro<\/p>\n<p><strong>Verksamhetschef<br \/>\n<\/strong>Anita Holmqvist<\/p>\n<p><strong>HAKIR-Koordinator<br \/>\n<\/strong>Johan Niklasson<\/p>\n<p><strong>Grundregistrering<br \/>\n<\/strong>Ja<\/p>\n<p><strong>Ut\u00f6kad registrering<br \/>\n<\/strong>Proteskirurgi med skanning<\/p>\n<h2>Enhetschef<\/h2>\n<p><strong>Gunilla Bostr\u00f6m<\/strong><br \/>\nE-post: <a href=\"mailto:Gunilla.Bostrom@capio.se\">Gunilla.Bostrom@capio.se<\/a><br \/>\nTelefon: 072-710 95 14<\/p>\n<h2>Mottagning och rehab<\/h2>\n<p><strong>Johan Niklasson<\/strong><br \/>\nHAKIR-koordinator<br \/>\nE-post: <a href=\"mailto:johan.niklasson@capio.se\">johan.niklasson@capio.se<\/a><br \/>\nTelefon: 019-500 25 23<\/p>\n<h2>Administration<\/h2>\n<p><strong>Hanna Borneskog<\/strong><br \/>\nE-post<strong>: <\/strong><a href=\"mailto:hanna.borneskog@capio.se\">hanna.borneskog@capio.se<\/a><br \/>\nTelefon: 019-15 95 16<\/p>\n<h2>L\u00e4kare<\/h2>\n<p><strong>H\u00e5kan Alnehill<\/strong><br \/>\n\u00d6verl\u00e4kare<\/p>\n<h2>Mer information<\/h2>\n<p><a href=\"https:\/\/www.capio.se\/hitta-mottagning\/specialistvard\/lakargruppen\/\" target=\"_blank\" rel=\"noopener\">Klicka h\u00e4r f\u00f6r att komma till mer information hos Capio.<\/a><\/p>\n<\/div>\n<\/article>\n","protected":false},"excerpt":{"rendered":"<p>Capio L\u00e4kargruppen Specialistsjukhus AB Detta \u00e4r en av HAKIR:s (Handkirurgiskt kvalitetsregister) anslutna enheter. Nedan finner du enhetens kontaktuppgifter. Enhetens adress Capio L\u00e4kargruppen Specialistsjukhus AB Manillagatan 1 702 12 \u00d6rebro Verksamhetschef Anita Holmqvist HAKIR-Koordinator Johan Niklasson Grundregistrering Ja Ut\u00f6kad registrering Proteskirurgi med skanning Enhetschef Gunilla Bostr\u00f6m E-post: Gunilla.Bostrom@capio.se Telefon: 072-710 95 14 Mottagning och rehab Johan&#8230; <a class=\"read-more\" href=\"https:\/\/rcsyd.se\/hakir\/deltagande-enheter\/capio-lakargruppen-orebro\">L\u00e4s mer<\/a><\/p>\n","protected":false},"author":3,"featured_media":0,"parent":2714,"menu_order":0,"comment_status":"closed","ping_status":"closed","template":"","meta":{"_acf_changed":false,"footnotes":""},"acf":[],"_links":{"self":[{"href":"https:\/\/rcsyd.se\/hakir\/wp-json\/wp\/v2\/pages\/3980"}],"collection":[{"href":"https:\/\/rcsyd.se\/hakir\/wp-json\/wp\/v2\/pages"}],"about":[{"href":"https:\/\/rcsyd.se\/hakir\/wp-json\/wp\/v2\/types\/page"}],"author":[{"embeddable":true,"href":"https:\/\/rcsyd.se\/hakir\/wp-json\/wp\/v2\/users\/3"}],"replies":[{"embeddable":true,"href":"https:\/\/rcsyd.se\/hakir\/wp-json\/wp\/v2\/comments?post=3980"}],"version-history":[{"count":8,"href":"https:\/\/rcsyd.se\/hakir\/wp-json\/wp\/v2\/pages\/3980\/revisions"}],"predecessor-version":[{"id":4751,"href":"https:\/\/rcsyd.se\/hakir\/wp-json\/wp\/v2\/pages\/3980\/revisions\/4751"}],"up":[{"embeddable":true,"href":"https:\/\/rcsyd.se\/hakir\/wp-json\/wp\/v2\/pages\/2714"}],"wp:attachment":[{"href":"https:\/\/rcsyd.se\/hakir\/wp-json\/wp\/v2\/media?parent=3980"}],"curies":[{"name":"wp","href":"https:\/\/api.w.org\/{rel}","templated":true}]}}