{"id":3976,"date":"2025-12-06T16:43:16","date_gmt":"2025-12-06T16:43:16","guid":{"rendered":"https:\/\/rcsyd.se\/hakir\/?page_id=3976"},"modified":"2026-03-20T15:13:57","modified_gmt":"2026-03-20T15:13:57","slug":"handcenter-oresund","status":"publish","type":"page","link":"https:\/\/rcsyd.se\/hakir\/deltagande-enheter\/handcenter-oresund","title":{"rendered":"HandCenter \u00d6resund"},"content":{"rendered":"<article id=\"post-6621\" class=\"post-6621 page type-page status-publish hentry\">\n<header class=\"entry-header\">\n<h1 class=\"entry-title\">HandCenter \u00d6resund<\/h1>\n<p>Detta \u00e4r en av HAKIR:s (Handkirurgiskt kvalitetsregister) anslutna enheter. Nedan finner du enhetens kontaktuppgifter.<\/p>\n<\/header>\n<div class=\"entry-content\">\n<p><strong>Enhetens adress<br \/>\n<\/strong>HandCenter \u00d6resund<br \/>\nRegementsgatan 35<br \/>\n217 53 Malm\u00f6<\/p>\n<p><strong>Verksamhetschef<br \/>\n<\/strong>Ulrika Olbe<\/p>\n<p><strong>Enhetschef<br \/>\n<\/strong>Marie Victor<\/p>\n<p><strong>HAKIR-koordinatorer<br \/>\n<\/strong>Monika Juhasz<\/p>\n<p><strong>Grundregistrering<br \/>\n<\/strong>Ja<\/p>\n<p><strong>Ut\u00f6kad registrering<br \/>\n<\/strong>Tumbaskirurgi, proteskirurgi (enbart kirurgin, ej funktion)<\/p>\n<h2>Administration<\/h2>\n<p><strong>Monika Juhasz<\/strong><br \/>\nHAKIR-koordinator<br \/>\nE-post: <a href=\"mailto:monika.juhasz@handcenter.se\">monika.juhasz@handcenter.se<\/a><br \/>\nTelefon: 040-633 79 22<\/p>\n<h2>Mottagning<\/h2>\n<p><strong>Ritva Hotait<\/strong><br \/>\nE-post: <a href=\"mailto:ritva.hotait@handcenter.se\">ritva.hotait@handcenter.se<\/a><\/p>\n<h2>Operation<\/h2>\n<p><strong>Marie Victor<\/strong><br \/>\nE-post: <a href=\"mailto:marie.victor@handcenter.se\">marie.victor@handcenter.se<\/a><\/p>\n<h2>L\u00e4kare<\/h2>\n<p><strong>Anette Chemnitz<br \/>\n<\/strong>E-post: <a href=\"mailto:anette.chemnitz@handcenter.se\">anette.chemnitz@handcenter.se<\/a><\/p>\n<h2>Mer information<\/h2>\n<p><a href=\"https:\/\/handcenter.se\/kliniker\/malmo\/\" target=\"_blank\" rel=\"noopener\">Klicka h\u00e4r f\u00f6r att komma till mer information hos Atleva.<\/a><\/p>\n<\/div>\n<\/article>\n","protected":false},"excerpt":{"rendered":"<p>HandCenter \u00d6resund Detta \u00e4r en av HAKIR:s (Handkirurgiskt kvalitetsregister) anslutna enheter. Nedan finner du enhetens kontaktuppgifter. Enhetens adress HandCenter \u00d6resund Regementsgatan 35 217 53 Malm\u00f6 Verksamhetschef Ulrika Olbe Enhetschef Marie Victor HAKIR-koordinatorer Monika Juhasz Grundregistrering Ja Ut\u00f6kad registrering Tumbaskirurgi, proteskirurgi (enbart kirurgin, ej funktion) Administration Monika Juhasz HAKIR-koordinator E-post: monika.juhasz@handcenter.se Telefon: 040-633 79 22 Mottagning&#8230; <a class=\"read-more\" href=\"https:\/\/rcsyd.se\/hakir\/deltagande-enheter\/handcenter-oresund\">L\u00e4s mer<\/a><\/p>\n","protected":false},"author":3,"featured_media":0,"parent":2714,"menu_order":0,"comment_status":"closed","ping_status":"closed","template":"","meta":{"_acf_changed":false,"footnotes":""},"acf":[],"_links":{"self":[{"href":"https:\/\/rcsyd.se\/hakir\/wp-json\/wp\/v2\/pages\/3976"}],"collection":[{"href":"https:\/\/rcsyd.se\/hakir\/wp-json\/wp\/v2\/pages"}],"about":[{"href":"https:\/\/rcsyd.se\/hakir\/wp-json\/wp\/v2\/types\/page"}],"author":[{"embeddable":true,"href":"https:\/\/rcsyd.se\/hakir\/wp-json\/wp\/v2\/users\/3"}],"replies":[{"embeddable":true,"href":"https:\/\/rcsyd.se\/hakir\/wp-json\/wp\/v2\/comments?post=3976"}],"version-history":[{"count":1,"href":"https:\/\/rcsyd.se\/hakir\/wp-json\/wp\/v2\/pages\/3976\/revisions"}],"predecessor-version":[{"id":4005,"href":"https:\/\/rcsyd.se\/hakir\/wp-json\/wp\/v2\/pages\/3976\/revisions\/4005"}],"up":[{"embeddable":true,"href":"https:\/\/rcsyd.se\/hakir\/wp-json\/wp\/v2\/pages\/2714"}],"wp:attachment":[{"href":"https:\/\/rcsyd.se\/hakir\/wp-json\/wp\/v2\/media?parent=3976"}],"curies":[{"name":"wp","href":"https:\/\/api.w.org\/{rel}","templated":true}]}}