{"id":3972,"date":"2025-12-02T15:24:37","date_gmt":"2025-12-02T15:24:37","guid":{"rendered":"https:\/\/rcsyd.se\/hakir\/?page_id=3972"},"modified":"2026-03-20T15:15:16","modified_gmt":"2026-03-20T15:15:16","slug":"sahlgrenska-universitetssjukhuset-molndal","status":"publish","type":"page","link":"https:\/\/rcsyd.se\/hakir\/deltagande-enheter\/sahlgrenska-universitetssjukhuset-molndal","title":{"rendered":"Sahlgrenska Universitetssjukhuset M\u00f6lndal"},"content":{"rendered":"<header class=\"entry-header\">\n<h1 class=\"entry-title\">Sahlgrenska Universitetssjukhuset M\u00f6lndal<\/h1>\n<p>Detta \u00e4r en av HAKIR:s (Handkirurgiskt kvalitetsregister) anslutna enheter. Nedan finner du enhetens kontaktuppgifter.<\/p>\n<\/header>\n<div class=\"entry-content\">\n<p><strong>Enhetens adress<br \/>\n<\/strong>Vo Handkirurgi, Sahlgrenska Universitetssjukhuset\/M\u00f6lndals sjukhus<br \/>\nV\u00e5ning 8, L\u00e4nsmansgatan 20<br \/>\n431 80 M\u00f6lndal<\/p>\n<p><strong>Verksamhetschef<br \/>\n<\/strong>Martin Bystr\u00f6m<\/p>\n<p><strong>HAKIR-koordinator<br \/>\n<\/strong>Catharina Hagstedt<\/p>\n<p><strong>Grundregistrering<br \/>\n<\/strong>Ja<\/p>\n<p><strong>Ut\u00f6kad registrering<\/strong><\/p>\n<p>Medf\u00f6dda avvikelser<\/p>\n<h2>Administration<\/h2>\n<p><strong>Catharina Hagstedt<\/strong><br \/>\nHAKIR-koordinator<br \/>\nE-post:\u00a0<a href=\"mailto:catharina.hagstedt@vgregion.se\">catharina.hagstedt@vgregion.se<\/a><br \/>\nTelefon: 031-3423091<\/p>\n<h2>Mottagning<\/h2>\n<p><strong>Christina Johansson<\/strong><br \/>\nSjuksk\u00f6terska<br \/>\nE-post: <a href=\"mailto:christina.melin.johansson@vgregion.se\">christina.melin.johansson@vgregion.se<\/a><\/p>\n<h2>Operation<\/h2>\n<p><strong>\u00c5sa Kul\u00e9n<\/strong><\/p>\n<h2>Rehab<\/h2>\n<p><strong>Annika Dahlgren<\/strong><br \/>\nLegitimerad arbetsterapeut<br \/>\n<span lang=\"EN-GB\">E-post:\u00a0<a href=\"mailto:annika.dahlgren@vgregion.se\">annika.dahlgren@vgregion.se<\/a><\/span><\/p>\n<h2>L\u00e4kare<\/h2>\n<p><strong>Camille Raphenon<\/strong><br \/>\nE-post:<span lang=\"EN-GB\"> <a href=\"mailto:camille.raphenon@vgregion.se\">camille.raphenon@vgregion.se<\/a><\/span><\/p>\n<h2>Mer information<\/h2>\n<p><a href=\"https:\/\/www.sahlgrenska.se\/omraden\/omrade-3\/verksamhet-handkirurgi\/\" target=\"_blank\" rel=\"noopener\">Klicka h\u00e4r f\u00f6r att komma till mer information hos Sahlgrenska Universitetssjukhuset.<\/a><\/p>\n<\/div>\n","protected":false},"excerpt":{"rendered":"<p>Sahlgrenska Universitetssjukhuset M\u00f6lndal Detta \u00e4r en av HAKIR:s (Handkirurgiskt kvalitetsregister) anslutna enheter. Nedan finner du enhetens kontaktuppgifter. Enhetens adress Vo Handkirurgi, Sahlgrenska Universitetssjukhuset\/M\u00f6lndals sjukhus V\u00e5ning 8, L\u00e4nsmansgatan 20 431 80 M\u00f6lndal Verksamhetschef Martin Bystr\u00f6m HAKIR-koordinator Catharina Hagstedt Grundregistrering Ja Ut\u00f6kad registrering Medf\u00f6dda avvikelser Administration Catharina Hagstedt HAKIR-koordinator E-post:\u00a0catharina.hagstedt@vgregion.se Telefon: 031-3423091 Mottagning Christina Johansson Sjuksk\u00f6terska E-post:&#8230; <a class=\"read-more\" href=\"https:\/\/rcsyd.se\/hakir\/deltagande-enheter\/sahlgrenska-universitetssjukhuset-molndal\">L\u00e4s mer<\/a><\/p>\n","protected":false},"author":3,"featured_media":0,"parent":2714,"menu_order":0,"comment_status":"closed","ping_status":"closed","template":"","meta":{"_acf_changed":false,"footnotes":""},"acf":[],"_links":{"self":[{"href":"https:\/\/rcsyd.se\/hakir\/wp-json\/wp\/v2\/pages\/3972"}],"collection":[{"href":"https:\/\/rcsyd.se\/hakir\/wp-json\/wp\/v2\/pages"}],"about":[{"href":"https:\/\/rcsyd.se\/hakir\/wp-json\/wp\/v2\/types\/page"}],"author":[{"embeddable":true,"href":"https:\/\/rcsyd.se\/hakir\/wp-json\/wp\/v2\/users\/3"}],"replies":[{"embeddable":true,"href":"https:\/\/rcsyd.se\/hakir\/wp-json\/wp\/v2\/comments?post=3972"}],"version-history":[{"count":5,"href":"https:\/\/rcsyd.se\/hakir\/wp-json\/wp\/v2\/pages\/3972\/revisions"}],"predecessor-version":[{"id":4499,"href":"https:\/\/rcsyd.se\/hakir\/wp-json\/wp\/v2\/pages\/3972\/revisions\/4499"}],"up":[{"embeddable":true,"href":"https:\/\/rcsyd.se\/hakir\/wp-json\/wp\/v2\/pages\/2714"}],"wp:attachment":[{"href":"https:\/\/rcsyd.se\/hakir\/wp-json\/wp\/v2\/media?parent=3972"}],"curies":[{"name":"wp","href":"https:\/\/api.w.org\/{rel}","templated":true}]}}