{"id":3969,"date":"2025-11-29T14:57:42","date_gmt":"2025-11-29T14:57:42","guid":{"rendered":"https:\/\/rcsyd.se\/hakir\/?page_id=3969"},"modified":"2026-03-20T15:16:15","modified_gmt":"2026-03-20T15:16:15","slug":"universitetssjukhuset-linkoping","status":"publish","type":"page","link":"https:\/\/rcsyd.se\/hakir\/deltagande-enheter\/universitetssjukhuset-linkoping","title":{"rendered":"Universitetssjukhuset Link\u00f6ping"},"content":{"rendered":"<h1>Universitetssjukhuset Link\u00f6ping<\/h1>\n<p>Detta \u00e4r en av HAKIR:s (Handkirurgiskt kvalitetsregister) anslutna enheter. Nedan finner du enhetens kontaktuppgifter.<\/p>\n<p><strong>Enhetens adress<br \/>\n<\/strong>Hand- och plastikkirurgkliniken, Universitetssjukhuset<br \/>\n581 85 Link\u00f6ping<\/p>\n<p><strong>Gemensam e-postadress<\/strong><br \/>\n<a href=\"mailto:HandochplastikkirklinRc@regionostergotland.se\">HandochplastikkirklinRc@regionostergotland.se<\/a><\/p>\n<p><strong>Verksamhetschef<br \/>\n<\/strong>Pia Olofsson<\/p>\n<p><strong>HAKIR-koordinator<br \/>\n<\/strong>Sandra Johansson och Lisa Granberg<\/p>\n<p><strong>Grundregistrering<br \/>\n<\/strong>Ja<\/p>\n<p><strong>Ut\u00f6kad registrering<br \/>\n<\/strong>Tumbasartros, flexorsenskador, nervskador handledsniv\u00e5, proteskirurgi skanning, medf\u00f6dda avvikelser, cerebral pares<\/p>\n<h2>Administration<\/h2>\n<p><strong>Sandra Johansson<\/strong><br \/>\nV\u00e5rdadministrat\u00f6r (HAKIR-koordinator)<br \/>\nE-post: \u00a0<a href=\"mailto:sandra.ma.johansson@regionostergotland.se\">sandra.ma.johansson@regionostergotland.se<\/a><br \/>\nTelefon:\u00a0 010-103 00 00<\/p>\n<p><strong>Lisa Carlfjord<br \/>\n<\/strong>E-post: <a href=\"mailto:Lisa.Carlfjord@regionostergotland.se\">Lisa.Carlfjord@regionostergotland.se<\/a><br \/>\nTelefon:\u00a0 010-103 00 00<\/p>\n<h2>Rehab<\/h2>\n<p><strong>Linn\u00e9a Lindell<\/strong><br \/>\nLegitimerad arbetsterapeut<\/p>\n<p><strong>Jonas Svingen<\/strong><br \/>\nLegitimerad sjukgymnast<\/p>\n<p><strong>Klara Leonardsson<\/strong><br \/>\nLegitimerad arbetsterapeut<\/p>\n<h2>L\u00e4kare<\/h2>\n<p><strong>Markus Renberg<\/strong><br \/>\nL\u00e4kare<br \/>\nE-post:\u00a0<a href=\"mailto:markus.renberg@regionostergotland.se\">markus.renberg@regionostergotland.se<\/a><\/p>\n<h2>Mer information<\/h2>\n<p><a href=\"https:\/\/www.1177.se\/hitta-vard\/kontaktkort\/Hand-och-plastikkirurgiska-kliniken-US-Linkoping\/\" target=\"_blank\" rel=\"noopener\">Klicka h\u00e4r f\u00f6r att komma till mer information hos 1177.<\/a><\/p>\n","protected":false},"excerpt":{"rendered":"<p>Universitetssjukhuset Link\u00f6ping Detta \u00e4r en av HAKIR:s (Handkirurgiskt kvalitetsregister) anslutna enheter. Nedan finner du enhetens kontaktuppgifter. Enhetens adress Hand- och plastikkirurgkliniken, Universitetssjukhuset 581 85 Link\u00f6ping Gemensam e-postadress HandochplastikkirklinRc@regionostergotland.se Verksamhetschef Pia Olofsson HAKIR-koordinator Sandra Johansson och Lisa Granberg Grundregistrering Ja Ut\u00f6kad registrering Tumbasartros, flexorsenskador, nervskador handledsniv\u00e5, proteskirurgi skanning, medf\u00f6dda avvikelser, cerebral pares Administration Sandra Johansson V\u00e5rdadministrat\u00f6r&#8230; <a class=\"read-more\" href=\"https:\/\/rcsyd.se\/hakir\/deltagande-enheter\/universitetssjukhuset-linkoping\">L\u00e4s mer<\/a><\/p>\n","protected":false},"author":3,"featured_media":0,"parent":2714,"menu_order":0,"comment_status":"closed","ping_status":"closed","template":"","meta":{"_acf_changed":false,"footnotes":""},"acf":[],"_links":{"self":[{"href":"https:\/\/rcsyd.se\/hakir\/wp-json\/wp\/v2\/pages\/3969"}],"collection":[{"href":"https:\/\/rcsyd.se\/hakir\/wp-json\/wp\/v2\/pages"}],"about":[{"href":"https:\/\/rcsyd.se\/hakir\/wp-json\/wp\/v2\/types\/page"}],"author":[{"embeddable":true,"href":"https:\/\/rcsyd.se\/hakir\/wp-json\/wp\/v2\/users\/3"}],"replies":[{"embeddable":true,"href":"https:\/\/rcsyd.se\/hakir\/wp-json\/wp\/v2\/comments?post=3969"}],"version-history":[{"count":4,"href":"https:\/\/rcsyd.se\/hakir\/wp-json\/wp\/v2\/pages\/3969\/revisions"}],"predecessor-version":[{"id":3999,"href":"https:\/\/rcsyd.se\/hakir\/wp-json\/wp\/v2\/pages\/3969\/revisions\/3999"}],"up":[{"embeddable":true,"href":"https:\/\/rcsyd.se\/hakir\/wp-json\/wp\/v2\/pages\/2714"}],"wp:attachment":[{"href":"https:\/\/rcsyd.se\/hakir\/wp-json\/wp\/v2\/media?parent=3969"}],"curies":[{"name":"wp","href":"https:\/\/api.w.org\/{rel}","templated":true}]}}